{"id":2216,"date":"2022-10-20T15:00:49","date_gmt":"2022-10-20T13:00:49","guid":{"rendered":"https:\/\/www.tpl-vision.com\/overview\/non%20class\u00e9\/low-angle-ii\/"},"modified":"2026-03-30T15:58:16","modified_gmt":"2026-03-30T13:58:16","slug":"low-angle-ii","status":"publish","type":"product","link":"https:\/\/www.tpl-vision.com\/fr\/vuedensemble\/eclairages-rasants-fr\/low-angle-ii\/","title":{"rendered":"Low Angle II"},"content":{"rendered":"\n<div class=\"wp-block-buttons is-layout-flex wp-block-buttons-is-layout-flex\">\n<div class=\"wp-block-button has-custom-font-size aligncenter has-medium-font-size\"><a class=\"wp-block-button__link has-vivid-red-background-color has-background wp-element-button\" href=\"https:\/\/www.tpl-vision.com\/documents\/techsheets\/TPL_Comparison_Sheet_SD_LA_MR_FR.pdf\" style=\"border-radius:0px\" target=\"_blank\" rel=\"noreferrer noopener\">Comparaison: Low Angle II vs MR-Low Angle<\/a><\/div>\n<\/div>\n\n<div style=\"height:30px\" aria-hidden=\"true\" class=\"wp-block-spacer\"><\/div>\n\n<h2 class=\"wp-block-heading\">Informations techniques<\/h2>\n\n<p><em>Veuillez cliquer sur les onglets ci-dessous.<\/em><\/p>\n\n<div class=\"wp-block-pb-accordion-item c-accordion__item js-accordion-item no-js\" data-initially-open=\"false\" data-click-to-close=\"true\" data-auto-close=\"true\" data-scroll=\"false\" data-scroll-offset=\"0\"><h3 id=\"at-21780\" class=\"c-accordion__title js-accordion-controller\" role=\"button\">M\u00e9thode d&rsquo;\u00e9clairage<\/h3><div id=\"ac-21780\" class=\"c-accordion__content\">\n<figure class=\"wp-block-image size-full is-resized\"><img fetchpriority=\"high\" decoding=\"async\" width=\"500\" height=\"500\" src=\"https:\/\/www.tpl-vision.com\/wp-content\/uploads\/2024\/07\/TPL_LightingMethod_Low_Angle.jpg\" alt=\"mr low angle\" class=\"wp-image-18108\" style=\"width:322px;height:322px\" srcset=\"https:\/\/www.tpl-vision.com\/wp-content\/uploads\/2024\/07\/TPL_LightingMethod_Low_Angle.jpg 500w, https:\/\/www.tpl-vision.com\/wp-content\/uploads\/2024\/07\/TPL_LightingMethod_Low_Angle-300x300.jpg 300w, https:\/\/www.tpl-vision.com\/wp-content\/uploads\/2024\/07\/TPL_LightingMethod_Low_Angle-150x150.jpg 150w, https:\/\/www.tpl-vision.com\/wp-content\/uploads\/2024\/07\/TPL_LightingMethod_Low_Angle-360x360.jpg 360w, https:\/\/www.tpl-vision.com\/wp-content\/uploads\/2024\/07\/TPL_LightingMethod_Low_Angle-175x175.jpg 175w, https:\/\/www.tpl-vision.com\/wp-content\/uploads\/2024\/07\/TPL_LightingMethod_Low_Angle-40x40.jpg 40w, https:\/\/www.tpl-vision.com\/wp-content\/uploads\/2024\/07\/TPL_LightingMethod_Low_Angle-55x55.jpg 55w, https:\/\/www.tpl-vision.com\/wp-content\/uploads\/2024\/07\/TPL_LightingMethod_Low_Angle-100x100.jpg 100w\" sizes=\"(max-width: 500px) 100vw, 500px\" \/><\/figure>\n<\/div><\/div>\n\n<div class=\"wp-block-pb-accordion-item c-accordion__item js-accordion-item no-js\" data-initially-open=\"false\" data-click-to-close=\"true\" data-auto-close=\"true\" data-scroll=\"false\" data-scroll-offset=\"0\"><h3 id=\"at-21781\" class=\"c-accordion__title js-accordion-controller\" role=\"button\">Constructeur de r\u00e9f\u00e9rence<\/h3><div id=\"ac-21781\" class=\"c-accordion__content\">\n<figure class=\"wp-block-image size-full\"><a href=\"https:\/\/www.tpl-vision.com\/wp-content\/uploads\/2023\/03\/TPL_LOW-ANGLE_II_Reference_Builder_FR.jpg\"><img decoding=\"async\" src=\"https:\/\/www.tpl-vision.com\/wp-content\/uploads\/2023\/03\/TPL_LOW-ANGLE_II_Reference_Builder_FR.jpg\" alt=\"low angle ii\" class=\"wp-image-12460\"\/><\/a><\/figure>\n<\/div><\/div>\n","protected":false},"excerpt":{"rendered":"<p>Le <strong>LOW ANGLE II<\/strong> est un \u00e9clairage de type <strong>rasant<\/strong>, tr\u00e8s appr\u00e9ci\u00e9 des professionnels de la vision. \u00c9quip\u00e9e de <strong>nouvelles leds,<\/strong> cette version est <strong>4 \u00e0 5 fois plus puissante que la pr\u00e9c\u00e9dente<\/strong> (pour les leds blanches et rouges). Positionn\u00e9e au plus <strong>pr\u00e8s<\/strong> de la surface, elle \u00e9claire avec <strong>un angle d\u2019incidence peu \u00e9lev\u00e9.<\/strong><\/p>\n<p>Cela qui lui permet de d\u00e9tecter toute sorte de reliefs sur des surfaces planes. Le LOW ANGLE II s\u2019av\u00e8re tr\u00e8s utile pour la v\u00e9rification de gravures et la mise en relief d\u2019ar\u00eates, de trous, de fissures.<\/p>\n<p>D\u00e9clin\u00e9 en deux tailles (80 mm et 130 mm), il peut \u00eatre facilement install\u00e9 sur une cha\u00eene de production, gr\u00e2ce notamment \u00e0 son nouveau connecteur M12. Le LOW ANGLE II sait faire face aux standards industriels les plus <strong>exigeants<\/strong>, que ce soit en mode <strong>continu<\/strong> ou en mode <strong>strobe<\/strong>.<\/p>\n","protected":false},"featured_media":24088,"comment_status":"closed","ping_status":"closed","template":"","meta":{"_seopress_robots_primary_cat":"none","_seopress_titles_title":"","_seopress_titles_desc":"","_seopress_robots_index":"","_monsterinsights_skip_tracking":false,"_monsterinsights_sitenote_active":false,"_monsterinsights_sitenote_note":"","_monsterinsights_sitenote_category":0},"product_cat":[85],"product_tag":[],"_links":{"self":[{"href":"https:\/\/www.tpl-vision.com\/fr\/wp-json\/wp\/v2\/product\/2216"}],"collection":[{"href":"https:\/\/www.tpl-vision.com\/fr\/wp-json\/wp\/v2\/product"}],"about":[{"href":"https:\/\/www.tpl-vision.com\/fr\/wp-json\/wp\/v2\/types\/product"}],"replies":[{"embeddable":true,"href":"https:\/\/www.tpl-vision.com\/fr\/wp-json\/wp\/v2\/comments?post=2216"}],"wp:featuredmedia":[{"embeddable":true,"href":"https:\/\/www.tpl-vision.com\/fr\/wp-json\/wp\/v2\/media\/24088"}],"wp:attachment":[{"href":"https:\/\/www.tpl-vision.com\/fr\/wp-json\/wp\/v2\/media?parent=2216"}],"wp:term":[{"taxonomy":"product_cat","embeddable":true,"href":"https:\/\/www.tpl-vision.com\/fr\/wp-json\/wp\/v2\/product_cat?post=2216"},{"taxonomy":"product_tag","embeddable":true,"href":"https:\/\/www.tpl-vision.com\/fr\/wp-json\/wp\/v2\/product_tag?post=2216"}],"curies":[{"name":"wp","href":"https:\/\/api.w.org\/{rel}","templated":true}]}}