{"id":2218,"date":"2022-10-20T14:48:44","date_gmt":"2022-10-20T12:48:44","guid":{"rendered":"https:\/\/www.tpl-vision.com\/overview\/non%20class\u00e9\/small-sdome-ii\/"},"modified":"2025-10-06T12:13:44","modified_gmt":"2025-10-06T10:13:44","slug":"small-sdome-ii","status":"publish","type":"product","link":"https:\/\/www.tpl-vision.com\/fr\/vuedensemble\/dome-fr\/dome-fr-2\/small-sdome-ii\/","title":{"rendered":"Small SDOME II"},"content":{"rendered":"\n<div class=\"wp-block-buttons is-layout-flex wp-block-buttons-is-layout-flex\">\n<div class=\"wp-block-button has-custom-font-size aligncenter has-medium-font-size\"><a class=\"wp-block-button__link has-vivid-red-background-color has-background wp-element-button\" href=\"https:\/\/www.tpl-vision.com\/documents\/techsheets\/TPL_Comparison_Sheet_SD_LA_MR_FR.pdf\" style=\"border-radius:0px\" target=\"_blank\" rel=\"noreferrer noopener\">Comparaison: SDOME II vs MR-DOME<\/a><\/div>\n<\/div>\n\n\n\n<div style=\"height:30px\" aria-hidden=\"true\" class=\"wp-block-spacer\"><\/div>\n\n\n\n<h2 class=\"wp-block-heading\">Informations techniques<\/h2>\n\n\n\n<p><em>Veuillez cliquer sur les onglets ci-dessous.<\/em><\/p>\n\n\n\n<div class=\"wp-block-pb-accordion-item c-accordion__item js-accordion-item no-js\" data-initially-open=\"false\" data-click-to-close=\"true\" data-auto-close=\"true\" data-scroll=\"false\" data-scroll-offset=\"0\"><h3 id=\"at-22180\" class=\"c-accordion__title js-accordion-controller\" role=\"button\">M\u00e9thode d&rsquo;\u00e9clairage<\/h3><div id=\"ac-22180\" class=\"c-accordion__content\">\n<figure class=\"wp-block-image size-full is-resized\"><img fetchpriority=\"high\" decoding=\"async\" width=\"500\" height=\"500\" src=\"https:\/\/www.tpl-vision.com\/wp-content\/uploads\/2022\/10\/TPL_LightingMethod_DOME_2.jpg\" alt=\"\" class=\"wp-image-3316\" style=\"width:334px;height:334px\" srcset=\"https:\/\/www.tpl-vision.com\/wp-content\/uploads\/2022\/10\/TPL_LightingMethod_DOME_2.jpg 500w, https:\/\/www.tpl-vision.com\/wp-content\/uploads\/2022\/10\/TPL_LightingMethod_DOME_2-300x300.jpg 300w, https:\/\/www.tpl-vision.com\/wp-content\/uploads\/2022\/10\/TPL_LightingMethod_DOME_2-150x150.jpg 150w, https:\/\/www.tpl-vision.com\/wp-content\/uploads\/2022\/10\/TPL_LightingMethod_DOME_2-360x360.jpg 360w, https:\/\/www.tpl-vision.com\/wp-content\/uploads\/2022\/10\/TPL_LightingMethod_DOME_2-175x175.jpg 175w, https:\/\/www.tpl-vision.com\/wp-content\/uploads\/2022\/10\/TPL_LightingMethod_DOME_2-50x50.jpg 50w, https:\/\/www.tpl-vision.com\/wp-content\/uploads\/2022\/10\/TPL_LightingMethod_DOME_2-100x100.jpg 100w, https:\/\/www.tpl-vision.com\/wp-content\/uploads\/2022\/10\/TPL_LightingMethod_DOME_2-40x40.jpg 40w, https:\/\/www.tpl-vision.com\/wp-content\/uploads\/2022\/10\/TPL_LightingMethod_DOME_2-55x55.jpg 55w\" sizes=\"(max-width: 500px) 100vw, 500px\" \/><\/figure>\n<\/div><\/div>\n\n\n\n<div class=\"wp-block-pb-accordion-item c-accordion__item js-accordion-item no-js\" data-initially-open=\"false\" data-click-to-close=\"true\" data-auto-close=\"true\" data-scroll=\"false\" data-scroll-offset=\"0\"><h3 id=\"at-22181\" class=\"c-accordion__title js-accordion-controller\" role=\"button\">Constructeur de r\u00e9f\u00e9rence <\/h3><div id=\"ac-22181\" class=\"c-accordion__content\">\n<figure class=\"wp-block-image size-full\"><a href=\"https:\/\/www.tpl-vision.com\/wp-content\/uploads\/2023\/03\/TPL_SDOME_II_Reference_Builder_FR.jpg\"><img decoding=\"async\" src=\"https:\/\/www.tpl-vision.com\/wp-content\/uploads\/2023\/03\/TPL_SDOME_II_Reference_Builder_FR.jpg\" alt=\"small sdome ii\" class=\"wp-image-12456\"\/><\/a><\/figure>\n<\/div><\/div>\n","protected":false},"excerpt":{"rendered":"<p>Pourvus de <strong>nouvelles leds<\/strong>, le <strong>SMALL SDOME II<\/strong> est dot\u00e9 d\u2019une puissance lumineuse <strong>4 \u00e0 5 fois sup\u00e9rieure<\/strong> \u00e0 la version pr\u00e9c\u00e9dente pour les leds de couleurs blanche et rouge (WHI &amp; 630). Ainsi \u00e9quip\u00e9, il g\u00e9n\u00e8re un \u00e9clairage <strong>indirect diffus et homog\u00e8ne<\/strong>, permettant de parfaitement att\u00e9nuer les reflets, et donc d\u2019op\u00e9rer un contr\u00f4le qualit\u00e9 sans faille sur des surfaces bomb\u00e9es et brillantes.<\/p>\n<p><!-- wp:paragraph --><\/p>\n<p>Le SMALL SDOME II est \u00e9galement recommand\u00e9 pour la lecture de codes barres ou codes 2D. Son <strong>ing\u00e9nieux syst\u00e8me de clips<\/strong> permet de parfaitement adapter le diam\u00e8tre d\u2019ouverture situ\u00e9 au sommet du d\u00f4me aux objectifs de cam\u00e9ras.<\/p>\n<p><!-- \/wp:paragraph --><\/p>\n<p><!-- wp:paragraph --><\/p>\n<p>Disponible en <strong>deux tailles<\/strong> (80 mm et 130 mm), il r\u00e9pond aux standards industriels, y compris en terme de branchement (connecteur M12).<\/p>\n<p><!-- \/wp:paragraph --><\/p>\n","protected":false},"featured_media":24045,"comment_status":"closed","ping_status":"closed","template":"","meta":{"_seopress_robots_primary_cat":"none","_seopress_titles_title":"SDOME II - \u00e9clairage d\u00f4me de TPL Vision","_seopress_titles_desc":"","_seopress_robots_index":"","_monsterinsights_skip_tracking":false,"_monsterinsights_sitenote_active":false,"_monsterinsights_sitenote_note":"","_monsterinsights_sitenote_category":0},"product_cat":[76,492],"product_tag":[],"_links":{"self":[{"href":"https:\/\/www.tpl-vision.com\/fr\/wp-json\/wp\/v2\/product\/2218"}],"collection":[{"href":"https:\/\/www.tpl-vision.com\/fr\/wp-json\/wp\/v2\/product"}],"about":[{"href":"https:\/\/www.tpl-vision.com\/fr\/wp-json\/wp\/v2\/types\/product"}],"replies":[{"embeddable":true,"href":"https:\/\/www.tpl-vision.com\/fr\/wp-json\/wp\/v2\/comments?post=2218"}],"wp:featuredmedia":[{"embeddable":true,"href":"https:\/\/www.tpl-vision.com\/fr\/wp-json\/wp\/v2\/media\/24045"}],"wp:attachment":[{"href":"https:\/\/www.tpl-vision.com\/fr\/wp-json\/wp\/v2\/media?parent=2218"}],"wp:term":[{"taxonomy":"product_cat","embeddable":true,"href":"https:\/\/www.tpl-vision.com\/fr\/wp-json\/wp\/v2\/product_cat?post=2218"},{"taxonomy":"product_tag","embeddable":true,"href":"https:\/\/www.tpl-vision.com\/fr\/wp-json\/wp\/v2\/product_tag?post=2218"}],"curies":[{"name":"wp","href":"https:\/\/api.w.org\/{rel}","templated":true}]}}