{"id":2220,"date":"2022-10-20T14:45:00","date_gmt":"2022-10-20T12:45:00","guid":{"rendered":"https:\/\/www.tpl-vision.com\/overview\/non%20class\u00e9\/mr-dome\/"},"modified":"2025-10-06T12:12:56","modified_gmt":"2025-10-06T10:12:56","slug":"mr-dome","status":"publish","type":"product","link":"https:\/\/www.tpl-vision.com\/fr\/vuedensemble\/dome-fr\/dome-fr-2\/mr-dome\/","title":{"rendered":"MR-Dome"},"content":{"rendered":"\n<div class=\"wp-block-buttons is-layout-flex wp-block-buttons-is-layout-flex\">\n<div class=\"wp-block-button has-custom-font-size aligncenter is-style-fill has-medium-font-size\"><a class=\"wp-block-button__link has-vivid-red-background-color has-background wp-element-button\" href=\"https:\/\/www.tpl-vision.com\/documents\/techsheets\/TPL_Comparison_Sheet_SD_LA_MR_FR.pdf\" style=\"border-radius:0px\" target=\"_blank\" rel=\"noreferrer noopener\">Comparatif: MR-DOME vs SDOME II<\/a><\/div>\n<\/div>\n\n\n\n<div style=\"height:30px\" aria-hidden=\"true\" class=\"wp-block-spacer\"><\/div>\n\n\n\n<h2 class=\"wp-block-heading\">Pr\u00e9sentation produit<\/h2>\n\n\n\n<figure class=\"wp-block-embed is-type-video is-provider-vimeo wp-block-embed-vimeo wp-embed-aspect-16-9 wp-has-aspect-ratio\"><div class=\"wp-block-embed__wrapper\">\n<iframe title=\"Modular Ringlight by TPL Vision\" src=\"https:\/\/player.vimeo.com\/video\/991930552?h=5776ce96bf&amp;dnt=1&amp;app_id=122963\" width=\"800\" height=\"450\" frameborder=\"0\" allow=\"autoplay; fullscreen; picture-in-picture; clipboard-write; encrypted-media\"><\/iframe>\n<\/div><\/figure>\n\n\n\n<div style=\"height:30px\" aria-hidden=\"true\" class=\"wp-block-spacer\"><\/div>\n\n\n\n<h2 class=\"wp-block-heading\">Automaticon 2019<\/h2>\n\n\n\n<figure class=\"wp-block-image size-full\"><a href=\"https:\/\/www.tpl-vision.com\/wp-content\/uploads\/2022\/10\/Automaticon_Award_2019.jpeg\"><img fetchpriority=\"high\" decoding=\"async\" width=\"400\" height=\"256\" src=\"https:\/\/www.tpl-vision.com\/wp-content\/uploads\/2022\/10\/Automaticon_Award_2019.jpeg\" alt=\"\" class=\"wp-image-2436\" srcset=\"https:\/\/www.tpl-vision.com\/wp-content\/uploads\/2022\/10\/Automaticon_Award_2019.jpeg 400w, https:\/\/www.tpl-vision.com\/wp-content\/uploads\/2022\/10\/Automaticon_Award_2019-300x192.jpeg 300w, https:\/\/www.tpl-vision.com\/wp-content\/uploads\/2022\/10\/Automaticon_Award_2019-175x112.jpeg 175w, https:\/\/www.tpl-vision.com\/wp-content\/uploads\/2022\/10\/Automaticon_Award_2019-40x26.jpeg 40w, https:\/\/www.tpl-vision.com\/wp-content\/uploads\/2022\/10\/Automaticon_Award_2019-55x35.jpeg 55w, https:\/\/www.tpl-vision.com\/wp-content\/uploads\/2022\/10\/Automaticon_Award_2019-100x64.jpeg 100w\" sizes=\"(max-width: 400px) 100vw, 400px\" \/><\/a><figcaption class=\"wp-element-caption\">Modular Ringlight : M\u00e9daille d\u2019Or<\/figcaption><\/figure>\n\n\n\n<div style=\"height:30px\" aria-hidden=\"true\" class=\"wp-block-spacer\"><\/div>\n\n\n\n<h2 class=\"wp-block-heading\">Variations de couleurs<\/h2>\n\n\n\n<p>La soci\u00e9t\u00e9 TPL Vision est <strong>particuli\u00e8rement vigilante<\/strong> sur le choix de BIN des leds qui composent ses \u00e9clairages.<\/p>\n\n\n\n<p>L\u2019\u0153il humain est tr\u00e8s sensible aux variations de couleur, et notamment en ce qui concerne la gamme Cyan. 2 Modular Ringlights de couleur cyan peuvent para\u00eetre diff\u00e9rents aux yeux de l\u2019utilisateur. Pourtant, la variation maximale de la longueur d\u2019onde <strong>ne d\u00e9passe pas les 10 nm<\/strong>.<\/p>\n\n\n\n<p>Voici la liste des filtres passe-bandes que nous recommandons d\u2019utiliser avec le Modular Ringlight:<\/p>\n\n\n\n<ul>\n<li>Leds blanches : aucun filtre requis<\/li>\n\n\n\n<li>Leds infrarouges : LP 830 (<a href=\"http:\/\/midopt.com\/filters\/lp830\/\" target=\"_blank\" rel=\"noreferrer noopener\">http:\/\/midopt.com\/filters\/lp830\/<\/a>)<\/li>\n\n\n\n<li>Leds rouges : BP 635 (<a href=\"http:\/\/midopt.com\/filters\/bp635\/\" target=\"_blank\" rel=\"noreferrer noopener\">http:\/\/midopt.com\/filters\/bp635\/<\/a>)<\/li>\n\n\n\n<li>Leds cyan : BP 505 (<a href=\"http:\/\/midopt.com\/filters\/bp505\/\" target=\"_blank\" rel=\"noreferrer noopener\">http:\/\/midopt.com\/filters\/bp505\/<\/a>)<\/li>\n<\/ul>\n\n\n\n<p>Nous vous conseillons d\u2019utiliser des filtres passe-bandes de MidOpt : <a href=\"http:\/\/www.midopt.com\" target=\"_blank\" rel=\"noreferrer noopener\">http:\/\/www.midopt.com<\/a><\/p>\n\n\n\n<div style=\"height:30px\" aria-hidden=\"true\" class=\"wp-block-spacer\"><\/div>\n\n\n\n<h2 class=\"wp-block-heading\">Exemple d&rsquo;utilisation du MR-Dome<\/h2>\n\n\n\n<div class=\"wp-block-columns is-layout-flex wp-container-core-columns-layout-1 wp-block-columns-is-layout-flex\">\n<div class=\"wp-block-column is-layout-flow wp-block-column-is-layout-flow\">\n<figure class=\"wp-block-image size-large\"><a href=\"https:\/\/www.tpl-vision.com\/fr\/applications\/dome-light-illuminates-plastic-caps-for-checking-best-before-dates\/\" target=\"_blank\" rel=\"noreferrer noopener\"><img decoding=\"async\" width=\"1024\" height=\"535\" src=\"https:\/\/www.tpl-vision.com\/wp-content\/uploads\/2023\/11\/MRdome-case-study-caps-bbd-1024x535.png\" alt=\"mr dome caps case study\" class=\"wp-image-15876\" srcset=\"https:\/\/www.tpl-vision.com\/wp-content\/uploads\/2023\/11\/MRdome-case-study-caps-bbd-1024x535.png 1024w, https:\/\/www.tpl-vision.com\/wp-content\/uploads\/2023\/11\/MRdome-case-study-caps-bbd-300x157.png 300w, https:\/\/www.tpl-vision.com\/wp-content\/uploads\/2023\/11\/MRdome-case-study-caps-bbd-768x401.png 768w, https:\/\/www.tpl-vision.com\/wp-content\/uploads\/2023\/11\/MRdome-case-study-caps-bbd-600x314.png 600w, https:\/\/www.tpl-vision.com\/wp-content\/uploads\/2023\/11\/MRdome-case-study-caps-bbd-175x91.png 175w, https:\/\/www.tpl-vision.com\/wp-content\/uploads\/2023\/11\/MRdome-case-study-caps-bbd-40x21.png 40w, https:\/\/www.tpl-vision.com\/wp-content\/uploads\/2023\/11\/MRdome-case-study-caps-bbd-55x29.png 55w, https:\/\/www.tpl-vision.com\/wp-content\/uploads\/2023\/11\/MRdome-case-study-caps-bbd-100x52.png 100w, https:\/\/www.tpl-vision.com\/wp-content\/uploads\/2023\/11\/MRdome-case-study-caps-bbd.png 1200w\" sizes=\"(max-width: 1024px) 100vw, 1024px\" \/><\/a><\/figure>\n<\/div>\n<\/div>\n\n\n\n<h2 class=\"wp-block-heading\">Informations techniques<\/h2>\n\n\n\n<p><em>Veuillez cliquer sur les onglets ci-dessous.<\/em><\/p>\n\n\n\n<div class=\"wp-block-pb-accordion-item c-accordion__item js-accordion-item no-js\" data-initially-open=\"false\" data-click-to-close=\"true\" data-auto-close=\"true\" data-scroll=\"false\" data-scroll-offset=\"0\"><h3 id=\"at-22200\" class=\"c-accordion__title js-accordion-controller\" role=\"button\">M\u00e9thode d&rsquo;\u00e9clairage<\/h3><div id=\"ac-22200\" class=\"c-accordion__content\">\n<figure class=\"wp-block-image size-full is-resized\"><img decoding=\"async\" width=\"500\" height=\"500\" src=\"https:\/\/www.tpl-vision.com\/wp-content\/uploads\/2022\/10\/TPL_LightingMethod_DOME_2.jpg\" alt=\"\" class=\"wp-image-3316\" style=\"width:334px;height:334px\" srcset=\"https:\/\/www.tpl-vision.com\/wp-content\/uploads\/2022\/10\/TPL_LightingMethod_DOME_2.jpg 500w, https:\/\/www.tpl-vision.com\/wp-content\/uploads\/2022\/10\/TPL_LightingMethod_DOME_2-300x300.jpg 300w, https:\/\/www.tpl-vision.com\/wp-content\/uploads\/2022\/10\/TPL_LightingMethod_DOME_2-150x150.jpg 150w, https:\/\/www.tpl-vision.com\/wp-content\/uploads\/2022\/10\/TPL_LightingMethod_DOME_2-360x360.jpg 360w, https:\/\/www.tpl-vision.com\/wp-content\/uploads\/2022\/10\/TPL_LightingMethod_DOME_2-175x175.jpg 175w, https:\/\/www.tpl-vision.com\/wp-content\/uploads\/2022\/10\/TPL_LightingMethod_DOME_2-50x50.jpg 50w, https:\/\/www.tpl-vision.com\/wp-content\/uploads\/2022\/10\/TPL_LightingMethod_DOME_2-100x100.jpg 100w, https:\/\/www.tpl-vision.com\/wp-content\/uploads\/2022\/10\/TPL_LightingMethod_DOME_2-40x40.jpg 40w, https:\/\/www.tpl-vision.com\/wp-content\/uploads\/2022\/10\/TPL_LightingMethod_DOME_2-55x55.jpg 55w\" sizes=\"(max-width: 500px) 100vw, 500px\" \/><\/figure>\n<\/div><\/div>\n\n\n\n<div class=\"wp-block-pb-accordion-item c-accordion__item js-accordion-item no-js\" data-initially-open=\"false\" data-click-to-close=\"true\" data-auto-close=\"true\" data-scroll=\"false\" data-scroll-offset=\"0\"><h3 id=\"at-22201\" class=\"c-accordion__title js-accordion-controller\" role=\"button\">Constructeur de r\u00e9f\u00e9rence<\/h3><div id=\"ac-22201\" class=\"c-accordion__content\">\n<figure class=\"wp-block-image size-full\"><a href=\"https:\/\/www.tpl-vision.com\/wp-content\/uploads\/2023\/01\/TPL_MODULAR_RINGLIGHT_DOME_Reference_Builder_FR.jpg\"><img decoding=\"async\" src=\"https:\/\/www.tpl-vision.com\/wp-content\/uploads\/2023\/01\/TPL_MODULAR_RINGLIGHT_DOME_Reference_Builder_FR.jpg\" alt=\"\" class=\"wp-image-9298\"\/><\/a><\/figure>\n<\/div><\/div>\n","protected":false},"excerpt":{"rendered":"<p><span id=\"result_box\" class=\"\" lang=\"en\">Le MR-DOME est un \u00e9clairage bicolore d\u00e9di\u00e9 aux applications de vision industrielle, disponible en 2 jeux de couleurs et en 2 dimensions. <\/span><span id=\"result_box\" class=\"\" lang=\"en\">Il a \u00e9t\u00e9 pens\u00e9 pour les environnements de production difficiles : protection IP65 par d\u00e9faut, overdrive int\u00e9gr\u00e9, contr\u00f4le \u00e0 distance (s\u00e9lection des couleurs et des secteurs).<\/span><\/p>\n<p><!-- wp:paragraph {\"className\":\"wp-embed-aspect-16-9 wp-has-aspect-ratio\"} --><\/p>\n<p class=\"wp-embed-aspect-16-9 wp-has-aspect-ratio\"><strong>L\u2019\u00e9clairage d\u00f4me peut \u00eatre utilis\u00e9 lorsque:<\/strong><\/p>\n<p><!-- \/wp:paragraph --><\/p>\n<p><!-- wp:list {\"type\":\"video\",\"className\":\"wp-embed-aspect-16-9 wp-has-aspect-ratio\"} --><\/p>\n<ul class=\"wp-embed-aspect-16-9 wp-has-aspect-ratio\" type=\"video\">\n<li>les objets sont tr\u00e8s r\u00e9fl\u00e9chissants (brillance),<\/li>\n<\/ul>\n<p><!-- \/wp:list --><\/p>\n<p><!-- wp:list {\"type\":\"video\",\"className\":\"wp-embed-aspect-16-9 wp-has-aspect-ratio\"} --><\/p>\n<ul class=\"wp-embed-aspect-16-9 wp-has-aspect-ratio\" type=\"video\">\n<li>la zone \u00e0 \u00e9clairer est sujette \u00e0 l\u2019apparition d\u2019ombres lors de l\u2019utilisation d\u2019\u00e9clairages directs ou de type Low Angle,<\/li>\n<\/ul>\n<p><!-- \/wp:list --><\/p>\n<p><!-- wp:list {\"type\":\"video\",\"className\":\"wp-embed-aspect-16-9 wp-has-aspect-ratio\"} --><\/p>\n<ul class=\"wp-embed-aspect-16-9 wp-has-aspect-ratio\" type=\"video\">\n<li>la zone \u00e0 \u00e9clairer poss\u00e8de de nombreuses surfaces non-uniformes.<\/li>\n<\/ul>\n<p><!-- \/wp:list --><\/p>\n<p><!-- wp:paragraph {\"className\":\"wp-embed-aspect-16-9 wp-has-aspect-ratio\"} --><\/p>\n<p class=\"wp-embed-aspect-16-9 wp-has-aspect-ratio\">Le MR-DOME doit \u00eatre fix\u00e9 \u00e0 proximit\u00e9 de l\u2019objet \u00e0 \u00e9clairer afin d\u2019exploiter au maximum les avantages de ce type d\u2019\u00e9clairage.<\/p>\n<p><!-- \/wp:paragraph --><\/p>\n<p><!-- wp:paragraph {\"className\":\"wp-embed-aspect-16-9 wp-has-aspect-ratio\"} --><\/p>\n<p class=\"wp-embed-aspect-16-9 wp-has-aspect-ratio\">Pour minimiser le \u00abpoint noir\u00bb visible au centre l\u2019image, le diam\u00e8tre du trou au sommet du d\u00f4me doit \u00eatre r\u00e9duit Ceci peut \u00eatre r\u00e9alis\u00e9 \u00e0 l&rsquo;aide des clips en plastique fournis. <span id=\"result_box\" class=\"\" lang=\"en\">Le MR-DOME fournit une source de lumi\u00e8re hautement diffuse, sans \u00e9clairage direct. L&rsquo;intensit\u00e9 lumineuse est inf\u00e9rieure \u00e0 celle des autres techniques d&rsquo;\u00e9clairage, mais offre une grande homog\u00e9n\u00e9it\u00e9.<\/span><\/p>\n<p><!-- \/wp:paragraph --><\/p>\n","protected":false},"featured_media":24042,"comment_status":"closed","ping_status":"closed","template":"","meta":{"_seopress_robots_primary_cat":"none","_seopress_titles_title":"MR-DOME - Dome lights by TPL Vision","_seopress_titles_desc":"","_seopress_robots_index":"","_monsterinsights_skip_tracking":false,"_monsterinsights_sitenote_active":false,"_monsterinsights_sitenote_note":"","_monsterinsights_sitenote_category":0},"product_cat":[76,492],"product_tag":[],"_links":{"self":[{"href":"https:\/\/www.tpl-vision.com\/fr\/wp-json\/wp\/v2\/product\/2220"}],"collection":[{"href":"https:\/\/www.tpl-vision.com\/fr\/wp-json\/wp\/v2\/product"}],"about":[{"href":"https:\/\/www.tpl-vision.com\/fr\/wp-json\/wp\/v2\/types\/product"}],"replies":[{"embeddable":true,"href":"https:\/\/www.tpl-vision.com\/fr\/wp-json\/wp\/v2\/comments?post=2220"}],"wp:featuredmedia":[{"embeddable":true,"href":"https:\/\/www.tpl-vision.com\/fr\/wp-json\/wp\/v2\/media\/24042"}],"wp:attachment":[{"href":"https:\/\/www.tpl-vision.com\/fr\/wp-json\/wp\/v2\/media?parent=2220"}],"wp:term":[{"taxonomy":"product_cat","embeddable":true,"href":"https:\/\/www.tpl-vision.com\/fr\/wp-json\/wp\/v2\/product_cat?post=2220"},{"taxonomy":"product_tag","embeddable":true,"href":"https:\/\/www.tpl-vision.com\/fr\/wp-json\/wp\/v2\/product_tag?post=2220"}],"curies":[{"name":"wp","href":"https:\/\/api.w.org\/{rel}","templated":true}]}}