{"id":2222,"date":"2022-10-20T14:43:02","date_gmt":"2022-10-20T12:43:02","guid":{"rendered":"https:\/\/www.tpl-vision.com\/overview\/non%20class\u00e9\/medium-mfdome-overdrive\/"},"modified":"2025-10-06T12:11:17","modified_gmt":"2025-10-06T10:11:17","slug":"medium-mfdome-overdrive","status":"publish","type":"product","link":"https:\/\/www.tpl-vision.com\/fr\/vuedensemble\/dome-fr\/dome-plat-fr\/medium-mfdome-overdrive\/","title":{"rendered":"Medium MFDOME+ OverDrive"},"content":{"rendered":"\n<p>Il y a \u00e9galement une tr\u00e8s grande latitude concernant <strong>la position du connecteur<\/strong>, ce qui permet de facilement l\u2019int\u00e9grer sur toute cha\u00eene de production. \u00c0 la base du connecteur se situent <strong>2 LEDs<\/strong> <strong>t\u00e9moins<\/strong>, qui indiquent la mise sous tension et le fonctionnement du mode strobe. <\/p>\n\n\n\n<ul>\n<li>D\u00d4ME PLAT HAUTE PUISSANCE,<\/li>\n\n\n\n<li>BORDS EXTRA-FINS,<\/li>\n\n\n\n<li>TEMPS D\u2019ALLUMAGE : 25 \u03bcs.<\/li>\n<\/ul>\n\n\n\n<div style=\"height:30px\" aria-hidden=\"true\" class=\"wp-block-spacer\"><\/div>\n\n\n\n<h2 class=\"wp-block-heading\">Informations techniques<\/h2>\n\n\n\n<p><em>Veuillez cliquer sur les onglets ci-dessous.<\/em><\/p>\n\n\n\n<div class=\"wp-block-pb-accordion-item c-accordion__item js-accordion-item no-js\" data-initially-open=\"false\" data-click-to-close=\"true\" data-auto-close=\"true\" data-scroll=\"false\" data-scroll-offset=\"0\"><h3 id=\"at-22220\" class=\"c-accordion__title js-accordion-controller\" role=\"button\">M\u00e9thode d&rsquo;\u00e9clairage<\/h3><div id=\"ac-22220\" class=\"c-accordion__content\">\n<figure class=\"wp-block-image size-full\"><img fetchpriority=\"high\" decoding=\"async\" width=\"300\" height=\"300\" src=\"https:\/\/www.tpl-vision.com\/wp-content\/uploads\/2022\/10\/TPL_LightingMethod_DIRECT_FLAT_DOME-300x300-1.jpeg\" alt=\"\" class=\"wp-image-2387\" srcset=\"https:\/\/www.tpl-vision.com\/wp-content\/uploads\/2022\/10\/TPL_LightingMethod_DIRECT_FLAT_DOME-300x300-1.jpeg 300w, https:\/\/www.tpl-vision.com\/wp-content\/uploads\/2022\/10\/TPL_LightingMethod_DIRECT_FLAT_DOME-300x300-1-150x150.jpeg 150w, https:\/\/www.tpl-vision.com\/wp-content\/uploads\/2022\/10\/TPL_LightingMethod_DIRECT_FLAT_DOME-300x300-1-175x175.jpeg 175w, https:\/\/www.tpl-vision.com\/wp-content\/uploads\/2022\/10\/TPL_LightingMethod_DIRECT_FLAT_DOME-300x300-1-50x50.jpeg 50w, https:\/\/www.tpl-vision.com\/wp-content\/uploads\/2022\/10\/TPL_LightingMethod_DIRECT_FLAT_DOME-300x300-1-100x100.jpeg 100w, https:\/\/www.tpl-vision.com\/wp-content\/uploads\/2022\/10\/TPL_LightingMethod_DIRECT_FLAT_DOME-300x300-1-40x40.jpeg 40w, https:\/\/www.tpl-vision.com\/wp-content\/uploads\/2022\/10\/TPL_LightingMethod_DIRECT_FLAT_DOME-300x300-1-55x55.jpeg 55w\" sizes=\"(max-width: 300px) 100vw, 300px\" \/><\/figure>\n<\/div><\/div>\n\n\n\n<div class=\"wp-block-pb-accordion-item c-accordion__item js-accordion-item no-js\" data-initially-open=\"false\"><h3 id=\"at-21466\" class=\"c-accordion__title js-accordion-controller\" role=\"button\">Comparaison des d\u00f4mes plats<\/h3><div id=\"ac-21466\" class=\"c-accordion__content\">\n\n<figure class=\"wp-block-table\"><table><tbody><tr><td><\/td><td><strong>MFDOME+<\/strong><\/td><td><strong>HPFDOME<\/strong><\/td><\/tr><tr><td>Dimensions<\/td><td>De 200&#215;200 mm \u00e0 900&#215;900, ou 1900x400mm<\/td><td>De 200&#215;200 mm \u00e0 900&#215;900, ou 1900x400mm<\/td><\/tr><tr><td>Modes<\/td><td>Continu et Strobe OverDrive<\/td><td>Continu et Strobe<\/td><\/tr><tr><td>Puissance lumineuse<\/td><td>Jusqu&rsquo;\u00e0 32 kLux en CW<br\/>Jusqu&rsquo;\u00e0 61 kLux en OverDrive<\/td><td>Jusqu\u2019\u00e0 45 kLux en CW<\/td><\/tr><tr><td>Temps de mont\u00e9e et de descente<\/td><td>25 \u03bcs et 15 \u03bcs<\/td><td>15\u03bcs et 10\u03bcs<\/td><\/tr><tr><td>OverDrive<\/td><td>Oui<\/td><td>Non<\/td><\/tr><tr><td>Connecteur<\/td><td>M12 T-Power 4 p\u00f4les<\/td><td>M12 5 p\u00f4les avec contr\u00f4le du dimming \u00e0 distance<\/td><\/tr><tr><td>Position du connecteur<\/td><td>Flexible, voir fiche technique<\/td><td>Flexible, voir fiche technique<\/td><\/tr><tr><td>Protection IP<\/td><td>IP40<\/td><td>IP40<\/td><\/tr><tr><td>Options de customisation<\/td><td>Non<\/td><td>Dimensions disponibles par pas de 1 cm. Version avec deux fen\u00eatres de vis\u00e9e disponible sur demande. <\/td><\/tr><\/tbody><\/table><\/figure>\n\n<\/div><\/div>\n\n\n\n<div class=\"wp-block-pb-accordion-item c-accordion__item js-accordion-item no-js\" data-initially-open=\"false\" data-click-to-close=\"true\" data-auto-close=\"true\" data-scroll=\"false\" data-scroll-offset=\"0\"><h3 id=\"at-22221\" class=\"c-accordion__title js-accordion-controller\" role=\"button\">Constructeur de r\u00e9f\u00e9rence<\/h3><div id=\"ac-22221\" class=\"c-accordion__content\">\n<figure class=\"wp-block-image size-full\"><a href=\"https:\/\/www.tpl-vision.com\/wp-content\/uploads\/2023\/01\/TPL_MFDOME_PLUS_Reference_Builder_FR.jpg\"><img decoding=\"async\" src=\"https:\/\/www.tpl-vision.com\/wp-content\/uploads\/2023\/01\/TPL_MFDOME_PLUS_Reference_Builder_FR.jpg\" alt=\"\" class=\"wp-image-9295\"\/><\/a><\/figure>\n<\/div><\/div>\n","protected":false},"excerpt":{"rendered":"<p><strong>\u00c9clairage \u00e0 la fois puissant<\/strong> et <strong>diffus<\/strong>, le <strong>Medium Flat MFDOME+<\/strong> Overdrive convient \u00e0 de nombreuses applications en <strong>vision industrielle<\/strong>. Il est particuli\u00e8rement adapt\u00e9 pour la d\u00e9tection de pi\u00e8ces dans un contenant, la mise en relief de produits thermoform\u00e9s et l\u2019am\u00e9lioration de contrastes entre mat\u00e9riaux. Le MFDOME+ fonctionne en mode continu et strobe, avec des temps de mont\u00e9e et de descente tr\u00e8s courts : 25 \u03bcs et 15 \u03bcs. Il fonctionne en mode continu et strobe, avec <strong>des temps de mont\u00e9e et de descente tr\u00e8s courts<\/strong> : <strong>25 \u03bcs<\/strong> et <strong>15 \u03bcs<\/strong>.<\/p>\n<p>\u00c9quip\u00e9 de <strong>tr\u00e8s fines bordures<\/strong>, le MFDOME+ d\u00e9gage une <strong>lumi\u00e8re uniforme<\/strong> depuis l\u2019ensemble de sa surface utile, y compris depuis les bords. Aucun point d\u2019impact de leds \u00e0 signaler! De faible \u00e9paisseur, il poss\u00e8de un espace en son centre pour ins\u00e9rer l\u2019objectif de la cam\u00e9ra. Une <strong>platine de fixation<\/strong> permet d\u2019ailleurs, \u00e0 l\u2019aide des accessoires de fixation TPL Vision (en option), de facilement <strong>int\u00e9grer la cam\u00e9ra<\/strong>.<\/p>\n","protected":false},"featured_media":24039,"comment_status":"closed","ping_status":"closed","template":"","meta":{"_seopress_robots_primary_cat":"none","_seopress_titles_title":"Medium MFDOME+ OverDrive - D\u00f4mes plats par TPL Vision","_seopress_titles_desc":"","_seopress_robots_index":"","_monsterinsights_skip_tracking":false,"_monsterinsights_sitenote_active":false,"_monsterinsights_sitenote_note":"","_monsterinsights_sitenote_category":0},"product_cat":[76,497],"product_tag":[],"_links":{"self":[{"href":"https:\/\/www.tpl-vision.com\/fr\/wp-json\/wp\/v2\/product\/2222"}],"collection":[{"href":"https:\/\/www.tpl-vision.com\/fr\/wp-json\/wp\/v2\/product"}],"about":[{"href":"https:\/\/www.tpl-vision.com\/fr\/wp-json\/wp\/v2\/types\/product"}],"replies":[{"embeddable":true,"href":"https:\/\/www.tpl-vision.com\/fr\/wp-json\/wp\/v2\/comments?post=2222"}],"wp:featuredmedia":[{"embeddable":true,"href":"https:\/\/www.tpl-vision.com\/fr\/wp-json\/wp\/v2\/media\/24039"}],"wp:attachment":[{"href":"https:\/\/www.tpl-vision.com\/fr\/wp-json\/wp\/v2\/media?parent=2222"}],"wp:term":[{"taxonomy":"product_cat","embeddable":true,"href":"https:\/\/www.tpl-vision.com\/fr\/wp-json\/wp\/v2\/product_cat?post=2222"},{"taxonomy":"product_tag","embeddable":true,"href":"https:\/\/www.tpl-vision.com\/fr\/wp-json\/wp\/v2\/product_tag?post=2222"}],"curies":[{"name":"wp","href":"https:\/\/api.w.org\/{rel}","templated":true}]}}