{"id":2226,"date":"2022-10-20T14:39:19","date_gmt":"2022-10-20T12:39:19","guid":{"rendered":"https:\/\/www.tpl-vision.com\/overview\/non%20class\u00e9\/high-power-hpfdome\/"},"modified":"2025-10-06T12:07:46","modified_gmt":"2025-10-06T10:07:46","slug":"high-power-hpfdome","status":"publish","type":"product","link":"https:\/\/www.tpl-vision.com\/fr\/vuedensemble\/dome-fr\/dome-plat-fr\/high-power-hpfdome\/","title":{"rendered":"High Power HPFDOME"},"content":{"rendered":"\n<ul>\n<li>Puissance lumineuse jusqu\u2019\u00e0 <strong>45 kLux<\/strong>*,<\/li>\n<\/ul>\n\n\n\n<ul>\n<li>Connecteur standard <strong>M12 5 p\u00f4les<\/strong> avec contr\u00f4le du dimming \u00e0 distance,<\/li>\n<\/ul>\n\n\n\n<ul>\n<li>Dimensions disponibles par pas de <strong>1 cm<\/strong>.<\/li>\n<\/ul>\n\n\n\n<div style=\"height:20px\" aria-hidden=\"true\" class=\"wp-block-spacer\"><\/div>\n\n\n<div class=\"wp-block-image\">\n<figure class=\"aligncenter size-full\"><a href=\"https:\/\/www.tpl-vision.com\/wp-content\/uploads\/2022\/10\/TPL_HPDOME_1.jpeg\"><img fetchpriority=\"high\" decoding=\"async\" width=\"800\" height=\"600\" src=\"https:\/\/www.tpl-vision.com\/wp-content\/uploads\/2022\/10\/TPL_HPDOME_1.jpeg\" alt=\"\" class=\"wp-image-2364\" srcset=\"https:\/\/www.tpl-vision.com\/wp-content\/uploads\/2022\/10\/TPL_HPDOME_1.jpeg 800w, https:\/\/www.tpl-vision.com\/wp-content\/uploads\/2022\/10\/TPL_HPDOME_1-300x225.jpeg 300w, https:\/\/www.tpl-vision.com\/wp-content\/uploads\/2022\/10\/TPL_HPDOME_1-768x576.jpeg 768w, https:\/\/www.tpl-vision.com\/wp-content\/uploads\/2022\/10\/TPL_HPDOME_1-600x450.jpeg 600w, https:\/\/www.tpl-vision.com\/wp-content\/uploads\/2022\/10\/TPL_HPDOME_1-175x131.jpeg 175w, https:\/\/www.tpl-vision.com\/wp-content\/uploads\/2022\/10\/TPL_HPDOME_1-40x30.jpeg 40w, https:\/\/www.tpl-vision.com\/wp-content\/uploads\/2022\/10\/TPL_HPDOME_1-55x41.jpeg 55w, https:\/\/www.tpl-vision.com\/wp-content\/uploads\/2022\/10\/TPL_HPDOME_1-100x75.jpeg 100w\" sizes=\"(max-width: 800px) 100vw, 800px\" \/><\/a><\/figure><\/div>\n\n\n<div style=\"height:20px\" aria-hidden=\"true\" class=\"wp-block-spacer\"><\/div>\n\n\n\n<p>Comme la majorit\u00e9 des produits TPL Vision, le <strong>HPFDOME<\/strong> c<strong>omporte une alimentation \u00e0 contr\u00f4le de courant int\u00e9gr\u00e9e<\/strong> et est garanti 3 ans. Il poss\u00e8de une plaque de montage robuste pour fixer la cam\u00e9ra et une fen\u00eatre de vis\u00e9e adapt\u00e9e \u00e0 toutes les cam\u00e9ras (il est d\u2019ailleurs possible d\u2019avoir plus d\u2019une fen\u00eatre de vis\u00e9e). Il poss\u00e8de des bords extr\u00eamement fins (<strong>4 mm<\/strong> d\u2019\u00e9paisseur) et une surface d\u2019\u00e9clairage utile <strong>homog\u00e8ne \u00e0 85%.<\/strong><\/p>\n\n\n\n<div style=\"height:20px\" aria-hidden=\"true\" class=\"wp-block-spacer\"><\/div>\n\n\n\n<h2 class=\"wp-block-heading\">Informations techniques<\/h2>\n\n\n\n<p><em>Veuillez cliquer sur les onglets ci-dessous.<\/em><\/p>\n\n\n\n<div class=\"wp-block-pb-accordion-item c-accordion__item js-accordion-item no-js\" data-initially-open=\"false\" data-click-to-close=\"true\" data-auto-close=\"true\" data-scroll=\"false\" data-scroll-offset=\"0\"><h3 id=\"at-22260\" class=\"c-accordion__title js-accordion-controller\" role=\"button\">M\u00e9thode d&rsquo;\u00e9clairage<\/h3><div id=\"ac-22260\" class=\"c-accordion__content\">\n<figure class=\"wp-block-image size-full is-resized\"><img decoding=\"async\" width=\"300\" height=\"300\" src=\"https:\/\/www.tpl-vision.com\/wp-content\/uploads\/2022\/10\/TPL_LightingMethod_DIRECT_FLAT_DOME-300x300-1.jpeg\" alt=\"\" class=\"wp-image-2387\" style=\"width:339px;height:339px\" srcset=\"https:\/\/www.tpl-vision.com\/wp-content\/uploads\/2022\/10\/TPL_LightingMethod_DIRECT_FLAT_DOME-300x300-1.jpeg 300w, https:\/\/www.tpl-vision.com\/wp-content\/uploads\/2022\/10\/TPL_LightingMethod_DIRECT_FLAT_DOME-300x300-1-150x150.jpeg 150w, https:\/\/www.tpl-vision.com\/wp-content\/uploads\/2022\/10\/TPL_LightingMethod_DIRECT_FLAT_DOME-300x300-1-175x175.jpeg 175w, https:\/\/www.tpl-vision.com\/wp-content\/uploads\/2022\/10\/TPL_LightingMethod_DIRECT_FLAT_DOME-300x300-1-50x50.jpeg 50w, https:\/\/www.tpl-vision.com\/wp-content\/uploads\/2022\/10\/TPL_LightingMethod_DIRECT_FLAT_DOME-300x300-1-100x100.jpeg 100w, https:\/\/www.tpl-vision.com\/wp-content\/uploads\/2022\/10\/TPL_LightingMethod_DIRECT_FLAT_DOME-300x300-1-40x40.jpeg 40w, https:\/\/www.tpl-vision.com\/wp-content\/uploads\/2022\/10\/TPL_LightingMethod_DIRECT_FLAT_DOME-300x300-1-55x55.jpeg 55w\" sizes=\"(max-width: 300px) 100vw, 300px\" \/><\/figure>\n<\/div><\/div>\n\n\n\n<div class=\"wp-block-pb-accordion-item c-accordion__item js-accordion-item no-js\" data-initially-open=\"false\" data-click-to-close=\"true\" data-auto-close=\"true\" data-scroll=\"false\" data-scroll-offset=\"0\"><h3 id=\"at-22261\" class=\"c-accordion__title js-accordion-controller\" role=\"button\">S\u00e9lecteur de dimensions<\/h3><div id=\"ac-22261\" class=\"c-accordion__content\"><div class=\"wp-block-image\">\n<figure class=\"aligncenter size-full\"><a href=\"https:\/\/www.tpl-vision.com\/wp-content\/uploads\/2023\/01\/TPL_High_Power_HPFDOME_Size_FR.jpg\"><img decoding=\"async\" src=\"https:\/\/www.tpl-vision.com\/wp-content\/uploads\/2023\/01\/TPL_High_Power_HPFDOME_Size_FR.jpg\" alt=\"\" class=\"wp-image-10238\"\/><\/a><\/figure><\/div><\/div><\/div>\n\n\n\n<div class=\"wp-block-pb-accordion-item c-accordion__item js-accordion-item no-js\" data-initially-open=\"false\" data-click-to-close=\"true\" data-auto-close=\"true\" data-scroll=\"false\" data-scroll-offset=\"0\"><h3 id=\"at-22262\" class=\"c-accordion__title js-accordion-controller\" role=\"button\">Sch\u00e9ma de connexion<\/h3><div id=\"ac-22262\" class=\"c-accordion__content\">\n<figure class=\"wp-block-image size-full\"><img decoding=\"async\" src=\"https:\/\/www.tpl-vision.com\/wp-content\/uploads\/2023\/01\/TPL_High_Power_HPBACK_connector_FR-1.jpg\" alt=\"\" class=\"wp-image-10241\"\/><\/figure>\n<\/div><\/div>\n\n\n\n<div class=\"wp-block-pb-accordion-item c-accordion__item js-accordion-item no-js\" data-initially-open=\"false\"><h3 id=\"at-21264\" class=\"c-accordion__title js-accordion-controller\" role=\"button\">Comparaison des d\u00f4mes plats<\/h3><div id=\"ac-21264\" class=\"c-accordion__content\">\n\n<figure class=\"wp-block-table\"><table><tbody><tr><td><\/td><td><strong>MFDOME+<\/strong><\/td><td><strong>HPFDOME<\/strong><\/td><\/tr><tr><td>Dimensions<\/td><td>De 200&#215;200 mm \u00e0 900&#215;900, ou 1900x400mm<\/td><td>De 200&#215;200 mm \u00e0 900&#215;900, ou 1900x400mm<\/td><\/tr><tr><td>Modes<\/td><td>Continu et Strobe OverDrive<\/td><td>Continu et Strobe<\/td><\/tr><tr><td>Puissance lumineuse<\/td><td>Jusqu&rsquo;\u00e0 32 kLux en CW<br\/>Jusqu&rsquo;\u00e0 61 kLux en OverDrive<\/td><td>Jusqu\u2019\u00e0 45 kLux en CW<\/td><\/tr><tr><td>Temps de mont\u00e9e et de descente<\/td><td>25 \u03bcs et 15 \u03bcs<\/td><td>15\u03bcs et 10\u03bcs<\/td><\/tr><tr><td>OverDrive<\/td><td>Oui<\/td><td>Non<\/td><\/tr><tr><td>Connecteur<\/td><td>M12 T-Power 4 p\u00f4les<\/td><td>M12 5 p\u00f4les avec contr\u00f4le du dimming \u00e0 distance<\/td><\/tr><tr><td>Position du connecteur<\/td><td>Flexible, voir fiche technique<\/td><td>Flexible, voir fiche technique<\/td><\/tr><tr><td>Protection IP<\/td><td>IP40<\/td><td>IP40<\/td><\/tr><tr><td>Options de customisation<\/td><td>Non<\/td><td>Dimensions disponibles par pas de 1 cm. Version avec deux fen\u00eatres de vis\u00e9e disponible sur demande. <\/td><\/tr><\/tbody><\/table><\/figure>\n\n<\/div><\/div>\n\n\n\n<div class=\"wp-block-pb-accordion-item c-accordion__item js-accordion-item no-js\" data-initially-open=\"false\" data-click-to-close=\"true\" data-auto-close=\"true\" data-scroll=\"false\" data-scroll-offset=\"0\"><h3 id=\"at-22263\" class=\"c-accordion__title js-accordion-controller\" role=\"button\">Constructeur de r\u00e9f\u00e9rence<\/h3><div id=\"ac-22263\" class=\"c-accordion__content\"><div class=\"wp-block-image\">\n<figure class=\"aligncenter size-full\"><a href=\"https:\/\/www.tpl-vision.com\/wp-content\/uploads\/2023\/01\/TPL_HPFDOME_Reference_Builder_FR.jpg\"><img decoding=\"async\" src=\"https:\/\/www.tpl-vision.com\/wp-content\/uploads\/2023\/01\/TPL_HPFDOME_Reference_Builder_FR.jpg\" alt=\"\" class=\"wp-image-9292\"\/><\/a><\/figure><\/div><\/div><\/div>\n","protected":false},"excerpt":{"rendered":"<p>Le nouveau <strong>HPFDOME<\/strong> est une <strong>solution d\u2019\u00e9clairage haute puissance<\/strong> appartenant \u00e0 la famille des d\u00f4mes plats, d\u00e9di\u00e9e aux applications de vision industrielle. Ce produit constitue la <strong>toute<\/strong> <strong>derni\u00e8re \u00e9volution<\/strong> du performant MFDOME+ Standard de TPL Vision.<\/p>\n<p>Parmi les nouveaut\u00e9s : augmentation de la puissance lumineuse \u2013 j<strong>usqu\u2019\u00e0 45 kLux*<\/strong>, <strong>nouveau connecteur<\/strong> M12 5 p\u00f4les pour une int\u00e9gration simplifi\u00e9e, <strong>temps de mont\u00e9e et de descente plus courts<\/strong> (respectivement <strong>15 \u03bcs<\/strong> et <strong>10 \u03bcs<\/strong> \u2013 <strong>am\u00e9lioration de 40%<\/strong>) et <strong>dimensions disponibles par pas de 1 cm<\/strong> (<em>de 200<\/em> x <em>200mm jusqu\u2019\u00e0 500<\/em> x <em>500mm ou 1000<\/em> x <em>200mm<\/em>).<\/p>\n<p>La structure robuste en aluminium peut \u00eatre fabriqu\u00e9e dans des tailles allant de <strong>200 x 200 mm<\/strong> \u00e0 <strong>900 x 900 mm<\/strong> ou <strong>1900 x 400 mm<\/strong>. Cette nouvelle solution d\u2019\u00e9clairage est parfaite pour les <strong>applications en robotique<\/strong>, telles que le pick and place, et les applications en logistique n\u00e9cessitant des images stables sur des champs de vision \u00e9tendus. Disponible en rouge, blanc et infrarouge, les leds sont surmont\u00e9es de lentilles particuli\u00e8rement efficaces, afin d\u2019obtenir le <strong>meilleur \u00e9quilibre puissance lumineuse<\/strong> \/ <strong>homog\u00e9n\u00e9it\u00e9<\/strong>.<\/p>\n<p>(* <em>puissance mesur\u00e9e en mode continu \u00e0 la surface d\u2019un produit \u00e9quip\u00e9 de leds blanches<\/em>).<\/p>\n","protected":false},"featured_media":24036,"comment_status":"closed","ping_status":"closed","template":"","meta":{"_seopress_robots_primary_cat":"none","_seopress_titles_title":"HPFDOME haute puissance - D\u00f4mes plats par TPL Vision","_seopress_titles_desc":"","_seopress_robots_index":"","_monsterinsights_skip_tracking":false,"_monsterinsights_sitenote_active":false,"_monsterinsights_sitenote_note":"","_monsterinsights_sitenote_category":0},"product_cat":[76,497],"product_tag":[],"_links":{"self":[{"href":"https:\/\/www.tpl-vision.com\/fr\/wp-json\/wp\/v2\/product\/2226"}],"collection":[{"href":"https:\/\/www.tpl-vision.com\/fr\/wp-json\/wp\/v2\/product"}],"about":[{"href":"https:\/\/www.tpl-vision.com\/fr\/wp-json\/wp\/v2\/types\/product"}],"replies":[{"embeddable":true,"href":"https:\/\/www.tpl-vision.com\/fr\/wp-json\/wp\/v2\/comments?post=2226"}],"wp:featuredmedia":[{"embeddable":true,"href":"https:\/\/www.tpl-vision.com\/fr\/wp-json\/wp\/v2\/media\/24036"}],"wp:attachment":[{"href":"https:\/\/www.tpl-vision.com\/fr\/wp-json\/wp\/v2\/media?parent=2226"}],"wp:term":[{"taxonomy":"product_cat","embeddable":true,"href":"https:\/\/www.tpl-vision.com\/fr\/wp-json\/wp\/v2\/product_cat?post=2226"},{"taxonomy":"product_tag","embeddable":true,"href":"https:\/\/www.tpl-vision.com\/fr\/wp-json\/wp\/v2\/product_tag?post=2226"}],"curies":[{"name":"wp","href":"https:\/\/api.w.org\/{rel}","templated":true}]}}