{"id":2228,"date":"2022-10-20T14:36:59","date_gmt":"2022-10-20T12:36:59","guid":{"rendered":"https:\/\/www.tpl-vision.com\/overview\/non%20class\u00e9\/fluorescence-imaging-solution-fis\/"},"modified":"2026-03-30T15:40:34","modified_gmt":"2026-03-30T13:40:34","slug":"fluorescence-imaging-solution","status":"publish","type":"product","link":"https:\/\/www.tpl-vision.com\/fr\/vuedensemble\/dome-fr\/dome-fr-2\/fluorescence-imaging-solution\/","title":{"rendered":"Fluorescence Imaging Solution"},"content":{"rendered":"\n<h2 class=\"wp-block-heading\">Exemples d&rsquo;applications<\/h2>\n\n<div style=\"height:15px\" aria-hidden=\"true\" class=\"wp-block-spacer\"><\/div>\n\n<div class=\"wp-block-columns is-layout-flex wp-container-core-columns-layout-1 wp-block-columns-is-layout-flex\">\n<div class=\"wp-block-column is-layout-flow wp-block-column-is-layout-flow\">\n<figure class=\"wp-block-image size-full\"><a href=\"https:\/\/www.tpl-vision.com\/wp-content\/uploads\/2022\/10\/TPL_FIS_Application_1.jpeg\"><img fetchpriority=\"high\" decoding=\"async\" width=\"800\" height=\"600\" src=\"https:\/\/www.tpl-vision.com\/wp-content\/uploads\/2022\/10\/TPL_FIS_Application_1.jpeg\" alt=\"\" class=\"wp-image-2316\" srcset=\"https:\/\/www.tpl-vision.com\/wp-content\/uploads\/2022\/10\/TPL_FIS_Application_1.jpeg 800w, https:\/\/www.tpl-vision.com\/wp-content\/uploads\/2022\/10\/TPL_FIS_Application_1-300x225.jpeg 300w, https:\/\/www.tpl-vision.com\/wp-content\/uploads\/2022\/10\/TPL_FIS_Application_1-768x576.jpeg 768w, https:\/\/www.tpl-vision.com\/wp-content\/uploads\/2022\/10\/TPL_FIS_Application_1-600x450.jpeg 600w, https:\/\/www.tpl-vision.com\/wp-content\/uploads\/2022\/10\/TPL_FIS_Application_1-175x131.jpeg 175w, https:\/\/www.tpl-vision.com\/wp-content\/uploads\/2022\/10\/TPL_FIS_Application_1-40x30.jpeg 40w, https:\/\/www.tpl-vision.com\/wp-content\/uploads\/2022\/10\/TPL_FIS_Application_1-55x41.jpeg 55w, https:\/\/www.tpl-vision.com\/wp-content\/uploads\/2022\/10\/TPL_FIS_Application_1-100x75.jpeg 100w\" sizes=\"(max-width: 800px) 100vw, 800px\" \/><\/a><figcaption class=\"wp-element-caption\">Code data matrix 2D<\/figcaption><\/figure>\n<\/div>\n\n\n\n<div class=\"wp-block-column is-layout-flow wp-block-column-is-layout-flow\">\n<figure class=\"wp-block-image size-full\"><a href=\"https:\/\/www.tpl-vision.com\/wp-content\/uploads\/2022\/10\/TPL_FIS_Application_2.jpeg\"><img decoding=\"async\" width=\"800\" height=\"600\" src=\"https:\/\/www.tpl-vision.com\/wp-content\/uploads\/2022\/10\/TPL_FIS_Application_2.jpeg\" alt=\"\" class=\"wp-image-2319\" srcset=\"https:\/\/www.tpl-vision.com\/wp-content\/uploads\/2022\/10\/TPL_FIS_Application_2.jpeg 800w, https:\/\/www.tpl-vision.com\/wp-content\/uploads\/2022\/10\/TPL_FIS_Application_2-300x225.jpeg 300w, https:\/\/www.tpl-vision.com\/wp-content\/uploads\/2022\/10\/TPL_FIS_Application_2-768x576.jpeg 768w, https:\/\/www.tpl-vision.com\/wp-content\/uploads\/2022\/10\/TPL_FIS_Application_2-600x450.jpeg 600w, https:\/\/www.tpl-vision.com\/wp-content\/uploads\/2022\/10\/TPL_FIS_Application_2-175x131.jpeg 175w, https:\/\/www.tpl-vision.com\/wp-content\/uploads\/2022\/10\/TPL_FIS_Application_2-40x30.jpeg 40w, https:\/\/www.tpl-vision.com\/wp-content\/uploads\/2022\/10\/TPL_FIS_Application_2-55x41.jpeg 55w, https:\/\/www.tpl-vision.com\/wp-content\/uploads\/2022\/10\/TPL_FIS_Application_2-100x75.jpeg 100w\" sizes=\"(max-width: 800px) 100vw, 800px\" \/><\/a><figcaption class=\"wp-element-caption\">Code de lot industriel<\/figcaption><\/figure>\n<\/div>\n<\/div>\n\n<div class=\"wp-block-columns is-layout-flex wp-container-core-columns-layout-2 wp-block-columns-is-layout-flex\">\n<div class=\"wp-block-column is-layout-flow wp-block-column-is-layout-flow\">\n<figure class=\"wp-block-image size-full\"><a href=\"https:\/\/www.tpl-vision.com\/wp-content\/uploads\/2022\/10\/TPL_FIS_Application_3.jpeg\"><img decoding=\"async\" width=\"800\" height=\"600\" src=\"https:\/\/www.tpl-vision.com\/wp-content\/uploads\/2022\/10\/TPL_FIS_Application_3.jpeg\" alt=\"\" class=\"wp-image-2322\" srcset=\"https:\/\/www.tpl-vision.com\/wp-content\/uploads\/2022\/10\/TPL_FIS_Application_3.jpeg 800w, https:\/\/www.tpl-vision.com\/wp-content\/uploads\/2022\/10\/TPL_FIS_Application_3-300x225.jpeg 300w, https:\/\/www.tpl-vision.com\/wp-content\/uploads\/2022\/10\/TPL_FIS_Application_3-768x576.jpeg 768w, https:\/\/www.tpl-vision.com\/wp-content\/uploads\/2022\/10\/TPL_FIS_Application_3-600x450.jpeg 600w, https:\/\/www.tpl-vision.com\/wp-content\/uploads\/2022\/10\/TPL_FIS_Application_3-175x131.jpeg 175w, https:\/\/www.tpl-vision.com\/wp-content\/uploads\/2022\/10\/TPL_FIS_Application_3-40x30.jpeg 40w, https:\/\/www.tpl-vision.com\/wp-content\/uploads\/2022\/10\/TPL_FIS_Application_3-55x41.jpeg 55w, https:\/\/www.tpl-vision.com\/wp-content\/uploads\/2022\/10\/TPL_FIS_Application_3-100x75.jpeg 100w\" sizes=\"(max-width: 800px) 100vw, 800px\" \/><\/a><figcaption class=\"wp-element-caption\">Inspection de colle UV<\/figcaption><\/figure>\n<\/div>\n\n\n\n<div class=\"wp-block-column is-layout-flow wp-block-column-is-layout-flow\">\n<figure class=\"wp-block-image size-full\"><a href=\"https:\/\/www.tpl-vision.com\/wp-content\/uploads\/2022\/10\/TPL_FIS_Application_4.jpeg\"><img loading=\"lazy\" decoding=\"async\" width=\"800\" height=\"600\" src=\"https:\/\/www.tpl-vision.com\/wp-content\/uploads\/2022\/10\/TPL_FIS_Application_4.jpeg\" alt=\"\" class=\"wp-image-2325\" srcset=\"https:\/\/www.tpl-vision.com\/wp-content\/uploads\/2022\/10\/TPL_FIS_Application_4.jpeg 800w, https:\/\/www.tpl-vision.com\/wp-content\/uploads\/2022\/10\/TPL_FIS_Application_4-300x225.jpeg 300w, https:\/\/www.tpl-vision.com\/wp-content\/uploads\/2022\/10\/TPL_FIS_Application_4-768x576.jpeg 768w, https:\/\/www.tpl-vision.com\/wp-content\/uploads\/2022\/10\/TPL_FIS_Application_4-600x450.jpeg 600w, https:\/\/www.tpl-vision.com\/wp-content\/uploads\/2022\/10\/TPL_FIS_Application_4-175x131.jpeg 175w, https:\/\/www.tpl-vision.com\/wp-content\/uploads\/2022\/10\/TPL_FIS_Application_4-40x30.jpeg 40w, https:\/\/www.tpl-vision.com\/wp-content\/uploads\/2022\/10\/TPL_FIS_Application_4-55x41.jpeg 55w, https:\/\/www.tpl-vision.com\/wp-content\/uploads\/2022\/10\/TPL_FIS_Application_4-100x75.jpeg 100w\" sizes=\"(max-width: 800px) 100vw, 800px\" \/><\/a><figcaption class=\"wp-element-caption\">Inspection de timbres d\u2019accise<\/figcaption><\/figure>\n<\/div>\n<\/div>\n\n<h2 class=\"wp-block-heading\">Pr\u00e9sentation du produit<\/h2>\n\n<figure class=\"wp-block-embed is-type-video is-provider-vimeo wp-block-embed-vimeo wp-embed-aspect-16-9 wp-has-aspect-ratio\"><div class=\"wp-block-embed__wrapper\">\n<iframe title=\"Fluorescence Imaging Solution product introduction\" src=\"https:\/\/player.vimeo.com\/video\/715489861?h=c1be2f4874&amp;dnt=1&amp;app_id=122963\" width=\"800\" height=\"450\" frameborder=\"0\" allow=\"autoplay; fullscreen; picture-in-picture\" allowfullscreen><\/iframe>\n<\/div><\/figure>\n\n<div style=\"height:30px\" aria-hidden=\"true\" class=\"wp-block-spacer\"><\/div>\n\n<h2 class=\"wp-block-heading\">Gagnant des Innovators Award<\/h2>\n\n<figure class=\"wp-block-image size-full\"><img loading=\"lazy\" decoding=\"async\" width=\"710\" height=\"420\" src=\"https:\/\/www.tpl-vision.com\/wp-content\/uploads\/2023\/05\/TPL_FIS_VSD_Award.jpg\" alt=\"fluorescence imaging solution\" class=\"wp-image-13265\" srcset=\"https:\/\/www.tpl-vision.com\/wp-content\/uploads\/2023\/05\/TPL_FIS_VSD_Award.jpg 710w, https:\/\/www.tpl-vision.com\/wp-content\/uploads\/2023\/05\/TPL_FIS_VSD_Award-300x177.jpg 300w, https:\/\/www.tpl-vision.com\/wp-content\/uploads\/2023\/05\/TPL_FIS_VSD_Award-600x355.jpg 600w, https:\/\/www.tpl-vision.com\/wp-content\/uploads\/2023\/05\/TPL_FIS_VSD_Award-175x104.jpg 175w, https:\/\/www.tpl-vision.com\/wp-content\/uploads\/2023\/05\/TPL_FIS_VSD_Award-40x24.jpg 40w, https:\/\/www.tpl-vision.com\/wp-content\/uploads\/2023\/05\/TPL_FIS_VSD_Award-55x33.jpg 55w, https:\/\/www.tpl-vision.com\/wp-content\/uploads\/2023\/05\/TPL_FIS_VSD_Award-100x59.jpg 100w\" sizes=\"(max-width: 710px) 100vw, 710px\" \/><\/figure>\n\n<p>Les Vision Systems Design Innovators Awards r\u00e9compensent les produits les plus innovants dans le domaine de la vision et du traitement d&rsquo;images. Le Fluorescence Imaging Solution a remport\u00e9 le prix de bronze en 2023. <\/p>\n\n<div style=\"height:30px\" aria-hidden=\"true\" class=\"wp-block-spacer\"><\/div>\n\n<h2 class=\"wp-block-heading\">Informations techniques<\/h2>\n\n<p>Veuillez cliquer sur les onglets ci-dessous.<\/p>\n\n<div class=\"wp-block-pb-accordion-item c-accordion__item js-accordion-item no-js\" data-initially-open=\"false\" data-click-to-close=\"true\" data-auto-close=\"true\" data-scroll=\"false\" data-scroll-offset=\"0\"><h3 id=\"at-21100\" class=\"c-accordion__title js-accordion-controller\" role=\"button\">M\u00e9thode d&rsquo;\u00e9clairage<\/h3><div id=\"ac-21100\" class=\"c-accordion__content\">\n<figure class=\"wp-block-image size-full is-resized\"><img loading=\"lazy\" decoding=\"async\" src=\"https:\/\/www.tpl-vision.com\/wp-content\/uploads\/2022\/10\/TPL_LightingMethod_DOME_2.jpg\" alt=\"\" class=\"wp-image-3316\" width=\"334\" height=\"334\" srcset=\"https:\/\/www.tpl-vision.com\/wp-content\/uploads\/2022\/10\/TPL_LightingMethod_DOME_2.jpg 500w, https:\/\/www.tpl-vision.com\/wp-content\/uploads\/2022\/10\/TPL_LightingMethod_DOME_2-300x300.jpg 300w, https:\/\/www.tpl-vision.com\/wp-content\/uploads\/2022\/10\/TPL_LightingMethod_DOME_2-150x150.jpg 150w, https:\/\/www.tpl-vision.com\/wp-content\/uploads\/2022\/10\/TPL_LightingMethod_DOME_2-360x360.jpg 360w, https:\/\/www.tpl-vision.com\/wp-content\/uploads\/2022\/10\/TPL_LightingMethod_DOME_2-175x175.jpg 175w, https:\/\/www.tpl-vision.com\/wp-content\/uploads\/2022\/10\/TPL_LightingMethod_DOME_2-50x50.jpg 50w, https:\/\/www.tpl-vision.com\/wp-content\/uploads\/2022\/10\/TPL_LightingMethod_DOME_2-100x100.jpg 100w, https:\/\/www.tpl-vision.com\/wp-content\/uploads\/2022\/10\/TPL_LightingMethod_DOME_2-40x40.jpg 40w, https:\/\/www.tpl-vision.com\/wp-content\/uploads\/2022\/10\/TPL_LightingMethod_DOME_2-55x55.jpg 55w\" sizes=\"(max-width: 334px) 100vw, 334px\" \/><\/figure>\n<\/div><\/div>\n\n<div class=\"wp-block-pb-accordion-item c-accordion__item js-accordion-item no-js\" data-initially-open=\"false\" data-click-to-close=\"true\" data-auto-close=\"true\" data-scroll=\"false\" data-scroll-offset=\"0\"><h3 id=\"at-21101\" class=\"c-accordion__title js-accordion-controller\" role=\"button\">Constructeur de r\u00e9f\u00e9rence<\/h3><div id=\"ac-21101\" class=\"c-accordion__content\">\n<figure class=\"wp-block-image size-full\"><a href=\"https:\/\/www.tpl-vision.com\/wp-content\/uploads\/2023\/01\/TPL_Fluorescence_Imaging_Solution_Reference_Builder_FR.jpg\"><img decoding=\"async\" src=\"https:\/\/www.tpl-vision.com\/wp-content\/uploads\/2023\/01\/TPL_Fluorescence_Imaging_Solution_Reference_Builder_FR.jpg\" alt=\"\" class=\"wp-image-9289\"\/><\/a><\/figure>\n<\/div><\/div>\n\n<div style=\"height:30px\" aria-hidden=\"true\" class=\"wp-block-spacer\"><\/div>\n\n<h2 class=\"wp-block-heading\">FAQ<\/h2>\n\n<div class=\"wp-block-pb-accordion-item c-accordion__item js-accordion-item no-js\" data-initially-open=\"false\" data-click-to-close=\"true\" data-auto-close=\"false\" data-scroll=\"false\" data-scroll-offset=\"0\"><h3 id=\"at-21102\" class=\"c-accordion__title js-accordion-controller\" role=\"button\">Qu&rsquo;est-ce que la lumi\u00e8re UV?<\/h3><div id=\"ac-21102\" class=\"c-accordion__content\">\n<p class=\"has-text-align-left\">Les rayons UV (ultra violets) sont des rayonnements \u00e9lectromagn\u00e9tiques situ\u00e9s entre <strong>280 et 400 nm.<\/strong> Bien qu\u2019invisibles \u00e0 l\u2019\u0153il nu, ils peuvent \u00eatre observ\u00e9es par imagerie de fluorescence. Lorsqu\u2019elles sont soumises \u00e0 des longueurs d\u2019onde UV, les substances fluorescentes <strong>absorbent<\/strong> et <strong>r\u00e9\u00e9mettent<\/strong> la lumi\u00e8re UV sous forme de <strong>rayonnement visible<\/strong> de longueur d\u2019onde plus longue, g\u00e9n\u00e9ralement bleu (470 nm) ou vert (525 nm). Cela peut \u00eatre observ\u00e9 par une <strong>cam\u00e9ra<\/strong> et des <strong>filtres<\/strong> bloquant toutes les longueurs d\u2019onde ind\u00e9sirables.<\/p>\n<\/div><\/div>\n\n<div class=\"wp-block-pb-accordion-item c-accordion__item js-accordion-item no-js\" data-initially-open=\"false\" data-click-to-close=\"true\" data-auto-close=\"false\" data-scroll=\"false\" data-scroll-offset=\"0\"><h3 id=\"at-21103\" class=\"c-accordion__title js-accordion-controller\" role=\"button\">Comment la lumi\u00e8re UV est-elle utilis\u00e9e?<\/h3><div id=\"ac-21103\" class=\"c-accordion__content\">\n<p>Les utilisations courantes de l\u2019\u00e9clairage ultraviolet comportent les processus <strong>m\u00e9dicaux<\/strong> et <strong>industriels<\/strong> utilis\u00e9s pour la d\u00e9sinfection et le contr\u00f4le d\u2019hygi\u00e8ne, ainsi que les applications <strong>commerciales<\/strong> d\u00e9tectant les encres de s\u00e9curit\u00e9 et les caract\u00e9ristiques d\u2019emballage anti-contrefa\u00e7on. Les marquages de s\u00e9curit\u00e9 sont utilis\u00e9s pour lutter contre la <strong>contrefa\u00e7on<\/strong> sous la forme de codes 2D, de codes-barres, de codes alphanum\u00e9riques, d\u2019images et de graphiques, en prot\u00e9geant l\u2019authenticit\u00e9 de la marque et en soutenant le suivi de la cha\u00eene d\u2019approvisionnement. Selon le type d\u2019encre utilis\u00e9, ces caract\u00e9ristiques peuvent devenir fluorescentes avec une <strong>large gamme de longueurs d\u2019onde UV<\/strong>, mais certains types d\u2019encres, plus sp\u00e9cialis\u00e9es, ne r\u00e9agissent qu\u2019avec une bande \u00e9troite de longueurs d\u2019onde. Les logos et codes de tra\u00e7abilit\u00e9 permettent d\u2019int\u00e9grer <strong>diff\u00e9rents types d\u2019informations<\/strong> (num\u00e9ros de lot, r\u00e9sultats d\u2019inspection, etc.) sans affecter la conception de l\u2019emballage du produit.<\/p>\n\n\n\n<figure class=\"wp-block-image size-full\"><img loading=\"lazy\" decoding=\"async\" width=\"768\" height=\"512\" src=\"https:\/\/www.tpl-vision.com\/wp-content\/uploads\/2022\/10\/Rupees_UV-FIS-TPLVision.jpeg\" alt=\"\" class=\"wp-image-2335\" srcset=\"https:\/\/www.tpl-vision.com\/wp-content\/uploads\/2022\/10\/Rupees_UV-FIS-TPLVision.jpeg 768w, https:\/\/www.tpl-vision.com\/wp-content\/uploads\/2022\/10\/Rupees_UV-FIS-TPLVision-300x200.jpeg 300w, https:\/\/www.tpl-vision.com\/wp-content\/uploads\/2022\/10\/Rupees_UV-FIS-TPLVision-600x400.jpeg 600w, https:\/\/www.tpl-vision.com\/wp-content\/uploads\/2022\/10\/Rupees_UV-FIS-TPLVision-175x117.jpeg 175w, https:\/\/www.tpl-vision.com\/wp-content\/uploads\/2022\/10\/Rupees_UV-FIS-TPLVision-40x27.jpeg 40w, https:\/\/www.tpl-vision.com\/wp-content\/uploads\/2022\/10\/Rupees_UV-FIS-TPLVision-55x37.jpeg 55w, https:\/\/www.tpl-vision.com\/wp-content\/uploads\/2022\/10\/Rupees_UV-FIS-TPLVision-100x67.jpeg 100w\" sizes=\"(max-width: 768px) 100vw, 768px\" \/><\/figure>\n<\/div><\/div>\n\n<div class=\"wp-block-pb-accordion-item c-accordion__item js-accordion-item no-js\" data-initially-open=\"false\" data-click-to-close=\"true\" data-auto-close=\"false\" data-scroll=\"false\" data-scroll-offset=\"0\"><h3 id=\"at-21104\" class=\"c-accordion__title js-accordion-controller\" role=\"button\">Que sont les dispositifs de s\u00e9curit\u00e9 UV?<\/h3><div id=\"ac-21104\" class=\"c-accordion__content\">\n<p>Les encres UV sont souvent utilis\u00e9es comme \u00e9l\u00e9ments de s\u00e9curit\u00e9 renforc\u00e9e pour les <strong>documents d\u2019identit\u00e9<\/strong> tels que les cartes d\u2019identit\u00e9 et les passeports, ainsi que pour les <strong>timbres d\u2019accis<\/strong>e. Ils combinent g\u00e9n\u00e9ralement des caract\u00e9ristiques <strong>manifestes<\/strong> (visibles \u00e0 l\u2019\u0153il nu) et <strong>cach\u00e9es<\/strong> (visibles uniquement \u00e0 l\u2019aide d\u2019un outil). Les caract\u00e9ristiques cach\u00e9es telles que le texte ou les symboles fluorescents aux UV rendent plus difficile la cr\u00e9ation de contrefa\u00e7ons, mais sont toujours facilement d\u00e9tectables \u00e0 des fins de v\u00e9rification.<\/p>\n\n\n\n<div class=\"wp-block-columns is-layout-flex wp-container-core-columns-layout-3 wp-block-columns-is-layout-flex\">\n<div class=\"wp-block-column is-layout-flow wp-block-column-is-layout-flow\"><div class=\"wp-block-image\">\n<figure class=\"aligncenter size-full\"><img loading=\"lazy\" decoding=\"async\" width=\"300\" height=\"300\" src=\"https:\/\/www.tpl-vision.com\/wp-content\/uploads\/2022\/10\/fis-faq-uv.jpeg\" alt=\"\" class=\"wp-image-2329\" srcset=\"https:\/\/www.tpl-vision.com\/wp-content\/uploads\/2022\/10\/fis-faq-uv.jpeg 300w, https:\/\/www.tpl-vision.com\/wp-content\/uploads\/2022\/10\/fis-faq-uv-150x150.jpeg 150w, https:\/\/www.tpl-vision.com\/wp-content\/uploads\/2022\/10\/fis-faq-uv-100x100.jpeg 100w, https:\/\/www.tpl-vision.com\/wp-content\/uploads\/2022\/10\/fis-faq-uv-50x50.jpeg 50w, https:\/\/www.tpl-vision.com\/wp-content\/uploads\/2022\/10\/fis-faq-uv-40x40.jpeg 40w, https:\/\/www.tpl-vision.com\/wp-content\/uploads\/2022\/10\/fis-faq-uv-55x55.jpeg 55w\" sizes=\"(max-width: 300px) 100vw, 300px\" \/><\/figure><\/div><\/div>\n\n\n\n<div class=\"wp-block-column is-layout-flow wp-block-column-is-layout-flow\"><div class=\"wp-block-image\">\n<figure class=\"aligncenter size-full\"><img loading=\"lazy\" decoding=\"async\" width=\"300\" height=\"300\" src=\"https:\/\/www.tpl-vision.com\/wp-content\/uploads\/2022\/10\/fis-faq-uv-2.jpeg\" alt=\"\" class=\"wp-image-2332\" srcset=\"https:\/\/www.tpl-vision.com\/wp-content\/uploads\/2022\/10\/fis-faq-uv-2.jpeg 300w, https:\/\/www.tpl-vision.com\/wp-content\/uploads\/2022\/10\/fis-faq-uv-2-150x150.jpeg 150w, https:\/\/www.tpl-vision.com\/wp-content\/uploads\/2022\/10\/fis-faq-uv-2-175x175.jpeg 175w, https:\/\/www.tpl-vision.com\/wp-content\/uploads\/2022\/10\/fis-faq-uv-2-50x50.jpeg 50w, https:\/\/www.tpl-vision.com\/wp-content\/uploads\/2022\/10\/fis-faq-uv-2-100x100.jpeg 100w, https:\/\/www.tpl-vision.com\/wp-content\/uploads\/2022\/10\/fis-faq-uv-2-40x40.jpeg 40w, https:\/\/www.tpl-vision.com\/wp-content\/uploads\/2022\/10\/fis-faq-uv-2-55x55.jpeg 55w\" sizes=\"(max-width: 300px) 100vw, 300px\" \/><\/figure><\/div><\/div>\n<\/div>\n<\/div><\/div>\n","protected":false},"excerpt":{"rendered":"<p align=\"justify\">Le <strong>Fluorescence Imaging Solution*<\/strong> (FIS) de TPL Vision est <strong>un d\u00f4me UV \u00e0 longueurs d\u2019onde multiples<\/strong>, adapt\u00e9 aux applications d\u2019<strong>authentification<\/strong>, de <strong>tra\u00e7abilit\u00e9<\/strong> et d\u2019<strong>inspection par fluorescence<\/strong>. En raison de sa conception unique qui permet aux utilisateurs de tester et de s\u00e9lectionner plusieurs longueurs d\u2019onde (<strong>UV365<\/strong>, <strong>UV395<\/strong> &amp; <strong>UV405)<\/strong>, le FIS convient \u00e0 l\u2019inspection des <strong>billets de banque<\/strong> et des <strong>timbres d\u2019accise<\/strong>. Il permet de lutter efficacement contre les <strong>contrefa\u00e7ons<\/strong> dans les domaines pharmaceutique, \u00e9lectronique, du tabac, de l\u2019alcool et des produits de luxe (y compris les parfums).<\/p>\n<p align=\"justify\"><strong>Compatible<\/strong> avec n\u2019importe quelle <strong>cam\u00e9ra<\/strong> d\u00e9di\u00e9e au spectre visible, le FIS est <strong>une solution UV tout-en-un<\/strong> qui maximise \u00e9galement la s\u00e9curit\u00e9 des op\u00e9rateurs en bloquant <strong>le rayonnement UV direct<\/strong> par le biais du d\u00f4me et du filtre int\u00e9gr\u00e9.<\/p>\n<ul>\n<li>Strobe puissant avec contr\u00f4le de courant int\u00e9gr\u00e9 pour une installation simplifi\u00e9e<\/li>\n<li>D\u00f4me homog\u00e8ne avec finition exclusive, adapt\u00e9 aux surfaces complexes comme le verre et les m\u00e9taux brillants<\/li>\n<li>Espace de travail s\u00e9curis\u00e9 pour les op\u00e9rateurs gr\u00e2ce au d\u00f4me et au filtre int\u00e9gr\u00e9 qui bloquent tout rayonnement UV direct<\/li>\n<li>Solution UV tout-en-un avec filtre LP415 int\u00e9gr\u00e9. Il vous suffit de placer la cam\u00e9ra !<\/li>\n<\/ul>\n<p>* Solution brevet\u00e9e<\/p>\n","protected":false},"featured_media":24033,"comment_status":"closed","ping_status":"closed","template":"","meta":{"_seopress_robots_primary_cat":"none","_seopress_titles_title":"Fluorescence Imaging Solution - \u00e9clairage D\u00f4me par TPL Vision","_seopress_titles_desc":"Solution multi-UV tout-en-un, pour la lecture de codes et les applications de vision. \u00c9clairage d\u00f4me UV365, 395 et 405 nm. ","_seopress_robots_index":"","_monsterinsights_skip_tracking":false,"_monsterinsights_sitenote_active":false,"_monsterinsights_sitenote_note":"","_monsterinsights_sitenote_category":0},"product_cat":[76,492],"product_tag":[],"_links":{"self":[{"href":"https:\/\/www.tpl-vision.com\/fr\/wp-json\/wp\/v2\/product\/2228"}],"collection":[{"href":"https:\/\/www.tpl-vision.com\/fr\/wp-json\/wp\/v2\/product"}],"about":[{"href":"https:\/\/www.tpl-vision.com\/fr\/wp-json\/wp\/v2\/types\/product"}],"replies":[{"embeddable":true,"href":"https:\/\/www.tpl-vision.com\/fr\/wp-json\/wp\/v2\/comments?post=2228"}],"wp:featuredmedia":[{"embeddable":true,"href":"https:\/\/www.tpl-vision.com\/fr\/wp-json\/wp\/v2\/media\/24033"}],"wp:attachment":[{"href":"https:\/\/www.tpl-vision.com\/fr\/wp-json\/wp\/v2\/media?parent=2228"}],"wp:term":[{"taxonomy":"product_cat","embeddable":true,"href":"https:\/\/www.tpl-vision.com\/fr\/wp-json\/wp\/v2\/product_cat?post=2228"},{"taxonomy":"product_tag","embeddable":true,"href":"https:\/\/www.tpl-vision.com\/fr\/wp-json\/wp\/v2\/product_tag?post=2228"}],"curies":[{"name":"wp","href":"https:\/\/api.w.org\/{rel}","templated":true}]}}