{"id":2240,"date":"2022-10-20T14:15:57","date_gmt":"2022-10-20T12:15:57","guid":{"rendered":"https:\/\/www.tpl-vision.com\/overview\/non%20class\u00e9\/flood-light\/"},"modified":"2025-10-06T12:01:00","modified_gmt":"2025-10-06T10:01:00","slug":"flood-light","status":"publish","type":"product","link":"https:\/\/www.tpl-vision.com\/fr\/vuedensemble\/spot-fr\/flood-light\/","title":{"rendered":"FLOOD Light"},"content":{"rendered":"\n<h2 class=\"wp-block-heading\">Pr\u00e9sentation produit<\/h2>\n\n\n\n<figure class=\"wp-block-embed is-type-video is-provider-vimeo wp-block-embed-vimeo wp-embed-aspect-16-9 wp-has-aspect-ratio\"><div class=\"wp-block-embed__wrapper\">\n<iframe title=\"Flood light by TPL Vision\" src=\"https:\/\/player.vimeo.com\/video\/612676973?h=d1974e81a7&amp;dnt=1&amp;app_id=122963\" width=\"800\" height=\"450\" frameborder=\"0\" allow=\"autoplay; fullscreen; picture-in-picture\" allowfullscreen><\/iframe>\n<\/div><\/figure>\n\n\n\n<div style=\"height:30px\" aria-hidden=\"true\" class=\"wp-block-spacer\"><\/div>\n\n\n\n<h2 class=\"wp-block-heading\">Informations techniques<\/h2>\n\n\n\n<p><em>Veuillez cliquer sur les onglets ci-dessous.<\/em><\/p>\n\n\n\n<div class=\"wp-block-pb-accordion-item c-accordion__item js-accordion-item no-js\" data-initially-open=\"false\" data-click-to-close=\"true\" data-auto-close=\"true\" data-scroll=\"false\" data-scroll-offset=\"0\"><h3 id=\"at-22400\" class=\"c-accordion__title js-accordion-controller\" role=\"button\">M\u00e9thode d&rsquo;\u00e9clairage<\/h3><div id=\"ac-22400\" class=\"c-accordion__content\">\n<figure class=\"wp-block-image size-full is-resized\"><img fetchpriority=\"high\" decoding=\"async\" width=\"500\" height=\"500\" src=\"https:\/\/www.tpl-vision.com\/wp-content\/uploads\/2022\/10\/TPL_LightingMethod_SPOT_DIRECT.jpg\" alt=\"\" class=\"wp-image-2747\" style=\"width:362px;height:362px\" srcset=\"https:\/\/www.tpl-vision.com\/wp-content\/uploads\/2022\/10\/TPL_LightingMethod_SPOT_DIRECT.jpg 500w, https:\/\/www.tpl-vision.com\/wp-content\/uploads\/2022\/10\/TPL_LightingMethod_SPOT_DIRECT-300x300.jpg 300w, https:\/\/www.tpl-vision.com\/wp-content\/uploads\/2022\/10\/TPL_LightingMethod_SPOT_DIRECT-150x150.jpg 150w, https:\/\/www.tpl-vision.com\/wp-content\/uploads\/2022\/10\/TPL_LightingMethod_SPOT_DIRECT-360x360.jpg 360w, https:\/\/www.tpl-vision.com\/wp-content\/uploads\/2022\/10\/TPL_LightingMethod_SPOT_DIRECT-175x175.jpg 175w, https:\/\/www.tpl-vision.com\/wp-content\/uploads\/2022\/10\/TPL_LightingMethod_SPOT_DIRECT-50x50.jpg 50w, https:\/\/www.tpl-vision.com\/wp-content\/uploads\/2022\/10\/TPL_LightingMethod_SPOT_DIRECT-100x100.jpg 100w, https:\/\/www.tpl-vision.com\/wp-content\/uploads\/2022\/10\/TPL_LightingMethod_SPOT_DIRECT-40x40.jpg 40w, https:\/\/www.tpl-vision.com\/wp-content\/uploads\/2022\/10\/TPL_LightingMethod_SPOT_DIRECT-55x55.jpg 55w\" sizes=\"(max-width: 500px) 100vw, 500px\" \/><\/figure>\n<\/div><\/div>\n\n\n\n<div class=\"wp-block-pb-accordion-item c-accordion__item js-accordion-item no-js\" data-initially-open=\"false\" data-click-to-close=\"true\" data-auto-close=\"true\" data-scroll=\"false\" data-scroll-offset=\"0\"><h3 id=\"at-22401\" class=\"c-accordion__title js-accordion-controller\" role=\"button\">Constructeur de r\u00e9f\u00e9rence<\/h3><div id=\"ac-22401\" class=\"c-accordion__content\">\n<figure class=\"wp-block-image size-full\"><a href=\"https:\/\/www.tpl-vision.com\/wp-content\/uploads\/2023\/01\/TPL_FLOOD_Light_Reference_Builder_FR.jpg\"><img decoding=\"async\" src=\"https:\/\/www.tpl-vision.com\/wp-content\/uploads\/2023\/01\/TPL_FLOOD_Light_Reference_Builder_FR.jpg\" alt=\"\" class=\"wp-image-9265\"\/><\/a><\/figure>\n<\/div><\/div>\n","protected":false},"excerpt":{"rendered":"<p>Le <strong>FLOOD Light<\/strong> de TPL Vision est un panneau \u00e0 leds <strong>haute puissance<\/strong>, qui permet d\u2019\u00e9clairer, \u00e0 distance, de <strong>tr\u00e8s grandes surfaces.<\/strong> Il est sp\u00e9cialement d\u00e9di\u00e9 au march\u00e9 de la <strong>logistique<\/strong>, et notamment au contr\u00f4le du <strong>processus de palettisation<\/strong>. Le FLOOD Light poss\u00e8de de tr\u00e8s <strong>fines bordures<\/strong> et d\u00e9gage une <strong>lumi\u00e8re uniforme<\/strong> depuis l\u2019<strong>ensemble de la surface utile<\/strong>, y compris depuis les bords. De faible \u00e9paisseur, il poss\u00e8de un <strong>espace<\/strong> en son centre pour <strong>ins\u00e9rer la cam\u00e9ra<\/strong>. Une <strong>platine de fixation<\/strong> permet d\u2019ailleurs, \u00e0 l\u2019aide des accessoires de fixation TPL Vision (en option), de facilement int\u00e9grer la cam\u00e9ra. \u00c9quip\u00e9 d\u2019un diffusant satin\u00e9 et de lentilles \u00b117\u00b0, il est disponible dans 2 dimensions (200x300mm et 300x600mm) et dans plusieurs longueurs d\u2019ondes (blanc, bleu, rouge et infrarouge).<\/p>\n<ul>\n<li>\u00c9CLAIRAGE HAUTE PUISSANCE<\/li>\n<li>OVERDRIVE<\/li>\n<li>DIFFUSANT SATIN\u00c9<\/li>\n<\/ul>\n","protected":false},"featured_media":24070,"comment_status":"closed","ping_status":"closed","template":"","meta":{"_seopress_robots_primary_cat":"none","_seopress_titles_title":"","_seopress_titles_desc":"","_seopress_robots_index":"","_monsterinsights_skip_tracking":false,"_monsterinsights_sitenote_active":false,"_monsterinsights_sitenote_note":"","_monsterinsights_sitenote_category":0},"product_cat":[80],"product_tag":[],"_links":{"self":[{"href":"https:\/\/www.tpl-vision.com\/fr\/wp-json\/wp\/v2\/product\/2240"}],"collection":[{"href":"https:\/\/www.tpl-vision.com\/fr\/wp-json\/wp\/v2\/product"}],"about":[{"href":"https:\/\/www.tpl-vision.com\/fr\/wp-json\/wp\/v2\/types\/product"}],"replies":[{"embeddable":true,"href":"https:\/\/www.tpl-vision.com\/fr\/wp-json\/wp\/v2\/comments?post=2240"}],"wp:featuredmedia":[{"embeddable":true,"href":"https:\/\/www.tpl-vision.com\/fr\/wp-json\/wp\/v2\/media\/24070"}],"wp:attachment":[{"href":"https:\/\/www.tpl-vision.com\/fr\/wp-json\/wp\/v2\/media?parent=2240"}],"wp:term":[{"taxonomy":"product_cat","embeddable":true,"href":"https:\/\/www.tpl-vision.com\/fr\/wp-json\/wp\/v2\/product_cat?post=2240"},{"taxonomy":"product_tag","embeddable":true,"href":"https:\/\/www.tpl-vision.com\/fr\/wp-json\/wp\/v2\/product_tag?post=2240"}],"curies":[{"name":"wp","href":"https:\/\/api.w.org\/{rel}","templated":true}]}}