{"id":2242,"date":"2022-10-20T12:32:00","date_gmt":"2022-10-20T10:32:00","guid":{"rendered":"https:\/\/www.tpl-vision.com\/overview\/non%20class\u00e9\/tring\/"},"modified":"2026-03-30T15:39:35","modified_gmt":"2026-03-30T13:39:35","slug":"tring","status":"publish","type":"product","link":"https:\/\/www.tpl-vision.com\/fr\/vuedensemble\/ring-fr\/tring\/","title":{"rendered":"TRING"},"content":{"rendered":"\n<h2 class=\"wp-block-heading\">Informations techniques<\/h2>\n\n<p><em>Veuillez cliquer sur les onglets ci-dessous.<\/em><\/p>\n\n<div class=\"wp-block-pb-accordion-item c-accordion__item js-accordion-item no-js\" data-initially-open=\"false\" data-click-to-close=\"true\" data-auto-close=\"true\" data-scroll=\"false\" data-scroll-offset=\"0\"><h3 id=\"at-20540\" class=\"c-accordion__title js-accordion-controller\" role=\"button\">M\u00e9thode d&rsquo;\u00e9clairage<\/h3><div id=\"ac-20540\" class=\"c-accordion__content\">\n<figure class=\"wp-block-image size-full is-resized\"><img fetchpriority=\"high\" decoding=\"async\" width=\"500\" height=\"500\" src=\"https:\/\/www.tpl-vision.com\/wp-content\/uploads\/2022\/10\/TPL_LightingMethod_RING_DIRECT.jpg\" alt=\"\" class=\"wp-image-2761\" style=\"width:381px;height:381px\" srcset=\"https:\/\/www.tpl-vision.com\/wp-content\/uploads\/2022\/10\/TPL_LightingMethod_RING_DIRECT.jpg 500w, https:\/\/www.tpl-vision.com\/wp-content\/uploads\/2022\/10\/TPL_LightingMethod_RING_DIRECT-300x300.jpg 300w, https:\/\/www.tpl-vision.com\/wp-content\/uploads\/2022\/10\/TPL_LightingMethod_RING_DIRECT-150x150.jpg 150w, https:\/\/www.tpl-vision.com\/wp-content\/uploads\/2022\/10\/TPL_LightingMethod_RING_DIRECT-100x100.jpg 100w, https:\/\/www.tpl-vision.com\/wp-content\/uploads\/2022\/10\/TPL_LightingMethod_RING_DIRECT-50x50.jpg 50w, https:\/\/www.tpl-vision.com\/wp-content\/uploads\/2022\/10\/TPL_LightingMethod_RING_DIRECT-40x40.jpg 40w, https:\/\/www.tpl-vision.com\/wp-content\/uploads\/2022\/10\/TPL_LightingMethod_RING_DIRECT-55x55.jpg 55w\" sizes=\"(max-width: 500px) 100vw, 500px\" \/><\/figure>\n<\/div><\/div>\n\n<div class=\"wp-block-pb-accordion-item c-accordion__item js-accordion-item no-js\" data-initially-open=\"false\" data-click-to-close=\"true\" data-auto-close=\"true\" data-scroll=\"false\" data-scroll-offset=\"0\"><h3 id=\"at-20541\" class=\"c-accordion__title js-accordion-controller\" role=\"button\">Zone d&rsquo;\u00e9clairage<\/h3><div id=\"ac-20541\" class=\"c-accordion__content\">\n<figure class=\"wp-block-image size-full is-resized\"><img decoding=\"async\" src=\"https:\/\/www.tpl-vision.com\/wp-content\/uploads\/2023\/01\/TPL_TRING_Lighting_Area_FR.jpg\" alt=\"\" class=\"wp-image-10205\" style=\"width:585px;height:479px\"\/><\/figure>\n<\/div><\/div>\n\n<div class=\"wp-block-pb-accordion-item c-accordion__item js-accordion-item no-js\" data-initially-open=\"false\" data-click-to-close=\"true\" data-auto-close=\"true\" data-scroll=\"false\" data-scroll-offset=\"0\"><h3 id=\"at-20542\" class=\"c-accordion__title js-accordion-controller\" role=\"button\">Constructeur de r\u00e9f\u00e9rence<\/h3><div id=\"ac-20542\" class=\"c-accordion__content\">\n<figure class=\"wp-block-image size-full\"><a href=\"https:\/\/www.tpl-vision.com\/wp-content\/uploads\/2025\/04\/TPL_TRING_RefBuilder_FR.png\"><img decoding=\"async\" src=\"https:\/\/www.tpl-vision.com\/wp-content\/uploads\/2025\/04\/TPL_TRING_RefBuilder_FR.png\" alt=\"tring\" class=\"wp-image-20563\"\/><\/a><\/figure>\n<\/div><\/div>\n","protected":false},"excerpt":{"rendered":"<p>Dot\u00e9 de <strong>9 leds haute puissance<\/strong>, le <strong>TRING<\/strong> est un annulaire miniature sp\u00e9cialement con\u00e7u pour l\u2019\u00e9clairage diffus de surfaces circulaires. Il est \u00e9quip\u00e9 d\u2019une <strong>alimentation \u00e0 contr\u00f4le de courant<\/strong> sur c\u00e2ble, permettant de r\u00e9guler l\u2019intensit\u00e9 du courant et ainsi garantir la stabilit\u00e9 de l\u2019\u00e9clairage.<\/p>\n<ul>\n<li>9 LEDS HAUTE PUISSANCE<\/li>\n<li>R\u00c9GULATION DE COURANT INT\u00c9GR\u00c9E<\/li>\n<li>MODES CONTINU OU STROBE<\/li>\n<\/ul>\n<p>Le TRING poss\u00e8de \u00e9galement un connecteur M12, pour un branchement simplifi\u00e9 sur les cha\u00eenes de production. Que ce soit en mode <strong>continu<\/strong> ou <strong>strobe<\/strong>, le TRING accompagne parfaitement une cam\u00e9ra dans ses t\u00e2ches de <strong>contr\u00f4le qualit\u00e9<\/strong> : lecture de codes, v\u00e9rification pr\u00e9sence\/absence, contr\u00f4le de surfaces&#8230;<\/p>\n","protected":false},"featured_media":24030,"comment_status":"closed","ping_status":"closed","template":"","meta":{"_seopress_robots_primary_cat":"none","_seopress_titles_title":"","_seopress_titles_desc":"Annulaire d'\u00e9clairage compact pour espaces confin\u00e9s. 9 LED puissantes pour les applications de vision industrielle et d'automatisation. ","_seopress_robots_index":"","_monsterinsights_skip_tracking":false,"_monsterinsights_sitenote_active":false,"_monsterinsights_sitenote_note":"","_monsterinsights_sitenote_category":0},"product_cat":[83],"product_tag":[],"_links":{"self":[{"href":"https:\/\/www.tpl-vision.com\/fr\/wp-json\/wp\/v2\/product\/2242"}],"collection":[{"href":"https:\/\/www.tpl-vision.com\/fr\/wp-json\/wp\/v2\/product"}],"about":[{"href":"https:\/\/www.tpl-vision.com\/fr\/wp-json\/wp\/v2\/types\/product"}],"replies":[{"embeddable":true,"href":"https:\/\/www.tpl-vision.com\/fr\/wp-json\/wp\/v2\/comments?post=2242"}],"wp:featuredmedia":[{"embeddable":true,"href":"https:\/\/www.tpl-vision.com\/fr\/wp-json\/wp\/v2\/media\/24030"}],"wp:attachment":[{"href":"https:\/\/www.tpl-vision.com\/fr\/wp-json\/wp\/v2\/media?parent=2242"}],"wp:term":[{"taxonomy":"product_cat","embeddable":true,"href":"https:\/\/www.tpl-vision.com\/fr\/wp-json\/wp\/v2\/product_cat?post=2242"},{"taxonomy":"product_tag","embeddable":true,"href":"https:\/\/www.tpl-vision.com\/fr\/wp-json\/wp\/v2\/product_tag?post=2242"}],"curies":[{"name":"wp","href":"https:\/\/api.w.org\/{rel}","templated":true}]}}