{"id":2244,"date":"2022-10-20T12:30:11","date_gmt":"2022-10-20T10:30:11","guid":{"rendered":"https:\/\/www.tpl-vision.com\/overview\/non%20class\u00e9\/high-power-hpring\/"},"modified":"2025-10-06T11:58:08","modified_gmt":"2025-10-06T09:58:08","slug":"high-power-hpring","status":"publish","type":"product","link":"https:\/\/www.tpl-vision.com\/fr\/vuedensemble\/ring-fr\/high-power-hpring\/","title":{"rendered":"High Power HPRING"},"content":{"rendered":"\n<h2 class=\"wp-block-heading\">Pr\u00e9sentation produit<\/h2>\n\n\n\n<figure class=\"wp-block-embed is-type-video is-provider-vimeo wp-block-embed-vimeo wp-embed-aspect-16-9 wp-has-aspect-ratio\"><div class=\"wp-block-embed__wrapper\">\n<iframe title=\"HPRING by TPL Vision\" src=\"https:\/\/player.vimeo.com\/video\/612673078?h=84b99f7dbd&amp;dnt=1&amp;app_id=122963\" width=\"800\" height=\"450\" frameborder=\"0\" allow=\"autoplay; fullscreen; picture-in-picture\" allowfullscreen><\/iframe>\n<\/div><\/figure>\n\n\n\n<div style=\"height:30px\" aria-hidden=\"true\" class=\"wp-block-spacer\"><\/div>\n\n\n\n<h2 class=\"wp-block-heading\">Informations techniques<\/h2>\n\n\n\n<p><em>Veuillez cliquer sur les onglets ci-dessous.<\/em><\/p>\n\n\n\n<div class=\"wp-block-pb-accordion-item c-accordion__item js-accordion-item no-js\" data-initially-open=\"false\" data-click-to-close=\"true\" data-auto-close=\"true\" data-scroll=\"false\" data-scroll-offset=\"0\"><h3 id=\"at-22440\" class=\"c-accordion__title js-accordion-controller\" role=\"button\">M\u00e9thode d&rsquo;\u00e9clairage<\/h3><div id=\"ac-22440\" class=\"c-accordion__content\">\n<figure class=\"wp-block-image size-full is-resized\"><img fetchpriority=\"high\" decoding=\"async\" width=\"500\" height=\"500\" src=\"https:\/\/www.tpl-vision.com\/wp-content\/uploads\/2022\/10\/TPL_LightingMethod_RING_DIRECT.jpg\" alt=\"\" class=\"wp-image-2761\" style=\"width:381px;height:381px\" srcset=\"https:\/\/www.tpl-vision.com\/wp-content\/uploads\/2022\/10\/TPL_LightingMethod_RING_DIRECT.jpg 500w, https:\/\/www.tpl-vision.com\/wp-content\/uploads\/2022\/10\/TPL_LightingMethod_RING_DIRECT-300x300.jpg 300w, https:\/\/www.tpl-vision.com\/wp-content\/uploads\/2022\/10\/TPL_LightingMethod_RING_DIRECT-150x150.jpg 150w, https:\/\/www.tpl-vision.com\/wp-content\/uploads\/2022\/10\/TPL_LightingMethod_RING_DIRECT-100x100.jpg 100w, https:\/\/www.tpl-vision.com\/wp-content\/uploads\/2022\/10\/TPL_LightingMethod_RING_DIRECT-50x50.jpg 50w, https:\/\/www.tpl-vision.com\/wp-content\/uploads\/2022\/10\/TPL_LightingMethod_RING_DIRECT-40x40.jpg 40w, https:\/\/www.tpl-vision.com\/wp-content\/uploads\/2022\/10\/TPL_LightingMethod_RING_DIRECT-55x55.jpg 55w\" sizes=\"(max-width: 500px) 100vw, 500px\" \/><\/figure>\n<\/div><\/div>\n\n\n\n<div class=\"wp-block-pb-accordion-item c-accordion__item js-accordion-item no-js\" data-initially-open=\"false\" data-click-to-close=\"true\" data-auto-close=\"true\" data-scroll=\"false\" data-scroll-offset=\"0\"><h3 id=\"at-22441\" class=\"c-accordion__title js-accordion-controller\" role=\"button\">Zone d&rsquo;\u00e9clairage<\/h3><div id=\"ac-22441\" class=\"c-accordion__content\">\n<figure class=\"wp-block-image size-full is-resized\"><img decoding=\"async\" src=\"https:\/\/www.tpl-vision.com\/wp-content\/uploads\/2023\/01\/TPL_HPRING_Lighting_Area_FR.jpg\" alt=\"\" class=\"wp-image-10202\" style=\"width:585px;height:479px\"\/><\/figure>\n<\/div><\/div>\n\n\n\n<div class=\"wp-block-pb-accordion-item c-accordion__item js-accordion-item no-js\" data-initially-open=\"false\" data-click-to-close=\"true\" data-auto-close=\"true\" data-scroll=\"false\" data-scroll-offset=\"0\"><h3 id=\"at-22442\" class=\"c-accordion__title js-accordion-controller\" role=\"button\">Constructeur de r\u00e9f\u00e9rence<\/h3><div id=\"ac-22442\" class=\"c-accordion__content\">\n<figure class=\"wp-block-image size-full\"><a href=\"https:\/\/www.tpl-vision.com\/wp-content\/uploads\/2025\/04\/TPL_HPRING_RefBuilder_FR.png\"><img decoding=\"async\" src=\"https:\/\/www.tpl-vision.com\/wp-content\/uploads\/2025\/04\/TPL_HPRING_RefBuilder_FR.png\" alt=\"high power hpring\" class=\"wp-image-20560\"\/><\/a><\/figure>\n<\/div><\/div>\n","protected":false},"excerpt":{"rendered":"<p>Le <strong>HPRING<\/strong> est un <strong>annulaire<\/strong> compos\u00e9 de <strong>12 leds haute puissance<\/strong>. Il est particuli\u00e8rement utile pour l\u2019\u00e9clairage directif d\u2019une surface circulaire. Dans la gamme TPL Vision, il figure assur\u00e9ment parmi les produits <strong>les plus puissants<\/strong>. En version standard, \u00e0 1 m\u00e8tre de distance, il permet d\u2019illuminer de mani\u00e8re puissante et uniforme une surface circulaire de 550 mm de diam\u00e8tre.<\/p>\n<p>Son <strong>large diam\u00e8tre int\u00e9rieur<\/strong> le rend compatible avec les objectifs des cam\u00e9ras les plus larges. C\u2019est dans le domaine de la <strong>robotique<\/strong> (par exemple, pour effectuer le recalage de pi\u00e8ces) et dans celui du <strong>contr\u00f4le qualit\u00e9<\/strong> que le HPRING r\u00e9v\u00e8le tout son potentiel.<\/p>\n<ul>\n<li>12 LEDS HAUTE PUISSANCE<\/li>\n<li>MODES CONTINU OU STROBE<\/li>\n<li>ADAPT\u00c9 AUX GRANDS OBJECTIFS<\/li>\n<\/ul>\n","protected":false},"featured_media":24024,"comment_status":"closed","ping_status":"closed","template":"","meta":{"_seopress_robots_primary_cat":"none","_seopress_titles_title":"","_seopress_titles_desc":"Annulaire puissant avec 12 leds pour le contr\u00f4le qualit\u00e9 et l'inspection. Modes continu ou strobe. Convient \u00e0 toutes les cam\u00e9ras de vision industrielle.  ","_seopress_robots_index":"","_monsterinsights_skip_tracking":false,"_monsterinsights_sitenote_active":false,"_monsterinsights_sitenote_note":"","_monsterinsights_sitenote_category":0},"product_cat":[83],"product_tag":[],"_links":{"self":[{"href":"https:\/\/www.tpl-vision.com\/fr\/wp-json\/wp\/v2\/product\/2244"}],"collection":[{"href":"https:\/\/www.tpl-vision.com\/fr\/wp-json\/wp\/v2\/product"}],"about":[{"href":"https:\/\/www.tpl-vision.com\/fr\/wp-json\/wp\/v2\/types\/product"}],"replies":[{"embeddable":true,"href":"https:\/\/www.tpl-vision.com\/fr\/wp-json\/wp\/v2\/comments?post=2244"}],"wp:featuredmedia":[{"embeddable":true,"href":"https:\/\/www.tpl-vision.com\/fr\/wp-json\/wp\/v2\/media\/24024"}],"wp:attachment":[{"href":"https:\/\/www.tpl-vision.com\/fr\/wp-json\/wp\/v2\/media?parent=2244"}],"wp:term":[{"taxonomy":"product_cat","embeddable":true,"href":"https:\/\/www.tpl-vision.com\/fr\/wp-json\/wp\/v2\/product_cat?post=2244"},{"taxonomy":"product_tag","embeddable":true,"href":"https:\/\/www.tpl-vision.com\/fr\/wp-json\/wp\/v2\/product_tag?post=2244"}],"curies":[{"name":"wp","href":"https:\/\/api.w.org\/{rel}","templated":true}]}}