{"id":2246,"date":"2022-10-20T12:25:23","date_gmt":"2022-10-20T10:25:23","guid":{"rendered":"https:\/\/www.tpl-vision.com\/overview\/non%20class\u00e9\/modular-ringlight\/"},"modified":"2025-10-06T11:57:32","modified_gmt":"2025-10-06T09:57:32","slug":"modular-ringlight","status":"publish","type":"product","link":"https:\/\/www.tpl-vision.com\/fr\/vuedensemble\/ring-fr\/modular-ringlight\/","title":{"rendered":"Modular Ringlight"},"content":{"rendered":"\n<h2 class=\"wp-block-heading\">Pr\u00e9sentation produit<\/h2>\n\n\n\n<figure class=\"wp-block-embed is-type-video is-provider-vimeo wp-block-embed-vimeo wp-embed-aspect-16-9 wp-has-aspect-ratio\"><div class=\"wp-block-embed__wrapper\">\n<iframe title=\"Modular Ringlight by TPL Vision\" src=\"https:\/\/player.vimeo.com\/video\/991930552?h=5776ce96bf&amp;dnt=1&amp;app_id=122963\" width=\"800\" height=\"450\" frameborder=\"0\" allow=\"autoplay; fullscreen; picture-in-picture; clipboard-write; encrypted-media; web-share\" referrerpolicy=\"strict-origin-when-cross-origin\"><\/iframe>\n<\/div><\/figure>\n\n\n\n<div style=\"height:30px\" aria-hidden=\"true\" class=\"wp-block-spacer\"><\/div>\n\n\n\n<h2 class=\"wp-block-heading\">Automaticon 2019<\/h2>\n\n\n\n<figure class=\"wp-block-image size-full\"><a href=\"https:\/\/www.tpl-vision.com\/wp-content\/uploads\/2022\/10\/Automaticon_Award_2019.jpeg\"><img fetchpriority=\"high\" decoding=\"async\" width=\"400\" height=\"256\" src=\"https:\/\/www.tpl-vision.com\/wp-content\/uploads\/2022\/10\/Automaticon_Award_2019.jpeg\" alt=\"\" class=\"wp-image-2436\" srcset=\"https:\/\/www.tpl-vision.com\/wp-content\/uploads\/2022\/10\/Automaticon_Award_2019.jpeg 400w, https:\/\/www.tpl-vision.com\/wp-content\/uploads\/2022\/10\/Automaticon_Award_2019-300x192.jpeg 300w, https:\/\/www.tpl-vision.com\/wp-content\/uploads\/2022\/10\/Automaticon_Award_2019-175x112.jpeg 175w, https:\/\/www.tpl-vision.com\/wp-content\/uploads\/2022\/10\/Automaticon_Award_2019-40x26.jpeg 40w, https:\/\/www.tpl-vision.com\/wp-content\/uploads\/2022\/10\/Automaticon_Award_2019-55x35.jpeg 55w, https:\/\/www.tpl-vision.com\/wp-content\/uploads\/2022\/10\/Automaticon_Award_2019-100x64.jpeg 100w\" sizes=\"(max-width: 400px) 100vw, 400px\" \/><\/a><figcaption class=\"wp-element-caption\">Modular Ringlight : M\u00e9daille d\u2019Or<\/figcaption><\/figure>\n\n\n\n<div style=\"height:30px\" aria-hidden=\"true\" class=\"wp-block-spacer\"><\/div>\n\n\n\n<h2 class=\"wp-block-heading\">Variations de couleurs<\/h2>\n\n\n\n<p>La soci\u00e9t\u00e9 TPL Vision est <strong>particuli\u00e8rement vigilante<\/strong> sur le choix de BIN des leds qui composent ses \u00e9clairages.<\/p>\n\n\n\n<p>L\u2019\u0153il humain est tr\u00e8s sensible aux variations de couleur, et notamment en ce qui concerne la gamme Cyan. 2 Modular Ringlights de couleur cyan peuvent para\u00eetre diff\u00e9rents aux yeux de l\u2019utilisateur. Pourtant, la variation maximale de la longueur d\u2019onde <strong>ne d\u00e9passe pas les 10 nm<\/strong>.<\/p>\n\n\n\n<p>Voici la liste des filtres passe-bandes que nous recommandons d\u2019utiliser avec le Modular Ringlight:<\/p>\n\n\n\n<ul>\n<li>Leds blanches : aucun filtre requis<\/li>\n\n\n\n<li>Leds infrarouges : LP 830 (<a href=\"http:\/\/midopt.com\/filters\/lp830\/\" target=\"_blank\" rel=\"noreferrer noopener\">http:\/\/midopt.com\/filters\/lp830\/<\/a>)<\/li>\n\n\n\n<li>Leds rouges : BP 635 (<a href=\"http:\/\/midopt.com\/filters\/bp635\/\" target=\"_blank\" rel=\"noreferrer noopener\">http:\/\/midopt.com\/filters\/bp635\/<\/a>)<\/li>\n\n\n\n<li>Leds cyan : BP 505 (<a href=\"http:\/\/midopt.com\/filters\/bp505\/\" target=\"_blank\" rel=\"noreferrer noopener\">http:\/\/midopt.com\/filters\/bp505\/<\/a>)<\/li>\n<\/ul>\n\n\n\n<p>Nous vous conseillons d\u2019utiliser des filtres passe-bandes de MidOpt : <a rel=\"noreferrer noopener\" href=\"http:\/\/www.midopt.com\" target=\"_blank\">http:\/\/www.midopt.com<\/a><\/p>\n\n\n\n<div style=\"height:30px\" aria-hidden=\"true\" class=\"wp-block-spacer\"><\/div>\n\n\n\n<h2 class=\"wp-block-heading\">Informations techniques<\/h2>\n\n\n\n<p><em>Veuillez cliquer sur les onglets ci-dessous.<\/em><\/p>\n\n\n\n<div class=\"wp-block-pb-accordion-item c-accordion__item js-accordion-item no-js\" data-initially-open=\"false\" data-click-to-close=\"true\" data-auto-close=\"true\" data-scroll=\"false\" data-scroll-offset=\"0\"><h3 id=\"at-22460\" class=\"c-accordion__title js-accordion-controller\" role=\"button\">M\u00e9thode d&rsquo;\u00e9clairage<\/h3><div id=\"ac-22460\" class=\"c-accordion__content\">\n<div class=\"wp-block-columns is-layout-flex wp-container-core-columns-layout-1 wp-block-columns-is-layout-flex\">\n<div class=\"wp-block-column is-layout-flow wp-block-column-is-layout-flow\">\n<figure class=\"wp-block-image size-full\"><img decoding=\"async\" width=\"500\" height=\"500\" src=\"https:\/\/www.tpl-vision.com\/wp-content\/uploads\/2022\/10\/TPL_LightingMethod_RING_DIRECT.jpg\" alt=\"\" class=\"wp-image-2761\" srcset=\"https:\/\/www.tpl-vision.com\/wp-content\/uploads\/2022\/10\/TPL_LightingMethod_RING_DIRECT.jpg 500w, https:\/\/www.tpl-vision.com\/wp-content\/uploads\/2022\/10\/TPL_LightingMethod_RING_DIRECT-300x300.jpg 300w, https:\/\/www.tpl-vision.com\/wp-content\/uploads\/2022\/10\/TPL_LightingMethod_RING_DIRECT-150x150.jpg 150w, https:\/\/www.tpl-vision.com\/wp-content\/uploads\/2022\/10\/TPL_LightingMethod_RING_DIRECT-100x100.jpg 100w, https:\/\/www.tpl-vision.com\/wp-content\/uploads\/2022\/10\/TPL_LightingMethod_RING_DIRECT-50x50.jpg 50w, https:\/\/www.tpl-vision.com\/wp-content\/uploads\/2022\/10\/TPL_LightingMethod_RING_DIRECT-40x40.jpg 40w, https:\/\/www.tpl-vision.com\/wp-content\/uploads\/2022\/10\/TPL_LightingMethod_RING_DIRECT-55x55.jpg 55w\" sizes=\"(max-width: 500px) 100vw, 500px\" \/><\/figure>\n<\/div>\n\n\n\n<div class=\"wp-block-column is-layout-flow wp-block-column-is-layout-flow\"><\/div>\n<\/div>\n<\/div><\/div>\n\n\n\n<div class=\"wp-block-pb-accordion-item c-accordion__item js-accordion-item no-js\" data-initially-open=\"false\" data-click-to-close=\"true\" data-auto-close=\"true\" data-scroll=\"false\" data-scroll-offset=\"0\"><h3 id=\"at-22461\" class=\"c-accordion__title js-accordion-controller\" role=\"button\">Constructeur de r\u00e9f\u00e9rence<\/h3><div id=\"ac-22461\" class=\"c-accordion__content\">\n<figure class=\"wp-block-image size-full\"><a href=\"https:\/\/www.tpl-vision.com\/wp-content\/uploads\/2023\/01\/TPL_MODULAR_RINGLIGHT_RING_Reference_Builder_FR.jpg\"><img decoding=\"async\" src=\"https:\/\/www.tpl-vision.com\/wp-content\/uploads\/2023\/01\/TPL_MODULAR_RINGLIGHT_RING_Reference_Builder_FR.jpg\" alt=\"\" class=\"wp-image-9253\"\/><\/a><\/figure>\n<\/div><\/div>\n\n\n\n<p><\/p>\n","protected":false},"excerpt":{"rendered":"<p>Le MR-RING est un annulaire <strong>bicolore<\/strong>, disponible en <strong>2 jeux de couleurs<\/strong> et en <strong>2 dimensions<\/strong>. Il a \u00e9t\u00e9 pens\u00e9 pour les <strong>environnements de production difficiles<\/strong> : protection IP65 par d\u00e9faut, overdrive int\u00e9gr\u00e9, contr\u00f4le \u00e0 distance (s\u00e9lection des couleurs et des secteurs). <strong>L&rsquo;\u00e9clairage directif peut \u00eatre utilis\u00e9 lorsque :<\/strong><\/p>\n<ul>\n<li>les objets \u00e0 contr\u00f4ler ne refl\u00e8tent pas la lumi\u00e8re (surface mate),<\/li>\n<li>les objets sont en mouvement rapide,<\/li>\n<li>les ombres ne posent pas de probl\u00e8mes.<\/li>\n<\/ul>\n<p>Le MR-RING permet d\u2019\u00e9clairer directement un objet. L\u2019intensit\u00e9 maximale est obtenue quand l\u2019\u00e9clairage est positionn\u00e9 au plus pr\u00e8s de l\u2019objet \u00e0 contr\u00f4ler. Le MR-RING peut \u00eatre plac\u00e9 autour de l\u2019objectif de la cam\u00e9ra ou sur le c\u00f4t\u00e9, selon l\u2019effet souhait\u00e9. Il est possible de l\u2019utiliser pour \u00e9quiper un syst\u00e8me de vision dot\u00e9 d\u2019un capot, afin d\u2019obtenir une lumi\u00e8re r\u00e9fl\u00e9chie et diffuse. Le <a href=\"https:\/\/www.tpl-vision.com\/overview\/dome-lights\/dome\/mr-dome\/\">MR-DOME<\/a> peut \u00e9galement \u00eatre une alternative.<\/p>\n","protected":false},"featured_media":24021,"comment_status":"closed","ping_status":"closed","template":"","meta":{"_seopress_robots_primary_cat":"none","_seopress_titles_title":"","_seopress_titles_desc":"Annulaire modulable pour la vision industrielle. Bi-couleurs, class\u00e9 IP65, customisable avec les accessoires Dome & Low Angle.","_seopress_robots_index":"","_monsterinsights_skip_tracking":false,"_monsterinsights_sitenote_active":false,"_monsterinsights_sitenote_note":"","_monsterinsights_sitenote_category":0},"product_cat":[83],"product_tag":[],"_links":{"self":[{"href":"https:\/\/www.tpl-vision.com\/fr\/wp-json\/wp\/v2\/product\/2246"}],"collection":[{"href":"https:\/\/www.tpl-vision.com\/fr\/wp-json\/wp\/v2\/product"}],"about":[{"href":"https:\/\/www.tpl-vision.com\/fr\/wp-json\/wp\/v2\/types\/product"}],"replies":[{"embeddable":true,"href":"https:\/\/www.tpl-vision.com\/fr\/wp-json\/wp\/v2\/comments?post=2246"}],"wp:featuredmedia":[{"embeddable":true,"href":"https:\/\/www.tpl-vision.com\/fr\/wp-json\/wp\/v2\/media\/24021"}],"wp:attachment":[{"href":"https:\/\/www.tpl-vision.com\/fr\/wp-json\/wp\/v2\/media?parent=2246"}],"wp:term":[{"taxonomy":"product_cat","embeddable":true,"href":"https:\/\/www.tpl-vision.com\/fr\/wp-json\/wp\/v2\/product_cat?post=2246"},{"taxonomy":"product_tag","embeddable":true,"href":"https:\/\/www.tpl-vision.com\/fr\/wp-json\/wp\/v2\/product_tag?post=2246"}],"curies":[{"name":"wp","href":"https:\/\/api.w.org\/{rel}","templated":true}]}}