{"id":2248,"date":"2022-10-20T12:03:51","date_gmt":"2022-10-20T10:03:51","guid":{"rendered":"https:\/\/www.tpl-vision.com\/overview\/non%20class\u00e9\/led-brick\/"},"modified":"2025-10-06T11:47:22","modified_gmt":"2025-10-06T09:47:22","slug":"led-brick","status":"publish","type":"product","link":"https:\/\/www.tpl-vision.com\/fr\/vuedensemble\/backlights-fr\/led-brick\/","title":{"rendered":"LED BRICK"},"content":{"rendered":"\n<h2 class=\"wp-block-heading\">Informations techniques<\/h2>\n\n\n\n<p><em>Veuillez cliquer sur les onglets ci-dessous.<\/em><\/p>\n\n\n\n<div class=\"wp-block-pb-accordion-item c-accordion__item js-accordion-item no-js\" data-initially-open=\"false\" data-click-to-close=\"true\" data-auto-close=\"true\" data-scroll=\"false\" data-scroll-offset=\"0\"><h3 id=\"at-22480\" class=\"c-accordion__title js-accordion-controller\" role=\"button\">M\u00e9thode d&rsquo;\u00e9clairage<\/h3><div id=\"ac-22480\" class=\"c-accordion__content\">\n<figure class=\"wp-block-image size-full\"><img fetchpriority=\"high\" decoding=\"async\" width=\"300\" height=\"300\" src=\"https:\/\/www.tpl-vision.com\/wp-content\/uploads\/2022\/10\/TPL_LightingMethod_BACKLIGHT_2-300x300-1.jpg\" alt=\"\" class=\"wp-image-1542\" srcset=\"https:\/\/www.tpl-vision.com\/wp-content\/uploads\/2022\/10\/TPL_LightingMethod_BACKLIGHT_2-300x300-1.jpg 300w, https:\/\/www.tpl-vision.com\/wp-content\/uploads\/2022\/10\/TPL_LightingMethod_BACKLIGHT_2-300x300-1-150x150.jpg 150w, https:\/\/www.tpl-vision.com\/wp-content\/uploads\/2022\/10\/TPL_LightingMethod_BACKLIGHT_2-300x300-1-175x175.jpg 175w, https:\/\/www.tpl-vision.com\/wp-content\/uploads\/2022\/10\/TPL_LightingMethod_BACKLIGHT_2-300x300-1-50x50.jpg 50w, https:\/\/www.tpl-vision.com\/wp-content\/uploads\/2022\/10\/TPL_LightingMethod_BACKLIGHT_2-300x300-1-100x100.jpg 100w, https:\/\/www.tpl-vision.com\/wp-content\/uploads\/2022\/10\/TPL_LightingMethod_BACKLIGHT_2-300x300-1-40x40.jpg 40w, https:\/\/www.tpl-vision.com\/wp-content\/uploads\/2022\/10\/TPL_LightingMethod_BACKLIGHT_2-300x300-1-55x55.jpg 55w\" sizes=\"(max-width: 300px) 100vw, 300px\" \/><\/figure>\n<\/div><\/div>\n\n\n\n<div class=\"wp-block-pb-accordion-item c-accordion__item js-accordion-item no-js\" data-initially-open=\"false\" data-click-to-close=\"true\" data-auto-close=\"true\" data-scroll=\"false\" data-scroll-offset=\"0\"><h3 id=\"at-22481\" class=\"c-accordion__title js-accordion-controller\" role=\"button\">R\u00e9f\u00e9rence<\/h3><div id=\"ac-22481\" class=\"c-accordion__content\">\n<figure class=\"wp-block-image size-full\"><img decoding=\"async\" src=\"https:\/\/www.tpl-vision.com\/wp-content\/uploads\/2023\/01\/TPL_Led-Brick_Reference_Builder_FR.jpg\" alt=\"\" class=\"wp-image-9250\"\/><\/figure>\n<\/div><\/div>\n","protected":false},"excerpt":{"rendered":"<p>Dot\u00e9s de <strong>4 led haute puissance<\/strong>, les solutions d\u2019\u00e9clairage Led Bricks pr\u00e9sentent la particularit\u00e9 de <strong>se clipser entre elles<\/strong> en toute simplicit\u00e9. Il suffit d\u2019associer plusieurs Led Bricks pour obtenir de <strong>grandes zones d\u2019\u00e9clairage<\/strong>, configurables selon le type d\u2019application. En superposant un diffusant opaque, on obtient <strong>un \u00e9clairage backlight homog\u00e8ne<\/strong>, particuli\u00e8rement appr\u00e9ci\u00e9 des sp\u00e9cialistes en vision industrielle. Les \u00e9clairages Led Brick b\u00e9n\u00e9ficient de tous les avantages technologiques des leds, \u00e0 un prix <strong>attractif<\/strong>.<\/p>\n<ul class=\"square_style \">\n<li>DES SOLUTIONS EXTENSIBLES ET \u00c9VOLUTIVES,<\/li>\n<li>FACILE \u00c0 UTILISER,<\/li>\n<li>MODE CONTINU OU STROBE.<\/li>\n<\/ul>\n","protected":false},"featured_media":24012,"comment_status":"closed","ping_status":"closed","template":"","meta":{"_seopress_robots_primary_cat":"none","_seopress_titles_title":"","_seopress_titles_desc":"","_seopress_robots_index":"","_monsterinsights_skip_tracking":false,"_monsterinsights_sitenote_active":false,"_monsterinsights_sitenote_note":"","_monsterinsights_sitenote_category":0},"product_cat":[73],"product_tag":[],"_links":{"self":[{"href":"https:\/\/www.tpl-vision.com\/fr\/wp-json\/wp\/v2\/product\/2248"}],"collection":[{"href":"https:\/\/www.tpl-vision.com\/fr\/wp-json\/wp\/v2\/product"}],"about":[{"href":"https:\/\/www.tpl-vision.com\/fr\/wp-json\/wp\/v2\/types\/product"}],"replies":[{"embeddable":true,"href":"https:\/\/www.tpl-vision.com\/fr\/wp-json\/wp\/v2\/comments?post=2248"}],"wp:featuredmedia":[{"embeddable":true,"href":"https:\/\/www.tpl-vision.com\/fr\/wp-json\/wp\/v2\/media\/24012"}],"wp:attachment":[{"href":"https:\/\/www.tpl-vision.com\/fr\/wp-json\/wp\/v2\/media?parent=2248"}],"wp:term":[{"taxonomy":"product_cat","embeddable":true,"href":"https:\/\/www.tpl-vision.com\/fr\/wp-json\/wp\/v2\/product_cat?post=2248"},{"taxonomy":"product_tag","embeddable":true,"href":"https:\/\/www.tpl-vision.com\/fr\/wp-json\/wp\/v2\/product_tag?post=2248"}],"curies":[{"name":"wp","href":"https:\/\/api.w.org\/{rel}","templated":true}]}}