{"id":2250,"date":"2022-10-20T11:55:47","date_gmt":"2022-10-20T09:55:47","guid":{"rendered":"https:\/\/www.tpl-vision.com\/overview\/non%20class\u00e9\/black-light-bnl\/"},"modified":"2026-03-30T15:16:06","modified_gmt":"2026-03-30T13:16:06","slug":"black-light-bnl","status":"publish","type":"product","link":"https:\/\/www.tpl-vision.com\/fr\/vuedensemble\/backlights-fr\/black-light-bnl\/","title":{"rendered":"Black &amp; Light (Bn&rsquo;L)"},"content":{"rendered":"\n<h2 class=\"wp-block-heading\">Disponible en OverDrive<\/h2>\n\n<p>La version Bn&rsquo;L OverDrive est tout aussi simple \u00e0 configurer et \u00e0 utiliser que la version Standard. Equip\u00e9 d&rsquo;une \u00e9lectronique sp\u00e9cialis\u00e9e, elle permet un contr\u00f4le ind\u00e9pendant de la puissance d&rsquo;\u00e9clairage. Cette version est destin\u00e9e aux utilisateurs qui ont besoin de <strong>personnaliser<\/strong> pr\u00e9cis\u00e9ment le flux lumineux.<\/p>\n\n<p>Disponible dans les m\u00eames dimensions que le Bn&rsquo;L standard, <strong>la version OverDrive<\/strong> peut atteindre des niveaux de luminosit\u00e9 de 6 500 lux. Cette fonctionnalit\u00e9 est particuli\u00e8rement utile pour les applications n\u00e9cessitant de courts flashs lumineux, telles que les inspections \u00e0 grande vitesse et l\u2019analyse d\u00e9taill\u00e9e de surfaces.<\/p>\n\n<div style=\"height:20px\" aria-hidden=\"true\" class=\"wp-block-spacer\"><\/div>\n\n<h2 class=\"wp-block-heading\">\u00c9tude de cas : Inspection de la forme et du marquage des comprim\u00e9s \u00e0 l&rsquo;aide du Bn&rsquo;L<\/h2>\n\n<figure class=\"wp-block-image size-full\"><img fetchpriority=\"high\" decoding=\"async\" width=\"450\" height=\"300\" src=\"https:\/\/www.tpl-vision.com\/wp-content\/uploads\/2024\/02\/BnL-Case-Study-Tablets-rev.png\" alt=\"&#xE9;tude de cas bnl comprim&#xE9;s\" class=\"wp-image-16573\" srcset=\"https:\/\/www.tpl-vision.com\/wp-content\/uploads\/2024\/02\/BnL-Case-Study-Tablets-rev.png 450w, https:\/\/www.tpl-vision.com\/wp-content\/uploads\/2024\/02\/BnL-Case-Study-Tablets-rev-300x200.png 300w, https:\/\/www.tpl-vision.com\/wp-content\/uploads\/2024\/02\/BnL-Case-Study-Tablets-rev-175x117.png 175w, https:\/\/www.tpl-vision.com\/wp-content\/uploads\/2024\/02\/BnL-Case-Study-Tablets-rev-40x27.png 40w, https:\/\/www.tpl-vision.com\/wp-content\/uploads\/2024\/02\/BnL-Case-Study-Tablets-rev-55x37.png 55w, https:\/\/www.tpl-vision.com\/wp-content\/uploads\/2024\/02\/BnL-Case-Study-Tablets-rev-100x67.png 100w\" sizes=\"(max-width: 450px) 100vw, 450px\" \/><\/figure>\n\n<p>Cette application d\u2019<strong>inspection de pilules<\/strong> utilise un \u00e9clairage <strong>Black &amp; Light (Bn\u2019L)<\/strong> dans son syst\u00e8me de vision afin d&rsquo;am\u00e9liorer le processus de fabrication. La double inspection garantit un contr\u00f4le qualit\u00e9 complet, en abordant \u00e0 la fois les caract\u00e9ristiques physiques (<strong>forme<\/strong> et <strong>taille<\/strong> des comprim\u00e9s) et la pr\u00e9sence des <strong>marquages<\/strong> n\u00e9cessaires (num\u00e9ro de lot, date de p\u00e9remption, date de fabrication, marquage ou identification g\u00e9n\u00e9rique).<\/p>\n\n<div class=\"wp-block-buttons is-layout-flex wp-block-buttons-is-layout-flex\">\n<div class=\"wp-block-button\"><a class=\"wp-block-button__link wp-element-button\" href=\"https:\/\/www.tpl-vision.com\/fr\/applications\/tablet-shape-and-imprint-inspection-using-the-bnl\/\" target=\"_blank\" rel=\"noreferrer noopener\">Plus d&rsquo;infos<\/a><\/div>\n<\/div>\n\n<div style=\"height:20px\" aria-hidden=\"true\" class=\"wp-block-spacer\"><\/div>\n\n<h2 class=\"wp-block-heading\">Informations techniques<\/h2>\n\n<p><em>Veuillez cliquer sur les onglets ci-dessous<\/em>.<\/p>\n\n<div class=\"wp-block-pb-accordion-item c-accordion__item js-accordion-item no-js\" data-initially-open=\"false\" data-click-to-close=\"true\" data-auto-close=\"true\" data-scroll=\"false\" data-scroll-offset=\"0\"><h3 id=\"at-20020\" class=\"c-accordion__title js-accordion-controller\" role=\"button\">M\u00e9thode d&rsquo;\u00e9clairage<\/h3><div id=\"ac-20020\" class=\"c-accordion__content\">\n<figure class=\"wp-block-image size-full\"><img decoding=\"async\" width=\"300\" height=\"300\" src=\"https:\/\/www.tpl-vision.com\/wp-content\/uploads\/2022\/10\/TPL_LightingMethod_BACKLIGHT_2-300x300-1.jpg\" alt=\"\" class=\"wp-image-1542\" srcset=\"https:\/\/www.tpl-vision.com\/wp-content\/uploads\/2022\/10\/TPL_LightingMethod_BACKLIGHT_2-300x300-1.jpg 300w, https:\/\/www.tpl-vision.com\/wp-content\/uploads\/2022\/10\/TPL_LightingMethod_BACKLIGHT_2-300x300-1-150x150.jpg 150w, https:\/\/www.tpl-vision.com\/wp-content\/uploads\/2022\/10\/TPL_LightingMethod_BACKLIGHT_2-300x300-1-175x175.jpg 175w, https:\/\/www.tpl-vision.com\/wp-content\/uploads\/2022\/10\/TPL_LightingMethod_BACKLIGHT_2-300x300-1-50x50.jpg 50w, https:\/\/www.tpl-vision.com\/wp-content\/uploads\/2022\/10\/TPL_LightingMethod_BACKLIGHT_2-300x300-1-100x100.jpg 100w, https:\/\/www.tpl-vision.com\/wp-content\/uploads\/2022\/10\/TPL_LightingMethod_BACKLIGHT_2-300x300-1-40x40.jpg 40w, https:\/\/www.tpl-vision.com\/wp-content\/uploads\/2022\/10\/TPL_LightingMethod_BACKLIGHT_2-300x300-1-55x55.jpg 55w\" sizes=\"(max-width: 300px) 100vw, 300px\" \/><\/figure>\n<\/div><\/div>\n\n<div class=\"wp-block-pb-accordion-item c-accordion__item js-accordion-item no-js\" data-initially-open=\"false\" data-click-to-close=\"true\" data-auto-close=\"true\" data-scroll=\"false\" data-scroll-offset=\"0\"><h3 id=\"at-20021\" class=\"c-accordion__title js-accordion-controller\" role=\"button\">Constructeur de r\u00e9f\u00e9rence<\/h3><div id=\"ac-20021\" class=\"c-accordion__content\">\n<figure class=\"wp-block-image size-full\"><a href=\"https:\/\/www.tpl-vision.com\/wp-content\/uploads\/2023\/01\/TPL_BnL_Reference_Builder_FR.jpg\"><img decoding=\"async\" src=\"https:\/\/www.tpl-vision.com\/wp-content\/uploads\/2023\/01\/TPL_BnL_Reference_Builder_FR.jpg\" alt=\"\" class=\"wp-image-9246\"\/><\/a><\/figure>\n<\/div><\/div>\n","protected":false},"excerpt":{"rendered":"<p>De nombreux syst\u00e8mes de vision sont compos\u00e9s, non pas d\u2019un \u00e9clairage, mais de plusieurs sources lumineuses. Et il arrive parfois que les panneaux de Leds \u00e9quip\u00e9s d\u2019un diffusant blanc perturbent le bon fonctionnement de la cam\u00e9ra et des autres \u00e9clairages, <strong>en diffusant la lumi\u00e8re dans des directions inattendues<\/strong>, cr\u00e9ant ainsi <strong>des reflets ind\u00e9sirables<\/strong>, et en diminuant le contraste, ce qui peut compromettre la qualit\u00e9 de l&rsquo;inspection.<\/p>\n<p><span class=\"s1\">Le <strong>Black &amp; Light<\/strong> (Bn\u2019L) de TPL Vision est une solution innovante, qui permet de rem\u00e9dier \u00e0 cela.<\/span> Dot\u00e9 de Leds haute puissance, il permet de parfaitement mettre en lumi\u00e8re les formes des produits \u00e0 contr\u00f4ler, quand il est allum\u00e9. Et lorsqu\u2019il est \u00e9teint, il se transforme en <strong>fond noir<\/strong>, ce qui permet aux autres \u00e9clairages de travailler parfaitement. De plus, le diffusant est compos\u00e9 d\u2019un mat\u00e9riau mat qui permet d\u2019absorber <strong>les effets de lumi\u00e8re<\/strong>, et contribue \u00e0 optimiser l\u2019\u00e9clairage global. Le Black &amp; Light est disponible en version Standard et Overdrive.<\/p>\n<ul class=\"square_style \">\n<li>DIFFUSANT MAT = FOND NOIR,<\/li>\n<li>BORDURES ULTRA FINES,<\/li>\n<li>TEMPS DE MONTEE : 25 \u03bcs.<\/li>\n<\/ul>\n","protected":false},"featured_media":24009,"comment_status":"closed","ping_status":"closed","template":"","meta":{"_seopress_robots_primary_cat":"none","_seopress_titles_title":"","_seopress_titles_desc":"","_seopress_robots_index":"","_monsterinsights_skip_tracking":false,"_monsterinsights_sitenote_active":false,"_monsterinsights_sitenote_note":"","_monsterinsights_sitenote_category":0},"product_cat":[73],"product_tag":[],"_links":{"self":[{"href":"https:\/\/www.tpl-vision.com\/fr\/wp-json\/wp\/v2\/product\/2250"}],"collection":[{"href":"https:\/\/www.tpl-vision.com\/fr\/wp-json\/wp\/v2\/product"}],"about":[{"href":"https:\/\/www.tpl-vision.com\/fr\/wp-json\/wp\/v2\/types\/product"}],"replies":[{"embeddable":true,"href":"https:\/\/www.tpl-vision.com\/fr\/wp-json\/wp\/v2\/comments?post=2250"}],"wp:featuredmedia":[{"embeddable":true,"href":"https:\/\/www.tpl-vision.com\/fr\/wp-json\/wp\/v2\/media\/24009"}],"wp:attachment":[{"href":"https:\/\/www.tpl-vision.com\/fr\/wp-json\/wp\/v2\/media?parent=2250"}],"wp:term":[{"taxonomy":"product_cat","embeddable":true,"href":"https:\/\/www.tpl-vision.com\/fr\/wp-json\/wp\/v2\/product_cat?post=2250"},{"taxonomy":"product_tag","embeddable":true,"href":"https:\/\/www.tpl-vision.com\/fr\/wp-json\/wp\/v2\/product_tag?post=2250"}],"curies":[{"name":"wp","href":"https:\/\/api.w.org\/{rel}","templated":true}]}}