{"id":2252,"date":"2022-10-20T11:10:49","date_gmt":"2022-10-20T09:10:49","guid":{"rendered":"https:\/\/www.tpl-vision.com\/overview\/non%20class\u00e9\/small-sback-ii\/"},"modified":"2025-10-06T11:45:55","modified_gmt":"2025-10-06T09:45:55","slug":"small-sback-ii","status":"publish","type":"product","link":"https:\/\/www.tpl-vision.com\/fr\/vuedensemble\/backlights-fr\/small-sback-ii\/","title":{"rendered":"Small SBACK II"},"content":{"rendered":"\n<h2 class=\"wp-block-heading\">Comment choisir son backlight ?<\/h2>\n\n\n\n<figure class=\"wp-block-image size-large\"><img fetchpriority=\"high\" decoding=\"async\" width=\"1024\" height=\"460\" src=\"https:\/\/www.tpl-vision.com\/wp-content\/uploads\/2022\/10\/How_to_Choose_EN-1024x460.png\" alt=\"\" class=\"wp-image-3046\" srcset=\"https:\/\/www.tpl-vision.com\/wp-content\/uploads\/2022\/10\/How_to_Choose_EN-1024x460.png 1024w, https:\/\/www.tpl-vision.com\/wp-content\/uploads\/2022\/10\/How_to_Choose_EN-300x135.png 300w, https:\/\/www.tpl-vision.com\/wp-content\/uploads\/2022\/10\/How_to_Choose_EN-768x345.png 768w, https:\/\/www.tpl-vision.com\/wp-content\/uploads\/2022\/10\/How_to_Choose_EN-600x270.png 600w, https:\/\/www.tpl-vision.com\/wp-content\/uploads\/2022\/10\/How_to_Choose_EN-175x79.png 175w, https:\/\/www.tpl-vision.com\/wp-content\/uploads\/2022\/10\/How_to_Choose_EN-40x18.png 40w, https:\/\/www.tpl-vision.com\/wp-content\/uploads\/2022\/10\/How_to_Choose_EN-55x25.png 55w, https:\/\/www.tpl-vision.com\/wp-content\/uploads\/2022\/10\/How_to_Choose_EN-100x45.png 100w, https:\/\/www.tpl-vision.com\/wp-content\/uploads\/2022\/10\/How_to_Choose_EN.png 1181w\" sizes=\"(max-width: 1024px) 100vw, 1024px\" \/><\/figure>\n\n\n\n<div style=\"height:30px\" aria-hidden=\"true\" class=\"wp-block-spacer\"><\/div>\n\n\n\n<h2 class=\"wp-block-heading\">Informations techniques<\/h2>\n\n\n\n<p><em>Veuillez cliquer sur les onglets ci-dessous.<\/em><\/p>\n\n\n\n<div class=\"wp-block-pb-accordion-item c-accordion__item js-accordion-item no-js\" data-initially-open=\"false\" data-click-to-close=\"true\" data-auto-close=\"true\" data-scroll=\"false\" data-scroll-offset=\"0\"><h3 id=\"at-22520\" class=\"c-accordion__title js-accordion-controller\" role=\"button\">M\u00e9thode d&rsquo;\u00e9clairage<\/h3><div id=\"ac-22520\" class=\"c-accordion__content\">\n<figure class=\"wp-block-image size-full\"><img decoding=\"async\" width=\"300\" height=\"300\" src=\"https:\/\/www.tpl-vision.com\/wp-content\/uploads\/2022\/10\/TPL_LightingMethod_BACKLIGHT_2-300x300-1.jpg\" alt=\"\" class=\"wp-image-1542\" srcset=\"https:\/\/www.tpl-vision.com\/wp-content\/uploads\/2022\/10\/TPL_LightingMethod_BACKLIGHT_2-300x300-1.jpg 300w, https:\/\/www.tpl-vision.com\/wp-content\/uploads\/2022\/10\/TPL_LightingMethod_BACKLIGHT_2-300x300-1-150x150.jpg 150w, https:\/\/www.tpl-vision.com\/wp-content\/uploads\/2022\/10\/TPL_LightingMethod_BACKLIGHT_2-300x300-1-175x175.jpg 175w, https:\/\/www.tpl-vision.com\/wp-content\/uploads\/2022\/10\/TPL_LightingMethod_BACKLIGHT_2-300x300-1-50x50.jpg 50w, https:\/\/www.tpl-vision.com\/wp-content\/uploads\/2022\/10\/TPL_LightingMethod_BACKLIGHT_2-300x300-1-100x100.jpg 100w, https:\/\/www.tpl-vision.com\/wp-content\/uploads\/2022\/10\/TPL_LightingMethod_BACKLIGHT_2-300x300-1-40x40.jpg 40w, https:\/\/www.tpl-vision.com\/wp-content\/uploads\/2022\/10\/TPL_LightingMethod_BACKLIGHT_2-300x300-1-55x55.jpg 55w\" sizes=\"(max-width: 300px) 100vw, 300px\" \/><\/figure>\n<\/div><\/div>\n\n\n\n<div class=\"wp-block-pb-accordion-item c-accordion__item js-accordion-item no-js\" data-initially-open=\"false\" data-click-to-close=\"true\" data-auto-close=\"true\" data-scroll=\"false\" data-scroll-offset=\"0\"><h3 id=\"at-22521\" class=\"c-accordion__title js-accordion-controller\" role=\"button\">Constructeur de r\u00e9f\u00e9rence<\/h3><div id=\"ac-22521\" class=\"c-accordion__content\">\n<figure class=\"wp-block-image size-full\"><a href=\"https:\/\/www.tpl-vision.com\/wp-content\/uploads\/2023\/01\/TPL_SBACK_II_Reference_Builder_FR.jpg\"><img decoding=\"async\" src=\"https:\/\/www.tpl-vision.com\/wp-content\/uploads\/2023\/01\/TPL_SBACK_II_Reference_Builder_FR.jpg\" alt=\"\" class=\"wp-image-9307\"\/><\/a><\/figure>\n<\/div><\/div>\n","protected":false},"excerpt":{"rendered":"<p>Dot\u00e9 de <strong>fines bordures<\/strong>, le <strong>SMALL SBACK II<\/strong> est un backlight de faible \u00e9paisseur, \u00e0 la fois <strong>puissant<\/strong> et <strong>homog\u00e8ne<\/strong>, qui convient parfaitement aux espaces confin\u00e9s. Positionn\u00e9 sous les objets \u00e0 \u00e9clairer, il fait ressortir les silhouettes sous forme d\u2019ombres chinoises, ce qui permet le contr\u00f4le d\u2019\u00e9ventuels d\u00e9fauts de contours et manques de mati\u00e8res\u2026<\/p>\n<div class=\"three_fifth\">\u00c9quip\u00e9 de <strong>nouvelles leds<\/strong>, il offre une puissance lumineuse <strong>4 \u00e0 5 fois sup\u00e9rieure<\/strong> \u00e0 la version pr\u00e9c\u00e9dente pour les couleurs blanche WHI et rouge 630.<\/div>\n<div class=\"two_fifth last\">Son homog\u00e9n\u00e9it\u00e9 a \u00e9galement \u00e9t\u00e9 am\u00e9lior\u00e9e sur l\u2019ensemble de la surface, et notamment <strong>sur les bords<\/strong> du backlight, pour \u00e9viter l\u2019apparition de points chauds (hot spots). Le nouveau SMALL SBACK II fonctionne aussi bien en mode continu et strobe, et comporte un connecteur M12 r\u00e9pondant aux standards de l\u2019industrie.<\/p>\n<div class=\"two_fifth last\">\n<ul class=\"square_style \">\n<li>LEDS TR\u00c8S PUISSANTES,<\/li>\n<li>HOMOG\u00c9N\u00c9IT\u00c9 ACCRUE,<\/li>\n<li>BACKLIGHT L\u00c9GER ET COMPACT.<\/li>\n<\/ul>\n<\/div>\n<\/div>\n<p>&nbsp;<\/p>\n","protected":false},"featured_media":24003,"comment_status":"closed","ping_status":"closed","template":"","meta":{"_seopress_robots_primary_cat":"none","_seopress_titles_title":"","_seopress_titles_desc":"Small LED backlight, light & compact. Available in strobe or continuous working. ","_seopress_robots_index":"","_monsterinsights_skip_tracking":false,"_monsterinsights_sitenote_active":false,"_monsterinsights_sitenote_note":"","_monsterinsights_sitenote_category":0},"product_cat":[73],"product_tag":[],"_links":{"self":[{"href":"https:\/\/www.tpl-vision.com\/fr\/wp-json\/wp\/v2\/product\/2252"}],"collection":[{"href":"https:\/\/www.tpl-vision.com\/fr\/wp-json\/wp\/v2\/product"}],"about":[{"href":"https:\/\/www.tpl-vision.com\/fr\/wp-json\/wp\/v2\/types\/product"}],"replies":[{"embeddable":true,"href":"https:\/\/www.tpl-vision.com\/fr\/wp-json\/wp\/v2\/comments?post=2252"}],"wp:featuredmedia":[{"embeddable":true,"href":"https:\/\/www.tpl-vision.com\/fr\/wp-json\/wp\/v2\/media\/24003"}],"wp:attachment":[{"href":"https:\/\/www.tpl-vision.com\/fr\/wp-json\/wp\/v2\/media?parent=2252"}],"wp:term":[{"taxonomy":"product_cat","embeddable":true,"href":"https:\/\/www.tpl-vision.com\/fr\/wp-json\/wp\/v2\/product_cat?post=2252"},{"taxonomy":"product_tag","embeddable":true,"href":"https:\/\/www.tpl-vision.com\/fr\/wp-json\/wp\/v2\/product_tag?post=2252"}],"curies":[{"name":"wp","href":"https:\/\/api.w.org\/{rel}","templated":true}]}}