{"id":2254,"date":"2022-10-20T11:06:01","date_gmt":"2022-10-20T09:06:01","guid":{"rendered":"https:\/\/www.tpl-vision.com\/overview\/non%20class\u00e9\/collimated-medium-cmback\/"},"modified":"2026-03-30T15:14:18","modified_gmt":"2026-03-30T13:14:18","slug":"collimated-medium-cmback","status":"publish","type":"product","link":"https:\/\/www.tpl-vision.com\/fr\/vuedensemble\/backlights-fr\/collimated-medium-cmback\/","title":{"rendered":"Collimated Medium CMBACK+"},"content":{"rendered":"\n<h2 class=\"wp-block-heading\">Autre version<\/h2>\n\n<figure class=\"wp-block-image size-full\"><img decoding=\"async\" width=\"192\" height=\"63\" src=\"https:\/\/www.tpl-vision.com\/wp-content\/uploads\/2022\/10\/Overdrive-1.gif\" alt=\"\" class=\"wp-image-3038\"\/><\/figure>\n\n<h4 class=\"wp-block-heading\">OVERDRIVE JUSQU&rsquo;\u00c0 X3 AVEC CONTR\u00d4LE DE COURANT INT\u00c9GR\u00c9<\/h4>\n\n<p>La version <strong>OVERDRIVE<\/strong> est aussi simple \u00e0 mettre en place et \u00e0 utiliser que la version STANDARD. \u00c9quip\u00e9 d&rsquo;une <strong>\u00e9lectronique d\u00e9di\u00e9e<\/strong>, il donne la possibilit\u00e9 aux utilisateurs de <strong>d\u00e9multiplier eux-m\u00eames la puissance d&rsquo;\u00e9clairage<\/strong>. La version OVERDRIVE est d\u00e9di\u00e9e aux <strong>sp\u00e9cialistes<\/strong> qui souhaitent <strong>calibrer tr\u00e8s pr\u00e9cis\u00e9ment l&rsquo;intensit\u00e9 lumineuse<\/strong> afin d&rsquo;obtenir les r\u00e9sultats les plus fiables.<\/p>\n\n<div style=\"height:30px\" aria-hidden=\"true\" class=\"wp-block-spacer\"><\/div>\n\n<h2 class=\"wp-block-heading\">Informations techniques<\/h2>\n\n<p><em>Veuillez cliquer sur les onglets ci-dessous.<\/em><\/p>\n\n<div class=\"wp-block-pb-accordion-item c-accordion__item js-accordion-item no-js\" data-initially-open=\"false\" data-click-to-close=\"true\" data-auto-close=\"true\" data-scroll=\"false\" data-scroll-offset=\"0\"><h3 id=\"at-19700\" class=\"c-accordion__title js-accordion-controller\" role=\"button\">M\u00e9thode d&rsquo;\u00e9clairage<\/h3><div id=\"ac-19700\" class=\"c-accordion__content\">\n<figure class=\"wp-block-image size-full\"><img fetchpriority=\"high\" decoding=\"async\" width=\"300\" height=\"300\" src=\"https:\/\/www.tpl-vision.com\/wp-content\/uploads\/2022\/10\/TPL_LightingMethod_BACKLIGHT_2-300x300-1.jpg\" alt=\"\" class=\"wp-image-1542\" srcset=\"https:\/\/www.tpl-vision.com\/wp-content\/uploads\/2022\/10\/TPL_LightingMethod_BACKLIGHT_2-300x300-1.jpg 300w, https:\/\/www.tpl-vision.com\/wp-content\/uploads\/2022\/10\/TPL_LightingMethod_BACKLIGHT_2-300x300-1-150x150.jpg 150w, https:\/\/www.tpl-vision.com\/wp-content\/uploads\/2022\/10\/TPL_LightingMethod_BACKLIGHT_2-300x300-1-175x175.jpg 175w, https:\/\/www.tpl-vision.com\/wp-content\/uploads\/2022\/10\/TPL_LightingMethod_BACKLIGHT_2-300x300-1-50x50.jpg 50w, https:\/\/www.tpl-vision.com\/wp-content\/uploads\/2022\/10\/TPL_LightingMethod_BACKLIGHT_2-300x300-1-100x100.jpg 100w, https:\/\/www.tpl-vision.com\/wp-content\/uploads\/2022\/10\/TPL_LightingMethod_BACKLIGHT_2-300x300-1-40x40.jpg 40w, https:\/\/www.tpl-vision.com\/wp-content\/uploads\/2022\/10\/TPL_LightingMethod_BACKLIGHT_2-300x300-1-55x55.jpg 55w\" sizes=\"(max-width: 300px) 100vw, 300px\" \/><\/figure>\n<\/div><\/div>\n\n<div class=\"wp-block-pb-accordion-item c-accordion__item js-accordion-item no-js\" data-initially-open=\"false\" data-click-to-close=\"true\" data-auto-close=\"true\" data-scroll=\"false\" data-scroll-offset=\"0\"><h3 id=\"at-19701\" class=\"c-accordion__title js-accordion-controller\" role=\"button\">Constructeur de r\u00e9f\u00e9rence<\/h3><div id=\"ac-19701\" class=\"c-accordion__content\">\n<p><\/p>\n\n\n\n<figure class=\"wp-block-image size-full\"><a href=\"https:\/\/www.tpl-vision.com\/wp-content\/uploads\/2023\/01\/TPL_CMBACK_PLUS_Reference_Builder_FR.jpg\"><img decoding=\"async\" src=\"https:\/\/www.tpl-vision.com\/wp-content\/uploads\/2023\/01\/TPL_CMBACK_PLUS_Reference_Builder_FR.jpg\" alt=\"\" class=\"wp-image-9240\"\/><\/a><\/figure>\n<\/div><\/div>\n","protected":false},"excerpt":{"rendered":"<p>Le <strong>CMBACK+ semi-collimat\u00e9<\/strong> est un r\u00e9tro\u00e9clairage <strong>puissant et tr\u00e8s diffus<\/strong>, d\u00e9di\u00e9 \u00e0 de nombreuses applications de vision industrielle. Gr\u00e2ce aux <strong>leds haute puissance<\/strong>, associ\u00e9es aux <strong>lentilles sp\u00e9ciales<\/strong> dont il est \u00e9quip\u00e9, il g\u00e9n\u00e8re un \u00e9clairage <strong>intense<\/strong> et <strong>homog\u00e8ne<\/strong>.<\/p>\n<div class=\"three_fifth\">Le CMBACK+ est fabriqu\u00e9 avec des <strong>filtres<\/strong> qui <strong>\u00e9liminent les rayons non perpendiculaires<\/strong> (&gt;30\u00b0 par rapport \u00e0 l&rsquo;axe vertical de la surface d&rsquo;\u00e9clairage). Cette collimation permet d\u2019obtenir des images <strong>tr\u00e8s contrast\u00e9es<\/strong>. Ce produit est recommand\u00e9 pour la <strong>d\u00e9tection de contours sur des pi\u00e8ces rondes ou \u00e9paisses<\/strong>. Il est \u00e9galement indiqu\u00e9 pour la <strong>d\u00e9tection de marquage ou d\u00e9faut de mati\u00e8re<\/strong> sur des pi\u00e8ces <strong>transparentes<\/strong> (en verre ou plastique).<\/div>\n<div class=\"two_fifth last\">Le CMBACK+ est \u00e9quip\u00e9 d\u2019une entr\u00e9e <strong>strobe<\/strong> et d\u2019un <strong>potentiom\u00e8tre<\/strong> permettant de faire varier la luminosit\u00e9. \u00c0 noter qu\u2019en <strong>version OVERDRIV<\/strong>E, la puissance lumineuse peut \u00eatre largement augment\u00e9e. Il fonctionne en mode <strong>continu<\/strong> et <strong>strobe<\/strong>, avec des temps de mont\u00e9e et de descente tr\u00e8s <strong>courts<\/strong> : 25 \u00b5s et 15 \u00b5s. Gr\u00e2ce \u00e0 ses <strong>bords fins<\/strong>, le <strong>CMBACK+ semi-collimat\u00e9<\/strong> \u00e9claire uniform\u00e9ment toute la surface analys\u00e9e. La position du <strong>connecteur<\/strong> peut \u00eatre choisie <strong>librement<\/strong> pour une int\u00e9gration facile. \u00c0 la base du connecteur se situent <strong>2 leds t\u00e9moins<\/strong>, qui indiquent la mise sous tension et le fonctionnement du mode strobe. Le CMBACK+ est disponible en <strong>diff\u00e9rentes longueurs d&rsquo;onde<\/strong> et \u00e9galement en <strong>diff\u00e9rentes dimensions<\/strong>.<\/div>\n<ul>\n<li>BACKLIGHT HOMOG\u00c8NE PUISSANT,<\/li>\n<li>BORDS EXTRA-FINS,<\/li>\n<li>TEMPS D\u2019ALLUMAGE : 25 \u03bcs.<\/li>\n<\/ul>\n","protected":false},"featured_media":24000,"comment_status":"closed","ping_status":"closed","template":"","meta":{"_seopress_robots_primary_cat":"none","_seopress_titles_title":"","_seopress_titles_desc":"R\u00e9tro\u00e9clairage semi-collimat\u00e9 pour applications d'automatisation industrielle et de vision.","_seopress_robots_index":"","_monsterinsights_skip_tracking":false,"_monsterinsights_sitenote_active":false,"_monsterinsights_sitenote_note":"","_monsterinsights_sitenote_category":0},"product_cat":[73],"product_tag":[],"_links":{"self":[{"href":"https:\/\/www.tpl-vision.com\/fr\/wp-json\/wp\/v2\/product\/2254"}],"collection":[{"href":"https:\/\/www.tpl-vision.com\/fr\/wp-json\/wp\/v2\/product"}],"about":[{"href":"https:\/\/www.tpl-vision.com\/fr\/wp-json\/wp\/v2\/types\/product"}],"replies":[{"embeddable":true,"href":"https:\/\/www.tpl-vision.com\/fr\/wp-json\/wp\/v2\/comments?post=2254"}],"wp:featuredmedia":[{"embeddable":true,"href":"https:\/\/www.tpl-vision.com\/fr\/wp-json\/wp\/v2\/media\/24000"}],"wp:attachment":[{"href":"https:\/\/www.tpl-vision.com\/fr\/wp-json\/wp\/v2\/media?parent=2254"}],"wp:term":[{"taxonomy":"product_cat","embeddable":true,"href":"https:\/\/www.tpl-vision.com\/fr\/wp-json\/wp\/v2\/product_cat?post=2254"},{"taxonomy":"product_tag","embeddable":true,"href":"https:\/\/www.tpl-vision.com\/fr\/wp-json\/wp\/v2\/product_tag?post=2254"}],"curies":[{"name":"wp","href":"https:\/\/api.w.org\/{rel}","templated":true}]}}