{"id":2258,"date":"2022-10-19T15:48:50","date_gmt":"2022-10-19T13:48:50","guid":{"rendered":"https:\/\/www.tpl-vision.com\/overview\/non%20class\u00e9\/modular-m-ebar\/"},"modified":"2025-10-06T11:31:43","modified_gmt":"2025-10-06T09:31:43","slug":"modular-m-ebar","status":"publish","type":"product","link":"https:\/\/www.tpl-vision.com\/fr\/vuedensemble\/barres-fr\/modular-m-ebar\/","title":{"rendered":"Modular M-EBAR"},"content":{"rendered":"\n<h2 class=\"wp-block-heading\">Pr\u00e9sentation Produit<\/h2>\n\n\n\n<figure class=\"wp-block-embed is-type-video is-provider-vimeo wp-block-embed-vimeo wp-embed-aspect-16-9 wp-has-aspect-ratio\"><div class=\"wp-block-embed__wrapper\">\n<iframe title=\"Flexible high-brightness illumination by TPL Vision (microsite version)\" src=\"https:\/\/player.vimeo.com\/video\/565562086?h=c6efa4d9b3&amp;dnt=1&amp;app_id=122963\" width=\"800\" height=\"450\" frameborder=\"0\" allow=\"autoplay; fullscreen; picture-in-picture\" allowfullscreen><\/iframe>\n<\/div><figcaption class=\"wp-element-caption\"><br><\/figcaption><\/figure>\n\n\n\n<h2 class=\"wp-block-heading\">Principales caract\u00e9ristiques<\/h2>\n\n\n\n<ul>\n<li>Plug &amp; light gr\u00e2ce \u00e0 un connecteur universel M12<\/li>\n\n\n\n<li>Adapt\u00e9e \u00e0 la plupart des cam\u00e9ras du march\u00e9<\/li>\n\n\n\n<li>Auto-Overdrive : obtenez jusqu&rsquo;\u00e0 4x la luminosit\u00e9 du mode continu avec des d\u00e9clenchements de &lt;30 ms<\/li>\n<\/ul>\n\n\n\n<div class=\"wp-block-columns is-layout-flex wp-container-core-columns-layout-1 wp-block-columns-is-layout-flex\">\n<div class=\"wp-block-column is-layout-flow wp-block-column-is-layout-flow\">\n<figure class=\"wp-block-image size-full\"><img fetchpriority=\"high\" decoding=\"async\" width=\"800\" height=\"600\" src=\"https:\/\/www.tpl-vision.com\/wp-content\/uploads\/2022\/10\/TPL_M-EBAR_6.jpeg\" alt=\"\" class=\"wp-image-3132\" srcset=\"https:\/\/www.tpl-vision.com\/wp-content\/uploads\/2022\/10\/TPL_M-EBAR_6.jpeg 800w, https:\/\/www.tpl-vision.com\/wp-content\/uploads\/2022\/10\/TPL_M-EBAR_6-300x225.jpeg 300w, https:\/\/www.tpl-vision.com\/wp-content\/uploads\/2022\/10\/TPL_M-EBAR_6-768x576.jpeg 768w, https:\/\/www.tpl-vision.com\/wp-content\/uploads\/2022\/10\/TPL_M-EBAR_6-600x450.jpeg 600w, https:\/\/www.tpl-vision.com\/wp-content\/uploads\/2022\/10\/TPL_M-EBAR_6-175x131.jpeg 175w, https:\/\/www.tpl-vision.com\/wp-content\/uploads\/2022\/10\/TPL_M-EBAR_6-40x30.jpeg 40w, https:\/\/www.tpl-vision.com\/wp-content\/uploads\/2022\/10\/TPL_M-EBAR_6-55x41.jpeg 55w, https:\/\/www.tpl-vision.com\/wp-content\/uploads\/2022\/10\/TPL_M-EBAR_6-100x75.jpeg 100w\" sizes=\"(max-width: 800px) 100vw, 800px\" \/><figcaption class=\"wp-element-caption\">CLIPSER LES ANGLE CHANGERS<\/figcaption><\/figure>\n<\/div>\n\n\n\n<div class=\"wp-block-column is-layout-flow wp-block-column-is-layout-flow\">\n<figure class=\"wp-block-image size-full\"><img decoding=\"async\" width=\"768\" height=\"576\" src=\"https:\/\/www.tpl-vision.com\/wp-content\/uploads\/2022\/10\/TPL_Angle_Changers_2-1-768x576-1.jpeg\" alt=\"\" class=\"wp-image-3135\" srcset=\"https:\/\/www.tpl-vision.com\/wp-content\/uploads\/2022\/10\/TPL_Angle_Changers_2-1-768x576-1.jpeg 768w, https:\/\/www.tpl-vision.com\/wp-content\/uploads\/2022\/10\/TPL_Angle_Changers_2-1-768x576-1-300x225.jpeg 300w, https:\/\/www.tpl-vision.com\/wp-content\/uploads\/2022\/10\/TPL_Angle_Changers_2-1-768x576-1-600x450.jpeg 600w, https:\/\/www.tpl-vision.com\/wp-content\/uploads\/2022\/10\/TPL_Angle_Changers_2-1-768x576-1-175x131.jpeg 175w, https:\/\/www.tpl-vision.com\/wp-content\/uploads\/2022\/10\/TPL_Angle_Changers_2-1-768x576-1-40x30.jpeg 40w, https:\/\/www.tpl-vision.com\/wp-content\/uploads\/2022\/10\/TPL_Angle_Changers_2-1-768x576-1-55x41.jpeg 55w, https:\/\/www.tpl-vision.com\/wp-content\/uploads\/2022\/10\/TPL_Angle_Changers_2-1-768x576-1-100x75.jpeg 100w\" sizes=\"(max-width: 768px) 100vw, 768px\" \/><figcaption class=\"wp-element-caption\">4 OPTIONS D&rsquo;ANGLE<\/figcaption><\/figure>\n<\/div>\n<\/div>\n\n\n\n<div class=\"wp-block-columns is-layout-flex wp-container-core-columns-layout-2 wp-block-columns-is-layout-flex\">\n<div class=\"wp-block-column is-layout-flow wp-block-column-is-layout-flow\">\n<figure class=\"wp-block-image size-full\"><img decoding=\"async\" width=\"800\" height=\"600\" src=\"https:\/\/www.tpl-vision.com\/wp-content\/uploads\/2022\/10\/TPL_Captive_Nut.jpeg\" alt=\"\" class=\"wp-image-3139\" srcset=\"https:\/\/www.tpl-vision.com\/wp-content\/uploads\/2022\/10\/TPL_Captive_Nut.jpeg 800w, https:\/\/www.tpl-vision.com\/wp-content\/uploads\/2022\/10\/TPL_Captive_Nut-300x225.jpeg 300w, https:\/\/www.tpl-vision.com\/wp-content\/uploads\/2022\/10\/TPL_Captive_Nut-768x576.jpeg 768w, https:\/\/www.tpl-vision.com\/wp-content\/uploads\/2022\/10\/TPL_Captive_Nut-600x450.jpeg 600w, https:\/\/www.tpl-vision.com\/wp-content\/uploads\/2022\/10\/TPL_Captive_Nut-175x131.jpeg 175w, https:\/\/www.tpl-vision.com\/wp-content\/uploads\/2022\/10\/TPL_Captive_Nut-40x30.jpeg 40w, https:\/\/www.tpl-vision.com\/wp-content\/uploads\/2022\/10\/TPL_Captive_Nut-55x41.jpeg 55w, https:\/\/www.tpl-vision.com\/wp-content\/uploads\/2022\/10\/TPL_Captive_Nut-100x75.jpeg 100w\" sizes=\"(max-width: 800px) 100vw, 800px\" \/><figcaption class=\"wp-element-caption\">CAPTIVE NUTS<\/figcaption><\/figure>\n<\/div>\n\n\n\n<div class=\"wp-block-column is-layout-flow wp-block-column-is-layout-flow\">\n<figure class=\"wp-block-image size-full\"><img loading=\"lazy\" decoding=\"async\" width=\"800\" height=\"600\" src=\"https:\/\/www.tpl-vision.com\/wp-content\/uploads\/2022\/10\/TPL_M-EBAR_5.jpeg\" alt=\"\" class=\"wp-image-3138\" srcset=\"https:\/\/www.tpl-vision.com\/wp-content\/uploads\/2022\/10\/TPL_M-EBAR_5.jpeg 800w, https:\/\/www.tpl-vision.com\/wp-content\/uploads\/2022\/10\/TPL_M-EBAR_5-300x225.jpeg 300w, https:\/\/www.tpl-vision.com\/wp-content\/uploads\/2022\/10\/TPL_M-EBAR_5-768x576.jpeg 768w, https:\/\/www.tpl-vision.com\/wp-content\/uploads\/2022\/10\/TPL_M-EBAR_5-600x450.jpeg 600w, https:\/\/www.tpl-vision.com\/wp-content\/uploads\/2022\/10\/TPL_M-EBAR_5-175x131.jpeg 175w, https:\/\/www.tpl-vision.com\/wp-content\/uploads\/2022\/10\/TPL_M-EBAR_5-40x30.jpeg 40w, https:\/\/www.tpl-vision.com\/wp-content\/uploads\/2022\/10\/TPL_M-EBAR_5-55x41.jpeg 55w, https:\/\/www.tpl-vision.com\/wp-content\/uploads\/2022\/10\/TPL_M-EBAR_5-100x75.jpeg 100w\" sizes=\"(max-width: 800px) 100vw, 800px\" \/><figcaption class=\"wp-element-caption\">DE NOMBREUX EFFETS<\/figcaption><\/figure>\n<\/div>\n<\/div>\n\n\n\n<h2 class=\"wp-block-heading\">Les points forts de la M-EBAR<\/h2>\n\n\n\n<p>Regardez nos <strong>didacticiels vid\u00e9o<\/strong> et explorez nos <strong>\u00e9tudes de cas<\/strong> pour d\u00e9couvrir comment la M-EBAR et les Angle Changers peuvent r\u00e9pondre \u00e0 vos besoins sp\u00e9cifiques. Que vous travailliez avec de <strong>larges champs de vision<\/strong>, des <strong>applications \u00e0 grande vitesse<\/strong> ou des <strong>surfaces brillantes<\/strong>, nos outils offrent la flexibilit\u00e9 et les performances dont vous avez besoin. Cliquez ci-dessous pour optimiser votre configuration de vision industrielle avec la M-EBAR d\u00e8s \u00e0 pr\u00e9sent !<\/p>\n\n\n\n<div class=\"wp-block-buttons is-content-justification-center is-layout-flex wp-container-core-buttons-layout-1 wp-block-buttons-is-layout-flex\">\n<div class=\"wp-block-button has-custom-width wp-block-button__width-25\"><a class=\"wp-block-button__link has-vivid-red-background-color has-background has-text-align-center wp-element-button\" href=\"https:\/\/www.tpl-vision.com\/m-ebar-product-highlights\/\" target=\"_blank\" rel=\"noreferrer noopener\">Plus d&rsquo;infos<\/a><\/div>\n<\/div>\n\n\n\n<div style=\"height:30px\" aria-hidden=\"true\" class=\"wp-block-spacer\"><\/div>\n\n\n\n<h2 class=\"wp-block-heading\">Effet Curve<\/h2>\n\n\n\n<p>Vos applications d\u2019inspection souffrent-elles de <strong>points chauds<\/strong> au milieu ? Avez-vous du mal \u00e0 <strong>\u00e9clairer uniform\u00e9ment de grands FoV<\/strong> ? Notre effet Curve brevet\u00e9 peut vous aider \u00e0 r\u00e9soudre ces probl\u00e8mes en un rien de temps.<\/p>\n\n\n\n<p>L&rsquo;effet Curve est un outil extr\u00eamement puissant, permettant d&rsquo;obtenir une <strong>excellente uniformit\u00e9<\/strong> et <strong>homog\u00e9n\u00e9it\u00e9<\/strong> sur un <strong>grand FoV<\/strong> et de longues distances de travail \u00e0 l&rsquo;aide d&rsquo;une barre d&rsquo;\u00e9clairage \u00e0 <strong>intensit\u00e9 variable<\/strong> sur toute sa longueur.<\/p>\n\n\n\n<div style=\"height:11px\" aria-hidden=\"true\" class=\"wp-block-spacer\"><\/div>\n\n\n\n<figure class=\"wp-block-embed is-type-video is-provider-vimeo wp-block-embed-vimeo wp-embed-aspect-16-9 wp-has-aspect-ratio\"><div class=\"wp-block-embed__wrapper\">\n<iframe title=\"Curve Effect - Short Introduction\" src=\"https:\/\/player.vimeo.com\/video\/871393515?h=3d8e182f68&amp;dnt=1&amp;app_id=122963\" width=\"800\" height=\"450\" frameborder=\"0\" allow=\"autoplay; fullscreen; picture-in-picture\"><\/iframe>\n<\/div><\/figure>\n\n\n\n<div style=\"height:10px\" aria-hidden=\"true\" class=\"wp-block-spacer\"><\/div>\n\n\n\n<div class=\"wp-block-buttons is-vertical is-content-justification-center is-layout-flex wp-container-core-buttons-layout-2 wp-block-buttons-is-layout-flex\">\n<div class=\"wp-block-button has-custom-width wp-block-button__width-25\"><a class=\"wp-block-button__link has-vivid-red-background-color has-background wp-element-button\" href=\"https:\/\/www.tpl-vision.com\/fr\/services\/support-technique\/curve-effect-tech-note-request\/\" target=\"_blank\" rel=\"noreferrer noopener\">Plus d&rsquo;infos<\/a><\/div>\n<\/div>\n\n\n\n<div style=\"height:30px\" aria-hidden=\"true\" class=\"wp-block-spacer\"><\/div>\n\n\n\n<h2 class=\"wp-block-heading\">Gagnant des Innovators Award<\/h2>\n\n\n\n<figure class=\"wp-block-image size-full is-style-default\"><img loading=\"lazy\" decoding=\"async\" width=\"900\" height=\"680\" src=\"https:\/\/www.tpl-vision.com\/wp-content\/uploads\/2022\/10\/M-EBAR_Silver_Innovative_Award.jpeg\" alt=\"\" class=\"wp-image-2962\" srcset=\"https:\/\/www.tpl-vision.com\/wp-content\/uploads\/2022\/10\/M-EBAR_Silver_Innovative_Award.jpeg 900w, https:\/\/www.tpl-vision.com\/wp-content\/uploads\/2022\/10\/M-EBAR_Silver_Innovative_Award-300x227.jpeg 300w, https:\/\/www.tpl-vision.com\/wp-content\/uploads\/2022\/10\/M-EBAR_Silver_Innovative_Award-768x580.jpeg 768w, https:\/\/www.tpl-vision.com\/wp-content\/uploads\/2022\/10\/M-EBAR_Silver_Innovative_Award-600x453.jpeg 600w, https:\/\/www.tpl-vision.com\/wp-content\/uploads\/2022\/10\/M-EBAR_Silver_Innovative_Award-175x132.jpeg 175w, https:\/\/www.tpl-vision.com\/wp-content\/uploads\/2022\/10\/M-EBAR_Silver_Innovative_Award-40x30.jpeg 40w, https:\/\/www.tpl-vision.com\/wp-content\/uploads\/2022\/10\/M-EBAR_Silver_Innovative_Award-55x42.jpeg 55w, https:\/\/www.tpl-vision.com\/wp-content\/uploads\/2022\/10\/M-EBAR_Silver_Innovative_Award-100x76.jpeg 100w\" sizes=\"(max-width: 900px) 100vw, 900px\" \/><\/figure>\n\n\n\n<p class=\"has-small-font-size\">Les Vision Systems Design Innovators Awards r\u00e9compensent les produits les plus innovants dans le domaine de la vision et du traitement d&rsquo;images. La Modular Bar &amp; les Angle Changers ont remport\u00e9 le prix d&rsquo;argent en 2021. <\/p>\n\n\n\n<div style=\"height:30px\" aria-hidden=\"true\" class=\"wp-block-spacer\"><\/div>\n\n\n\n<h2 class=\"wp-block-heading\">Informations techniques<\/h2>\n\n\n\n<p><em>Veuillez cliquer sur les onglets ci-dessous.<\/em><\/p>\n\n\n\n<div class=\"wp-block-pb-accordion-item c-accordion__item js-accordion-item no-js\" data-initially-open=\"false\" data-click-to-close=\"true\" data-auto-close=\"true\" data-scroll=\"false\" data-scroll-offset=\"0\"><h3 id=\"at-22580\" class=\"c-accordion__title js-accordion-controller\" role=\"button\">M\u00e9thode d&rsquo;\u00e9clairage<\/h3><div id=\"ac-22580\" class=\"c-accordion__content\">\n<div class=\"wp-block-columns is-layout-flex wp-container-core-columns-layout-3 wp-block-columns-is-layout-flex\">\n<div class=\"wp-block-column is-layout-flow wp-block-column-is-layout-flow\">\n<figure class=\"wp-block-image size-full\"><img loading=\"lazy\" decoding=\"async\" width=\"500\" height=\"500\" src=\"https:\/\/www.tpl-vision.com\/wp-content\/uploads\/2022\/10\/TPL_LightingMethod_RING_DIRECT.jpg\" alt=\"\" class=\"wp-image-2761\" srcset=\"https:\/\/www.tpl-vision.com\/wp-content\/uploads\/2022\/10\/TPL_LightingMethod_RING_DIRECT.jpg 500w, https:\/\/www.tpl-vision.com\/wp-content\/uploads\/2022\/10\/TPL_LightingMethod_RING_DIRECT-300x300.jpg 300w, https:\/\/www.tpl-vision.com\/wp-content\/uploads\/2022\/10\/TPL_LightingMethod_RING_DIRECT-150x150.jpg 150w, https:\/\/www.tpl-vision.com\/wp-content\/uploads\/2022\/10\/TPL_LightingMethod_RING_DIRECT-100x100.jpg 100w, https:\/\/www.tpl-vision.com\/wp-content\/uploads\/2022\/10\/TPL_LightingMethod_RING_DIRECT-50x50.jpg 50w, https:\/\/www.tpl-vision.com\/wp-content\/uploads\/2022\/10\/TPL_LightingMethod_RING_DIRECT-40x40.jpg 40w, https:\/\/www.tpl-vision.com\/wp-content\/uploads\/2022\/10\/TPL_LightingMethod_RING_DIRECT-55x55.jpg 55w\" sizes=\"(max-width: 500px) 100vw, 500px\" \/><\/figure>\n<\/div>\n\n\n\n<div class=\"wp-block-column is-layout-flow wp-block-column-is-layout-flow\">\n<figure class=\"wp-block-image size-full\"><img loading=\"lazy\" decoding=\"async\" width=\"500\" height=\"500\" src=\"https:\/\/www.tpl-vision.com\/wp-content\/uploads\/2022\/10\/TPL_LightingMethod_SPOT_DIRECTincline.jpg\" alt=\"\" class=\"wp-image-2750\" srcset=\"https:\/\/www.tpl-vision.com\/wp-content\/uploads\/2022\/10\/TPL_LightingMethod_SPOT_DIRECTincline.jpg 500w, https:\/\/www.tpl-vision.com\/wp-content\/uploads\/2022\/10\/TPL_LightingMethod_SPOT_DIRECTincline-300x300.jpg 300w, https:\/\/www.tpl-vision.com\/wp-content\/uploads\/2022\/10\/TPL_LightingMethod_SPOT_DIRECTincline-150x150.jpg 150w, https:\/\/www.tpl-vision.com\/wp-content\/uploads\/2022\/10\/TPL_LightingMethod_SPOT_DIRECTincline-100x100.jpg 100w, https:\/\/www.tpl-vision.com\/wp-content\/uploads\/2022\/10\/TPL_LightingMethod_SPOT_DIRECTincline-50x50.jpg 50w, https:\/\/www.tpl-vision.com\/wp-content\/uploads\/2022\/10\/TPL_LightingMethod_SPOT_DIRECTincline-40x40.jpg 40w, https:\/\/www.tpl-vision.com\/wp-content\/uploads\/2022\/10\/TPL_LightingMethod_SPOT_DIRECTincline-55x55.jpg 55w\" sizes=\"(max-width: 500px) 100vw, 500px\" \/><\/figure>\n<\/div>\n\n\n\n<div class=\"wp-block-column is-layout-flow wp-block-column-is-layout-flow\">\n<figure class=\"wp-block-image size-full\"><img loading=\"lazy\" decoding=\"async\" width=\"500\" height=\"500\" src=\"https:\/\/www.tpl-vision.com\/wp-content\/uploads\/2022\/10\/TPL_LightingMethod_SPOT_DarkField.jpg\" alt=\"\" class=\"wp-image-2754\" srcset=\"https:\/\/www.tpl-vision.com\/wp-content\/uploads\/2022\/10\/TPL_LightingMethod_SPOT_DarkField.jpg 500w, https:\/\/www.tpl-vision.com\/wp-content\/uploads\/2022\/10\/TPL_LightingMethod_SPOT_DarkField-300x300.jpg 300w, https:\/\/www.tpl-vision.com\/wp-content\/uploads\/2022\/10\/TPL_LightingMethod_SPOT_DarkField-150x150.jpg 150w, https:\/\/www.tpl-vision.com\/wp-content\/uploads\/2022\/10\/TPL_LightingMethod_SPOT_DarkField-100x100.jpg 100w, https:\/\/www.tpl-vision.com\/wp-content\/uploads\/2022\/10\/TPL_LightingMethod_SPOT_DarkField-50x50.jpg 50w, https:\/\/www.tpl-vision.com\/wp-content\/uploads\/2022\/10\/TPL_LightingMethod_SPOT_DarkField-40x40.jpg 40w, https:\/\/www.tpl-vision.com\/wp-content\/uploads\/2022\/10\/TPL_LightingMethod_SPOT_DarkField-55x55.jpg 55w\" sizes=\"(max-width: 500px) 100vw, 500px\" \/><\/figure>\n<\/div>\n\n\n\n<div class=\"wp-block-column is-layout-flow wp-block-column-is-layout-flow\">\n<figure class=\"wp-block-image size-full\"><img loading=\"lazy\" decoding=\"async\" width=\"500\" height=\"500\" src=\"https:\/\/www.tpl-vision.com\/wp-content\/uploads\/2022\/10\/TPL_LightingMethod_DOME.jpg\" alt=\"\" class=\"wp-image-1281\" srcset=\"https:\/\/www.tpl-vision.com\/wp-content\/uploads\/2022\/10\/TPL_LightingMethod_DOME.jpg 500w, https:\/\/www.tpl-vision.com\/wp-content\/uploads\/2022\/10\/TPL_LightingMethod_DOME-300x300.jpg 300w, https:\/\/www.tpl-vision.com\/wp-content\/uploads\/2022\/10\/TPL_LightingMethod_DOME-150x150.jpg 150w, https:\/\/www.tpl-vision.com\/wp-content\/uploads\/2022\/10\/TPL_LightingMethod_DOME-360x360.jpg 360w, https:\/\/www.tpl-vision.com\/wp-content\/uploads\/2022\/10\/TPL_LightingMethod_DOME-100x100.jpg 100w, https:\/\/www.tpl-vision.com\/wp-content\/uploads\/2022\/10\/TPL_LightingMethod_DOME-50x50.jpg 50w, https:\/\/www.tpl-vision.com\/wp-content\/uploads\/2022\/10\/TPL_LightingMethod_DOME-40x40.jpg 40w, https:\/\/www.tpl-vision.com\/wp-content\/uploads\/2022\/10\/TPL_LightingMethod_DOME-55x55.jpg 55w\" sizes=\"(max-width: 500px) 100vw, 500px\" \/><\/figure>\n<\/div>\n<\/div>\n<\/div><\/div>\n\n\n\n<div class=\"wp-block-pb-accordion-item c-accordion__item js-accordion-item no-js\" data-initially-open=\"false\" data-click-to-close=\"true\" data-auto-close=\"true\" data-scroll=\"false\" data-scroll-offset=\"0\"><h3 id=\"at-22581\" class=\"c-accordion__title js-accordion-controller\" role=\"button\">Constructeur de r\u00e9f\u00e9rence<\/h3><div id=\"ac-22581\" class=\"c-accordion__content\">\n<figure class=\"wp-block-image size-full\"><a href=\"https:\/\/www.tpl-vision.com\/wp-content\/uploads\/2025\/06\/TPL_M-EBAR_Refbuilder_FR.jpg\"><img decoding=\"async\" src=\"https:\/\/www.tpl-vision.com\/wp-content\/uploads\/2025\/06\/TPL_M-EBAR_Refbuilder_FR.jpg\" alt=\"modular m ebar\" class=\"wp-image-20914\"\/><\/a><\/figure>\n<\/div><\/div>\n","protected":false},"excerpt":{"rendered":"<p class=\"sqsrte-large\">L&rsquo;\u00e9clairage de barre <strong>modulaire<\/strong> brevet\u00e9* prim\u00e9 de TPL Vision offre des <strong>solutions universelles<\/strong> pour les applications de prise et de placement, de logistique, d&#8217;emballage et de tra\u00e7abilit\u00e9.<\/p>\n<p class=\"sqsrte-large\">Combin\u00e9e aux <strong>Angle Changers<\/strong>, elle peut \u00eatre configur\u00e9e pour s&rsquo;adapter \u00e0 la tr\u00e8s grande majorit\u00e9 des applications de vision industrielle. Nos produits permettent \u00e0 des milliers de clients \u00e0 travers le monde d&rsquo;\u00e9clairer efficacement des applications d&rsquo;automatisation industrielle et de logistique dans de tr\u00e8s nombreux secteurs, <strong>des industries pharmaceutique et agro-alimentaire<\/strong> \u00e0 <strong>l&rsquo;industrie automobile<\/strong>, et bien plus encore.<\/p>\n<ul>\n<li>Flexible et personnalisable<\/li>\n<li>Couvre de tr\u00e8s nombreuses applications avec seulement quelques r\u00e9f\u00e9rences<\/li>\n<li>Meilleur \u00e9quilibre entre luminosit\u00e9 et homog\u00e9n\u00e9it\u00e9<\/li>\n<\/ul>\n<p>* US Patent No.: <strong>US D976,449 S<\/strong><\/p>\n<div class=\"mceTemp\">\u00a0<\/div>\n","protected":false},"featured_media":23970,"comment_status":"closed","ping_status":"closed","template":"","meta":{"_seopress_robots_primary_cat":"none","_seopress_titles_title":"","_seopress_titles_desc":"Barre d'\u00e9clairage flexible pour tous les projets de vision industrielle et de robotique. R\u00e9pondez \u00e0 toutes les applications avec seulement quelques r\u00e9f\u00e9rences. ","_seopress_robots_index":"","_monsterinsights_skip_tracking":false,"_monsterinsights_sitenote_active":false,"_monsterinsights_sitenote_note":"","_monsterinsights_sitenote_category":0},"product_cat":[69],"product_tag":[],"_links":{"self":[{"href":"https:\/\/www.tpl-vision.com\/fr\/wp-json\/wp\/v2\/product\/2258"}],"collection":[{"href":"https:\/\/www.tpl-vision.com\/fr\/wp-json\/wp\/v2\/product"}],"about":[{"href":"https:\/\/www.tpl-vision.com\/fr\/wp-json\/wp\/v2\/types\/product"}],"replies":[{"embeddable":true,"href":"https:\/\/www.tpl-vision.com\/fr\/wp-json\/wp\/v2\/comments?post=2258"}],"wp:featuredmedia":[{"embeddable":true,"href":"https:\/\/www.tpl-vision.com\/fr\/wp-json\/wp\/v2\/media\/23970"}],"wp:attachment":[{"href":"https:\/\/www.tpl-vision.com\/fr\/wp-json\/wp\/v2\/media?parent=2258"}],"wp:term":[{"taxonomy":"product_cat","embeddable":true,"href":"https:\/\/www.tpl-vision.com\/fr\/wp-json\/wp\/v2\/product_cat?post=2258"},{"taxonomy":"product_tag","embeddable":true,"href":"https:\/\/www.tpl-vision.com\/fr\/wp-json\/wp\/v2\/product_tag?post=2258"}],"curies":[{"name":"wp","href":"https:\/\/api.w.org\/{rel}","templated":true}]}}