{"id":2622,"date":"2022-10-25T15:20:24","date_gmt":"2022-10-25T13:20:24","guid":{"rendered":"https:\/\/www.tpl-vision.com\/overview\/non%20class\u00e9\/essential-ebar-uv-405\/"},"modified":"2026-03-30T15:01:23","modified_gmt":"2026-03-30T13:01:23","slug":"essential-ebar-uv-405","status":"publish","type":"product","link":"https:\/\/www.tpl-vision.com\/fr\/vuedensemble\/barres-fr\/essential-ebar-uv-405\/","title":{"rendered":"Essential EBAR+ UV 405"},"content":{"rendered":"\n<h2 class=\"wp-block-heading\">2 versions disponibles<\/h2>\n\n<p>En plus de la version STANDARD, 1 autre version d&rsquo;EBAR+ UV est disponible :<\/p>\n\n<figure class=\"wp-block-image size-full\"><img decoding=\"async\" width=\"192\" height=\"63\" src=\"https:\/\/www.tpl-vision.com\/wp-content\/uploads\/2022\/10\/Link.gif\" alt=\"\" class=\"wp-image-1272\"\/><\/figure>\n\n<p>En version <strong>LINK<\/strong>, l\u2019\u00e9clairage est dot\u00e9 d\u2019une <strong>connectique particuli\u00e8re<\/strong>, compos\u00e9e de <strong>3 connecteurs M12<\/strong>. Il est ainsi possible de relier plusieurs \u00e9clairages entre eux pour <strong>une parfaite synchronisation du signal<\/strong>, tout en les alimentant <strong>individuellement<\/strong> en 24VDC. La version LINK s\u2019int\u00e8gre parfaitement <strong>aux syst\u00e8mes de vision<\/strong> requ\u00e9rant la pr\u00e9sence de plusieurs \u00e9clairages, et n\u00e9cessitant <strong>une synchronisation optimis\u00e9e<\/strong>.<\/p>\n\n<div style=\"height:30px\" aria-hidden=\"true\" class=\"wp-block-spacer\"><\/div>\n\n<h2 class=\"wp-block-heading\">Informations techniques<\/h2>\n\n<p><em>Veuillez cliquer sur les onglets ci-dessous.<\/em><\/p>\n\n<div class=\"wp-block-pb-accordion-item c-accordion__item js-accordion-item no-js\" data-initially-open=\"false\" data-click-to-close=\"true\" data-auto-close=\"true\" data-scroll=\"false\" data-scroll-offset=\"0\"><h3 id=\"at-25990\" class=\"c-accordion__title js-accordion-controller\" role=\"button\">M\u00e9thode d&rsquo;\u00e9clairage<\/h3><div id=\"ac-25990\" class=\"c-accordion__content\">\n<div class=\"wp-block-columns is-layout-flex wp-container-core-columns-layout-1 wp-block-columns-is-layout-flex\">\n<div class=\"wp-block-column is-layout-flow wp-block-column-is-layout-flow\">\n<figure class=\"wp-block-image size-full\"><img fetchpriority=\"high\" decoding=\"async\" width=\"500\" height=\"500\" src=\"https:\/\/www.tpl-vision.com\/wp-content\/uploads\/2022\/10\/TPL_LightingMethod_DIRECT.jpg\" alt=\"\" class=\"wp-image-1290\" srcset=\"https:\/\/www.tpl-vision.com\/wp-content\/uploads\/2022\/10\/TPL_LightingMethod_DIRECT.jpg 500w, https:\/\/www.tpl-vision.com\/wp-content\/uploads\/2022\/10\/TPL_LightingMethod_DIRECT-300x300.jpg 300w, https:\/\/www.tpl-vision.com\/wp-content\/uploads\/2022\/10\/TPL_LightingMethod_DIRECT-150x150.jpg 150w, https:\/\/www.tpl-vision.com\/wp-content\/uploads\/2022\/10\/TPL_LightingMethod_DIRECT-360x360.jpg 360w, https:\/\/www.tpl-vision.com\/wp-content\/uploads\/2022\/10\/TPL_LightingMethod_DIRECT-100x100.jpg 100w, https:\/\/www.tpl-vision.com\/wp-content\/uploads\/2022\/10\/TPL_LightingMethod_DIRECT-50x50.jpg 50w, https:\/\/www.tpl-vision.com\/wp-content\/uploads\/2022\/10\/TPL_LightingMethod_DIRECT-40x40.jpg 40w, https:\/\/www.tpl-vision.com\/wp-content\/uploads\/2022\/10\/TPL_LightingMethod_DIRECT-55x55.jpg 55w\" sizes=\"(max-width: 500px) 100vw, 500px\" \/><\/figure>\n<\/div>\n\n\n\n<div class=\"wp-block-column is-layout-flow wp-block-column-is-layout-flow\">\n<figure class=\"wp-block-image size-full\"><img decoding=\"async\" width=\"500\" height=\"500\" src=\"https:\/\/www.tpl-vision.com\/wp-content\/uploads\/2022\/10\/TPL_LightingMethod_DIRECTincline.jpg\" alt=\"\" class=\"wp-image-1287\" srcset=\"https:\/\/www.tpl-vision.com\/wp-content\/uploads\/2022\/10\/TPL_LightingMethod_DIRECTincline.jpg 500w, https:\/\/www.tpl-vision.com\/wp-content\/uploads\/2022\/10\/TPL_LightingMethod_DIRECTincline-300x300.jpg 300w, https:\/\/www.tpl-vision.com\/wp-content\/uploads\/2022\/10\/TPL_LightingMethod_DIRECTincline-150x150.jpg 150w, https:\/\/www.tpl-vision.com\/wp-content\/uploads\/2022\/10\/TPL_LightingMethod_DIRECTincline-360x360.jpg 360w, https:\/\/www.tpl-vision.com\/wp-content\/uploads\/2022\/10\/TPL_LightingMethod_DIRECTincline-100x100.jpg 100w, https:\/\/www.tpl-vision.com\/wp-content\/uploads\/2022\/10\/TPL_LightingMethod_DIRECTincline-50x50.jpg 50w, https:\/\/www.tpl-vision.com\/wp-content\/uploads\/2022\/10\/TPL_LightingMethod_DIRECTincline-40x40.jpg 40w, https:\/\/www.tpl-vision.com\/wp-content\/uploads\/2022\/10\/TPL_LightingMethod_DIRECTincline-55x55.jpg 55w\" sizes=\"(max-width: 500px) 100vw, 500px\" \/><\/figure>\n<\/div>\n\n\n\n<div class=\"wp-block-column is-layout-flow wp-block-column-is-layout-flow\">\n<figure class=\"wp-block-image size-full\"><img loading=\"lazy\" decoding=\"async\" width=\"500\" height=\"500\" src=\"https:\/\/www.tpl-vision.com\/wp-content\/uploads\/2022\/10\/TPL_LightingMethod_DarkField.jpg\" alt=\"\" class=\"wp-image-1284\" srcset=\"https:\/\/www.tpl-vision.com\/wp-content\/uploads\/2022\/10\/TPL_LightingMethod_DarkField.jpg 500w, https:\/\/www.tpl-vision.com\/wp-content\/uploads\/2022\/10\/TPL_LightingMethod_DarkField-300x300.jpg 300w, https:\/\/www.tpl-vision.com\/wp-content\/uploads\/2022\/10\/TPL_LightingMethod_DarkField-150x150.jpg 150w, https:\/\/www.tpl-vision.com\/wp-content\/uploads\/2022\/10\/TPL_LightingMethod_DarkField-360x360.jpg 360w, https:\/\/www.tpl-vision.com\/wp-content\/uploads\/2022\/10\/TPL_LightingMethod_DarkField-100x100.jpg 100w, https:\/\/www.tpl-vision.com\/wp-content\/uploads\/2022\/10\/TPL_LightingMethod_DarkField-50x50.jpg 50w, https:\/\/www.tpl-vision.com\/wp-content\/uploads\/2022\/10\/TPL_LightingMethod_DarkField-40x40.jpg 40w, https:\/\/www.tpl-vision.com\/wp-content\/uploads\/2022\/10\/TPL_LightingMethod_DarkField-55x55.jpg 55w\" sizes=\"(max-width: 500px) 100vw, 500px\" \/><\/figure>\n<\/div>\n\n\n\n<div class=\"wp-block-column is-layout-flow wp-block-column-is-layout-flow\">\n<figure class=\"wp-block-image size-full\"><img loading=\"lazy\" decoding=\"async\" width=\"500\" height=\"500\" src=\"https:\/\/www.tpl-vision.com\/wp-content\/uploads\/2022\/10\/TPL_LightingMethod_DOME.jpg\" alt=\"\" class=\"wp-image-1281\" srcset=\"https:\/\/www.tpl-vision.com\/wp-content\/uploads\/2022\/10\/TPL_LightingMethod_DOME.jpg 500w, https:\/\/www.tpl-vision.com\/wp-content\/uploads\/2022\/10\/TPL_LightingMethod_DOME-300x300.jpg 300w, https:\/\/www.tpl-vision.com\/wp-content\/uploads\/2022\/10\/TPL_LightingMethod_DOME-150x150.jpg 150w, https:\/\/www.tpl-vision.com\/wp-content\/uploads\/2022\/10\/TPL_LightingMethod_DOME-360x360.jpg 360w, https:\/\/www.tpl-vision.com\/wp-content\/uploads\/2022\/10\/TPL_LightingMethod_DOME-100x100.jpg 100w, https:\/\/www.tpl-vision.com\/wp-content\/uploads\/2022\/10\/TPL_LightingMethod_DOME-50x50.jpg 50w, https:\/\/www.tpl-vision.com\/wp-content\/uploads\/2022\/10\/TPL_LightingMethod_DOME-40x40.jpg 40w, https:\/\/www.tpl-vision.com\/wp-content\/uploads\/2022\/10\/TPL_LightingMethod_DOME-55x55.jpg 55w\" sizes=\"(max-width: 500px) 100vw, 500px\" \/><\/figure>\n<\/div>\n<\/div>\n<\/div><\/div>\n\n<div class=\"wp-block-pb-accordion-item c-accordion__item js-accordion-item no-js\" data-initially-open=\"false\" data-click-to-close=\"true\" data-auto-close=\"true\" data-scroll=\"false\" data-scroll-offset=\"0\"><h3 id=\"at-25991\" class=\"c-accordion__title js-accordion-controller\" role=\"button\">Constructeur de r\u00e9f\u00e9rence<\/h3><div id=\"ac-25991\" class=\"c-accordion__content\">\n<figure class=\"wp-block-image size-full\"><a href=\"https:\/\/www.tpl-vision.com\/wp-content\/uploads\/2023\/01\/TPL_EBAR_PLUS_UV405_Reference_Builder_FR.jpg\"><img decoding=\"async\" src=\"https:\/\/www.tpl-vision.com\/wp-content\/uploads\/2023\/01\/TPL_EBAR_PLUS_UV405_Reference_Builder_FR.jpg\" alt=\"\" class=\"wp-image-9190\"\/><\/a><\/figure>\n<\/div><\/div>\n\n<p><\/p>\n","protected":false},"excerpt":{"rendered":"<p>L\u2019<strong>Essential EBAR+ UV 405<\/strong> est une barre \u00e0 led <strong>exceptionnellement puissante<\/strong>, d\u00e9di\u00e9e aux applications de vision requ\u00e9rant un intense flux lumineux. Dirig\u00e9e vers le bas ou avec un angle d\u2019incidence, elle permet de parfaitement \u00e9clairer des zones rectangulaires sur une cha\u00eene de production.<\/p>\n<p>L\u2019Essential EBAR+ UV 405 se distingue par sa <strong>facilit\u00e9 d\u2019installation<\/strong> : elle ne n\u00e9cessite aucun r\u00e9glage, il suffit de la connecter. \u00c0 noter qu\u2019elle fonctionne soit en mode continu, soit en mode strobe, avec <strong>des temps de mont\u00e9e et descente particuli\u00e8rement courts<\/strong> : 15 \u03bcs et 10 \u03bcs. Son profil\u00e9 noir en aluminium s\u2019av\u00e8re tr\u00e8s <strong>robuste<\/strong>, et poss\u00e8de un indice de protection <strong>IP65<\/strong>. Il permet de dissiper la chaleur \u00e9mise par les leds, pour une long\u00e9vit\u00e9 am\u00e9lior\u00e9e. Des leds t\u00e9moins \u00e0 la base du connecteur signalent la mise sous tension de l\u2019appareil.<\/p>\n<ul>\n<li>Haute puissance lumineuse<\/li>\n<li>Temps de mont\u00e9e: 15 \u03bcs<\/li>\n<li>De 125 \u00e0 1250mm<\/li>\n<\/ul>\n<p><strong>INFO UV :<\/strong> dans le spectre lumineux, les rayons UV (Ultra Violet) correspondent aux rayonnements \u00e9lectromagn\u00e9tiques situ\u00e9s entre 280 et 400 nm (rayonnements visibles : entre 400 et 800 nm). Tout l\u2019int\u00e9r\u00eat de l\u2019UV r\u00e9side dans le fait que, bien qu\u2019invisible \u00e0 l\u2019oeil nu, il peut \u00eatre observ\u00e9 par fluorescence : certains corps, soumis \u00e0 une longueur d\u2019ondes UV, r\u00e9-\u00e9mettent une lumi\u00e8re visible. C\u2019est le principe de la lumi\u00e8re noire et de la d\u00e9tection des faux billets.<\/p>\n","protected":false},"featured_media":23976,"comment_status":"closed","ping_status":"closed","template":"","meta":{"_seopress_robots_primary_cat":"none","_seopress_titles_title":"","_seopress_titles_desc":"Barre d'\u00e9clairage UV pour applications de vision industrielle. \u00c9clairage UV 405 nm pour l'inspection UV, jusqu'\u00e0 1,5 m de longueur. Version Link disponible.  ","_seopress_robots_index":"","_monsterinsights_skip_tracking":false,"_monsterinsights_sitenote_active":false,"_monsterinsights_sitenote_note":"","_monsterinsights_sitenote_category":0},"product_cat":[69],"product_tag":[],"_links":{"self":[{"href":"https:\/\/www.tpl-vision.com\/fr\/wp-json\/wp\/v2\/product\/2622"}],"collection":[{"href":"https:\/\/www.tpl-vision.com\/fr\/wp-json\/wp\/v2\/product"}],"about":[{"href":"https:\/\/www.tpl-vision.com\/fr\/wp-json\/wp\/v2\/types\/product"}],"replies":[{"embeddable":true,"href":"https:\/\/www.tpl-vision.com\/fr\/wp-json\/wp\/v2\/comments?post=2622"}],"wp:featuredmedia":[{"embeddable":true,"href":"https:\/\/www.tpl-vision.com\/fr\/wp-json\/wp\/v2\/media\/23976"}],"wp:attachment":[{"href":"https:\/\/www.tpl-vision.com\/fr\/wp-json\/wp\/v2\/media?parent=2622"}],"wp:term":[{"taxonomy":"product_cat","embeddable":true,"href":"https:\/\/www.tpl-vision.com\/fr\/wp-json\/wp\/v2\/product_cat?post=2622"},{"taxonomy":"product_tag","embeddable":true,"href":"https:\/\/www.tpl-vision.com\/fr\/wp-json\/wp\/v2\/product_tag?post=2622"}],"curies":[{"name":"wp","href":"https:\/\/api.w.org\/{rel}","templated":true}]}}