{"id":2632,"date":"2022-10-25T15:09:45","date_gmt":"2022-10-25T13:09:45","guid":{"rendered":"https:\/\/www.tpl-vision.com\/overview\/non%20class\u00e9\/high-power-hpring-uv-405\/"},"modified":"2025-10-06T11:58:30","modified_gmt":"2025-10-06T09:58:30","slug":"high-power-hpring-uv-405","status":"publish","type":"product","link":"https:\/\/www.tpl-vision.com\/fr\/vuedensemble\/ring-fr\/high-power-hpring-uv-405\/","title":{"rendered":"High Power HPRING UV 405"},"content":{"rendered":"\n<h2 class=\"wp-block-heading\">Informations techniques<\/h2>\n\n\n\n<p><em>Veuillez cliquer sur les onglets ci-dessous.<\/em><\/p>\n\n\n\n<div class=\"wp-block-pb-accordion-item c-accordion__item js-accordion-item no-js\" data-initially-open=\"false\" data-click-to-close=\"true\" data-auto-close=\"true\" data-scroll=\"false\" data-scroll-offset=\"0\"><h3 id=\"at-26320\" class=\"c-accordion__title js-accordion-controller\" role=\"button\">M\u00e9thode d&rsquo;\u00e9clairage<\/h3><div id=\"ac-26320\" class=\"c-accordion__content\">\n<figure class=\"wp-block-image size-full is-resized\"><img fetchpriority=\"high\" decoding=\"async\" width=\"500\" height=\"500\" src=\"https:\/\/www.tpl-vision.com\/wp-content\/uploads\/2022\/10\/TPL_LightingMethod_RING_DIRECT.jpg\" alt=\"\" class=\"wp-image-2761\" style=\"width:381px;height:381px\" srcset=\"https:\/\/www.tpl-vision.com\/wp-content\/uploads\/2022\/10\/TPL_LightingMethod_RING_DIRECT.jpg 500w, https:\/\/www.tpl-vision.com\/wp-content\/uploads\/2022\/10\/TPL_LightingMethod_RING_DIRECT-300x300.jpg 300w, https:\/\/www.tpl-vision.com\/wp-content\/uploads\/2022\/10\/TPL_LightingMethod_RING_DIRECT-150x150.jpg 150w, https:\/\/www.tpl-vision.com\/wp-content\/uploads\/2022\/10\/TPL_LightingMethod_RING_DIRECT-100x100.jpg 100w, https:\/\/www.tpl-vision.com\/wp-content\/uploads\/2022\/10\/TPL_LightingMethod_RING_DIRECT-50x50.jpg 50w, https:\/\/www.tpl-vision.com\/wp-content\/uploads\/2022\/10\/TPL_LightingMethod_RING_DIRECT-40x40.jpg 40w, https:\/\/www.tpl-vision.com\/wp-content\/uploads\/2022\/10\/TPL_LightingMethod_RING_DIRECT-55x55.jpg 55w\" sizes=\"(max-width: 500px) 100vw, 500px\" \/><\/figure>\n<\/div><\/div>\n\n\n\n<div class=\"wp-block-pb-accordion-item c-accordion__item js-accordion-item no-js\" data-initially-open=\"false\" data-click-to-close=\"true\" data-auto-close=\"true\" data-scroll=\"false\" data-scroll-offset=\"0\"><h3 id=\"at-26321\" class=\"c-accordion__title js-accordion-controller\" role=\"button\">Constructeur de r\u00e9f\u00e9rence<\/h3><div id=\"ac-26321\" class=\"c-accordion__content\">\n<figure class=\"wp-block-image size-full\"><a href=\"https:\/\/www.tpl-vision.com\/wp-content\/uploads\/2023\/01\/TPL_HPRING_UV405_Reference_Builder_FR.jpg\"><img decoding=\"async\" src=\"https:\/\/www.tpl-vision.com\/wp-content\/uploads\/2023\/01\/TPL_HPRING_UV405_Reference_Builder_FR.jpg\" alt=\"\" class=\"wp-image-9259\"\/><\/a><\/figure>\n<\/div><\/div>\n","protected":false},"excerpt":{"rendered":"<p>Compos\u00e9 de 12 leds UV 405 nm haute puissance, le <strong>HPRING UV<\/strong> figure assur\u00e9ment <strong>parmi les \u00e9clairages les plus puissants<\/strong> de la gamme TPL Vision. Il s\u2019av\u00e8re particuli\u00e8rement utile pour l\u2019\u00e9clairage directif de surfaces circulaires, que ce soit en mode continu ou en mode strobe. Son <strong>large diam\u00e8tre interne<\/strong> en fait le compagnon id\u00e9al des cam\u00e9ras sp\u00e9cialis\u00e9es, y compris quand celles-ci sont \u00e9quip\u00e9es de larges objectifs. Le HPRING UV r\u00e9v\u00e8le tout son potentiel dans <strong>la d\u00e9tection d\u2019agents azurants<\/strong> : il contribue \u00e0 un meilleur contr\u00f4le des d\u00e9fauts d\u2019assemblage, \u00e0 la mise en \u00e9vidence de manques de mati\u00e8res et \u00e0 la lecture rapide et efficace de marquages UV.<\/p>\n<ul>\n<li>12 LEDS UV 405nm<\/li>\n<li>MODES CONTINU OU STROBE<\/li>\n<li>ADAPT\u00c9 AUX GRANDS OBJECTIFS<\/li>\n<\/ul>\n","protected":false},"featured_media":24027,"comment_status":"closed","ping_status":"closed","template":"","meta":{"_seopress_robots_primary_cat":"none","_seopress_titles_title":"","_seopress_titles_desc":"Annulaire UV avec 12 LED puissantes pour l'inspection par vision industrielle. Compatible avec les cam\u00e9ras de vision les plus puissantes. ","_seopress_robots_index":"","_monsterinsights_skip_tracking":false,"_monsterinsights_sitenote_active":false,"_monsterinsights_sitenote_note":"","_monsterinsights_sitenote_category":0},"product_cat":[83],"product_tag":[],"_links":{"self":[{"href":"https:\/\/www.tpl-vision.com\/fr\/wp-json\/wp\/v2\/product\/2632"}],"collection":[{"href":"https:\/\/www.tpl-vision.com\/fr\/wp-json\/wp\/v2\/product"}],"about":[{"href":"https:\/\/www.tpl-vision.com\/fr\/wp-json\/wp\/v2\/types\/product"}],"replies":[{"embeddable":true,"href":"https:\/\/www.tpl-vision.com\/fr\/wp-json\/wp\/v2\/comments?post=2632"}],"wp:featuredmedia":[{"embeddable":true,"href":"https:\/\/www.tpl-vision.com\/fr\/wp-json\/wp\/v2\/media\/24027"}],"wp:attachment":[{"href":"https:\/\/www.tpl-vision.com\/fr\/wp-json\/wp\/v2\/media?parent=2632"}],"wp:term":[{"taxonomy":"product_cat","embeddable":true,"href":"https:\/\/www.tpl-vision.com\/fr\/wp-json\/wp\/v2\/product_cat?post=2632"},{"taxonomy":"product_tag","embeddable":true,"href":"https:\/\/www.tpl-vision.com\/fr\/wp-json\/wp\/v2\/product_tag?post=2632"}],"curies":[{"name":"wp","href":"https:\/\/api.w.org\/{rel}","templated":true}]}}