{"id":4220,"date":"2022-11-08T16:35:45","date_gmt":"2022-11-08T15:35:45","guid":{"rendered":"https:\/\/www.tpl-vision.com\/overview\/non%20class\u00e9\/tpl-mount-sback-square1\/"},"modified":"2025-12-17T11:54:08","modified_gmt":"2025-12-17T10:54:08","slug":"tpl-mount-sback-square1","status":"publish","type":"product","link":"https:\/\/www.tpl-vision.com\/fr\/vuedensemble\/accessoires-fr\/mounting-devices-fr\/tpl-mount-sback-square1\/","title":{"rendered":"TPL-MOUNT-SBACK-SQUARE1"},"content":{"rendered":"\n<h2 class=\"wp-block-heading\">R\u00e9f\u00e9rence<\/h2>\n\n<p>TPL-MOUNT-SBACK-SQUARE1<\/p>\n","protected":false},"excerpt":{"rendered":"<p>\u00c9querres de fixation pour petit backlight (lot de 2).<\/p>\n<p>Remarque: plusieurs accessoires de fixation peuvent \u00eatre n\u00e9cessaires selon la taille du produit command\u00e9 et les sp\u00e9cificit\u00e9s du syst\u00e8me de vision. En cas de doute, n\u2019h\u00e9sitez pas \u00e0 contacter l&rsquo;\u00e9quipe TPL Vision.<\/p>\n<p>Accessoire compatible avec les produits suivants :<\/p>\n<ul>\n<li>Collimated Small CSBACK<\/li>\n<li>Small SBACK II<\/li>\n<\/ul>\n","protected":false},"featured_media":3926,"comment_status":"closed","ping_status":"closed","template":"","meta":{"_seopress_robots_primary_cat":"none","_seopress_titles_title":"","_seopress_titles_desc":"","_seopress_robots_index":"","_monsterinsights_skip_tracking":false,"_monsterinsights_sitenote_active":false,"_monsterinsights_sitenote_note":"","_monsterinsights_sitenote_category":0},"product_cat":[59,105],"product_tag":[],"_links":{"self":[{"href":"https:\/\/www.tpl-vision.com\/fr\/wp-json\/wp\/v2\/product\/4220"}],"collection":[{"href":"https:\/\/www.tpl-vision.com\/fr\/wp-json\/wp\/v2\/product"}],"about":[{"href":"https:\/\/www.tpl-vision.com\/fr\/wp-json\/wp\/v2\/types\/product"}],"replies":[{"embeddable":true,"href":"https:\/\/www.tpl-vision.com\/fr\/wp-json\/wp\/v2\/comments?post=4220"}],"wp:featuredmedia":[{"embeddable":true,"href":"https:\/\/www.tpl-vision.com\/fr\/wp-json\/wp\/v2\/media\/3926"}],"wp:attachment":[{"href":"https:\/\/www.tpl-vision.com\/fr\/wp-json\/wp\/v2\/media?parent=4220"}],"wp:term":[{"taxonomy":"product_cat","embeddable":true,"href":"https:\/\/www.tpl-vision.com\/fr\/wp-json\/wp\/v2\/product_cat?post=4220"},{"taxonomy":"product_tag","embeddable":true,"href":"https:\/\/www.tpl-vision.com\/fr\/wp-json\/wp\/v2\/product_tag?post=4220"}],"curies":[{"name":"wp","href":"https:\/\/api.w.org\/{rel}","templated":true}]}}