{"id":4233,"date":"2022-10-25T17:15:44","date_gmt":"2022-10-25T15:15:44","guid":{"rendered":"https:\/\/www.tpl-vision.com\/overview\/non%20class\u00e9\/lunette-de-protection\/"},"modified":"2025-06-25T11:04:00","modified_gmt":"2025-06-25T09:04:00","slug":"protection-glasses","status":"publish","type":"product","link":"https:\/\/www.tpl-vision.com\/fr\/vuedensemble\/accessoires-fr\/lunettes-de-protection-fr\/protection-glasses\/","title":{"rendered":"Lunette de protection"},"content":{"rendered":"\n<h2 class=\"wp-block-heading\">R\u00e9f\u00e9rence<\/h2>\n\n<p>EYE-PROTECT<\/p>\n","protected":false},"excerpt":{"rendered":"<p>TPL Vision encourage tous les utilisateurs d\u2019\u00e9clairages \u00e0 leds \u00e0 se munir au quotidien du <strong>maximum de protections<\/strong>. Dans cette optique, la soci\u00e9t\u00e9 propose des <strong>lunettes de protection<\/strong> con\u00e7ues pour offrir une <strong>protection optimale<\/strong> sur un large spectre lumineux : de 350 nm \u00e0 1 000 nm, ce qui couvre toutes les longueurs d\u2019ondes utilis\u00e9es par la TPL Vision.<\/p>\n<ul>\n<li>PROTECTION SUR UN SPECTRE LUMINEUX DE 350 NM \u00c0 1 000 NM,<\/li>\n<li>R\u00c9SISTANCE \u00c0 LA BU\u00c9E,<\/li>\n<li>TEMP\u00c9RATURES D\u2019UTILISATION ENTRE -5\u00b0C ET +55\u00b0C,<\/li>\n<li>BRANCHES R\u00c9GLABLES EN LONGUEUR,<\/li>\n<li>PROTECTION LAT\u00c9RALES.<\/li>\n<\/ul>\n","protected":false},"featured_media":4156,"comment_status":"closed","ping_status":"closed","template":"","meta":{"_seopress_robots_primary_cat":"none","_seopress_titles_title":"","_seopress_titles_desc":"","_seopress_robots_index":"","_monsterinsights_skip_tracking":false,"_monsterinsights_sitenote_active":false,"_monsterinsights_sitenote_note":"","_monsterinsights_sitenote_category":0},"product_cat":[59,435],"product_tag":[],"_links":{"self":[{"href":"https:\/\/www.tpl-vision.com\/fr\/wp-json\/wp\/v2\/product\/4233"}],"collection":[{"href":"https:\/\/www.tpl-vision.com\/fr\/wp-json\/wp\/v2\/product"}],"about":[{"href":"https:\/\/www.tpl-vision.com\/fr\/wp-json\/wp\/v2\/types\/product"}],"replies":[{"embeddable":true,"href":"https:\/\/www.tpl-vision.com\/fr\/wp-json\/wp\/v2\/comments?post=4233"}],"wp:featuredmedia":[{"embeddable":true,"href":"https:\/\/www.tpl-vision.com\/fr\/wp-json\/wp\/v2\/media\/4156"}],"wp:attachment":[{"href":"https:\/\/www.tpl-vision.com\/fr\/wp-json\/wp\/v2\/media?parent=4233"}],"wp:term":[{"taxonomy":"product_cat","embeddable":true,"href":"https:\/\/www.tpl-vision.com\/fr\/wp-json\/wp\/v2\/product_cat?post=4233"},{"taxonomy":"product_tag","embeddable":true,"href":"https:\/\/www.tpl-vision.com\/fr\/wp-json\/wp\/v2\/product_tag?post=4233"}],"curies":[{"name":"wp","href":"https:\/\/api.w.org\/{rel}","templated":true}]}}