{"id":4234,"date":"2022-10-25T17:09:26","date_gmt":"2022-10-25T15:09:26","guid":{"rendered":"https:\/\/www.tpl-vision.com\/overview\/non%20class\u00e9\/filtres\/"},"modified":"2025-06-24T14:23:06","modified_gmt":"2025-06-24T12:23:06","slug":"filters","status":"publish","type":"product","link":"https:\/\/www.tpl-vision.com\/fr\/vuedensemble\/accessoires-fr\/filtres-fr\/filters\/","title":{"rendered":"Filtres"},"content":{"rendered":"\n<h2 class=\"wp-block-heading\">R\u00e9f\u00e9rences<\/h2>\n\n<figure class=\"wp-block-image size-full\"><a href=\"https:\/\/www.tpl-vision.com\/wp-content\/uploads\/2023\/01\/TPL_Filter_Table_FR.jpg\"><img decoding=\"async\" src=\"https:\/\/www.tpl-vision.com\/wp-content\/uploads\/2023\/01\/TPL_Filter_Table_FR.jpg\" alt=\"\" class=\"wp-image-10302\"\/><\/a><\/figure>\n","protected":false},"excerpt":{"rendered":"<p>TPL Vision distribue de nombreux <strong>filtres de couleur<\/strong> qui ont pour propri\u00e9t\u00e9 de ne laisser passer que <strong>certaines longueurs d\u2019ondes<\/strong> d\u00e9termin\u00e9es. Appliqu\u00e9s directement sur les cam\u00e9ras, ils pr\u00e9sentent la facult\u00e9 de supprimer les <strong>perturbations<\/strong> g\u00e9n\u00e9r\u00e9es par la lumi\u00e8re ambiante. L&rsquo;entreprise distribue des filtres adapt\u00e9s aux longueurs d&rsquo;onde employ\u00e9es pour la fabrication de ses \u00e9clairages.  <\/p>\n<ul>\n<li>Band Pass BP470 Bleu,<\/li>\n<li>Band Pass BP525 Vert,<\/li>\n<li>Band Pass BP635 Rouge,<\/li>\n<li>Long Pass LP415 UV,<\/li>\n<li>Long Pass LP830 IR,<\/li>\n<li>Polariser filter PR032T<\/li>\n<\/ul>\n","protected":false},"featured_media":4159,"comment_status":"closed","ping_status":"closed","template":"","meta":{"_seopress_robots_primary_cat":"none","_seopress_titles_title":"","_seopress_titles_desc":"D\u00e9couvrez la gamme de filtres de TPL Vision comprenant : des filtres passe-bande, des filtres passe-haut et des filtres polarisants. ","_seopress_robots_index":"","_monsterinsights_skip_tracking":false,"_monsterinsights_sitenote_active":false,"_monsterinsights_sitenote_note":"","_monsterinsights_sitenote_category":0},"product_cat":[59,434],"product_tag":[],"_links":{"self":[{"href":"https:\/\/www.tpl-vision.com\/fr\/wp-json\/wp\/v2\/product\/4234"}],"collection":[{"href":"https:\/\/www.tpl-vision.com\/fr\/wp-json\/wp\/v2\/product"}],"about":[{"href":"https:\/\/www.tpl-vision.com\/fr\/wp-json\/wp\/v2\/types\/product"}],"replies":[{"embeddable":true,"href":"https:\/\/www.tpl-vision.com\/fr\/wp-json\/wp\/v2\/comments?post=4234"}],"wp:featuredmedia":[{"embeddable":true,"href":"https:\/\/www.tpl-vision.com\/fr\/wp-json\/wp\/v2\/media\/4159"}],"wp:attachment":[{"href":"https:\/\/www.tpl-vision.com\/fr\/wp-json\/wp\/v2\/media?parent=4234"}],"wp:term":[{"taxonomy":"product_cat","embeddable":true,"href":"https:\/\/www.tpl-vision.com\/fr\/wp-json\/wp\/v2\/product_cat?post=4234"},{"taxonomy":"product_tag","embeddable":true,"href":"https:\/\/www.tpl-vision.com\/fr\/wp-json\/wp\/v2\/product_tag?post=4234"}],"curies":[{"name":"wp","href":"https:\/\/api.w.org\/{rel}","templated":true}]}}