{"id":4235,"date":"2022-10-25T17:07:56","date_gmt":"2022-10-25T15:07:56","guid":{"rendered":"https:\/\/www.tpl-vision.com\/overview\/non%20class\u00e9\/polarisant\/"},"modified":"2025-06-25T10:05:17","modified_gmt":"2025-06-25T08:05:17","slug":"bar-polariser","status":"publish","type":"product","link":"https:\/\/www.tpl-vision.com\/fr\/vuedensemble\/accessoires-fr\/polarisants-fr\/bar-polariser\/","title":{"rendered":"Polarisant BARRE"},"content":{"rendered":"\n<h2 class=\"wp-block-heading\">R\u00e9f\u00e9rence<\/h2>\n\n<figure class=\"wp-block-image size-full\"><a href=\"https:\/\/www.tpl-vision.com\/wp-content\/uploads\/2024\/01\/TPL_POLARISER_BAR_PLUS_RefBuilder_FR.jpg\"><img decoding=\"async\" src=\"https:\/\/www.tpl-vision.com\/wp-content\/uploads\/2024\/01\/TPL_POLARISER_BAR_PLUS_RefBuilder_FR-1.jpg\" alt=\"bar polariser\" class=\"wp-image-16519\"\/><\/a><\/figure>\n","protected":false},"excerpt":{"rendered":"<p>Fix\u00e9 entre les leds et le diffusant, le polarisant a pour effet de <strong>supprimer les reflets<\/strong> engendr\u00e9s par l\u2019\u00e9clairage sur les pi\u00e8ces \u00e0 contr\u00f4ler. La cam\u00e9ra, elle aussi \u00e9quip\u00e9e d\u2019un <strong>filtre polarisant<\/strong>, dit <strong>analyseur<\/strong>, peut d\u00e8s lors analyser la pi\u00e8ce, sans \u00eatre perturb\u00e9e par <strong>les effets de brillance<\/strong>. Le polarisant peut se r\u00e9v\u00e9ler utile pour effectuer du contr\u00f4le qualit\u00e9 sur des pi\u00e8ces emball\u00e9es dans <strong>des sachets plastiques transparents<\/strong>. Il est \u00e0 noter que le polarisant, disponible pour toutes les couleurs visibles, diminue fortement la puissance de l\u2019\u00e9clairage (de l\u2019ordre de 50%). <strong>Attention !<\/strong> Sa dur\u00e9e de vie \u00e9tant limit\u00e9e, il convient de r\u00e9guli\u00e8rement v\u00e9rifier que le polarisant a conserv\u00e9 toutes ses propri\u00e9t\u00e9s.<\/p>\n","protected":false},"featured_media":4495,"comment_status":"closed","ping_status":"closed","template":"","meta":{"_seopress_robots_primary_cat":"none","_seopress_titles_title":"","_seopress_titles_desc":"","_seopress_robots_index":"","_monsterinsights_skip_tracking":false,"_monsterinsights_sitenote_active":false,"_monsterinsights_sitenote_note":"","_monsterinsights_sitenote_category":0},"product_cat":[59,412],"product_tag":[],"_links":{"self":[{"href":"https:\/\/www.tpl-vision.com\/fr\/wp-json\/wp\/v2\/product\/4235"}],"collection":[{"href":"https:\/\/www.tpl-vision.com\/fr\/wp-json\/wp\/v2\/product"}],"about":[{"href":"https:\/\/www.tpl-vision.com\/fr\/wp-json\/wp\/v2\/types\/product"}],"replies":[{"embeddable":true,"href":"https:\/\/www.tpl-vision.com\/fr\/wp-json\/wp\/v2\/comments?post=4235"}],"wp:featuredmedia":[{"embeddable":true,"href":"https:\/\/www.tpl-vision.com\/fr\/wp-json\/wp\/v2\/media\/4495"}],"wp:attachment":[{"href":"https:\/\/www.tpl-vision.com\/fr\/wp-json\/wp\/v2\/media?parent=4235"}],"wp:term":[{"taxonomy":"product_cat","embeddable":true,"href":"https:\/\/www.tpl-vision.com\/fr\/wp-json\/wp\/v2\/product_cat?post=4235"},{"taxonomy":"product_tag","embeddable":true,"href":"https:\/\/www.tpl-vision.com\/fr\/wp-json\/wp\/v2\/product_tag?post=4235"}],"curies":[{"name":"wp","href":"https:\/\/api.w.org\/{rel}","templated":true}]}}