{"id":4237,"date":"2022-10-25T16:09:04","date_gmt":"2022-10-25T14:09:04","guid":{"rendered":"https:\/\/www.tpl-vision.com\/overview\/non%20class\u00e9\/optical-trigger\/"},"modified":"2025-06-25T10:56:44","modified_gmt":"2025-06-25T08:56:44","slug":"optical-trigger","status":"publish","type":"product","link":"https:\/\/www.tpl-vision.com\/fr\/vuedensemble\/accessoires-fr\/optical-trigger-fr\/optical-trigger\/","title":{"rendered":"Optical Trigger"},"content":{"rendered":"\n<h2 class=\"wp-block-heading\">Pr\u00e9sentation du produit<\/h2>\n\n          \n\n          <figure class=\"wp-block-embed is-type-video is-provider-vimeo wp-block-embed-vimeo wp-embed-aspect-16-9 wp-has-aspect-ratio\">\n            <div class=\"wp-block-embed__wrapper\">\n<iframe title=\"Optical Trigger by TPL Vision\" src=\"https:\/\/player.vimeo.com\/video\/766012307?h=ca944a9f96&amp;dnt=1&amp;app_id=122963\" width=\"800\" height=\"450\" frameborder=\"0\" allow=\"autoplay; fullscreen; picture-in-picture\" allowfullscreen><\/iframe>\n<\/div>\n          <\/figure>\n          \n\n        \n\n<div style=\"height:30px\" aria-hidden=\"true\" class=\"wp-block-spacer\"><\/div>\n\n<h2 class=\"wp-block-heading\">INTELLIGENT !<\/h2>\n\n<p>Chaque fois que l\u2019\u00e9clairage int\u00e9gr\u00e9 est allum\u00e9, l\u2019Optical Trigger envoie <strong>automatiquement<\/strong> un signal \u00e0 l\u2019\u00e9clairage externe.<\/p>\n\n<div class=\"wp-block-columns is-layout-flex wp-container-core-columns-layout-1 wp-block-columns-is-layout-flex\">\n<div class=\"wp-block-column is-layout-flow wp-block-column-is-layout-flow\">\n<ul>\n<li>SYNCHRONISATION AUTOMATIQUE AVEC LE LOGICIEL DE LA CAM\u00c9RA,<\/li>\n\n\n\n<li>FINI LES C\u00c2BLAGES COMPLEXES,<\/li>\n\n\n\n<li>GAIN DE TEMPS ET D\u2019ARGENT EN R\u00c9DUISANT LA DUR\u00c9E D\u2019INT\u00c9GRATION.<\/li>\n<\/ul>\n<\/div>\n\n\n\n<div class=\"wp-block-column is-layout-flow wp-block-column-is-layout-flow\">\n<figure class=\"wp-block-image size-full is-resized\"><img fetchpriority=\"high\" decoding=\"async\" src=\"https:\/\/www.tpl-vision.com\/wp-content\/uploads\/2022\/11\/TPL_Optical_Trigger_Camera_Illumination1-1.jpeg\" alt=\"\" class=\"wp-image-3413\" width=\"286\" height=\"325\" srcset=\"https:\/\/www.tpl-vision.com\/wp-content\/uploads\/2022\/11\/TPL_Optical_Trigger_Camera_Illumination1-1.jpeg 572w, https:\/\/www.tpl-vision.com\/wp-content\/uploads\/2022\/11\/TPL_Optical_Trigger_Camera_Illumination1-1-264x300.jpeg 264w, https:\/\/www.tpl-vision.com\/wp-content\/uploads\/2022\/11\/TPL_Optical_Trigger_Camera_Illumination1-1-154x175.jpeg 154w, https:\/\/www.tpl-vision.com\/wp-content\/uploads\/2022\/11\/TPL_Optical_Trigger_Camera_Illumination1-1-35x40.jpeg 35w, https:\/\/www.tpl-vision.com\/wp-content\/uploads\/2022\/11\/TPL_Optical_Trigger_Camera_Illumination1-1-48x55.jpeg 48w, https:\/\/www.tpl-vision.com\/wp-content\/uploads\/2022\/11\/TPL_Optical_Trigger_Camera_Illumination1-1-88x100.jpeg 88w\" sizes=\"(max-width: 286px) 100vw, 286px\" \/><\/figure>\n<\/div>\n<\/div>\n\n<div style=\"height:30px\" aria-hidden=\"true\" class=\"wp-block-spacer\"><\/div>\n\n<h2 class=\"wp-block-heading\">R\u00e9f\u00e9rence<\/h2>\n\n<p>OPTI-TRIG-X1<\/p>\n","protected":false},"excerpt":{"rendered":"<p><span class=\"s1\">D\u00e9couvrez le nouvel accessoire <strong>Optical Trigger<\/strong> de TPL Vision, un outil ing\u00e9nieux qui vous permet d\u2019\u00e9conomiser du temps lors de l\u2019int\u00e9gration de l\u2019\u00e9clairage dans le syst\u00e8me de vision. Gr\u00e2ce \u00e0 l\u2019Optical Trigger, ajouter un <strong>\u00e9clairage externe<\/strong> \u00e0 une cam\u00e9ra devient un jeu d\u2019enfant.<\/span> <span class=\"s1\">Avec l\u2019Optical Trigger, toute cam\u00e9ra dot\u00e9e d\u2019un <strong>\u00e9clairage int\u00e9gr\u00e9<\/strong> peut d\u00e9sormais facilement communiquer avec les \u00e9clairages TPL Vision, sans qu\u2019il ne soit n\u00e9cessaire de les c\u00e2bler. Placez l\u2019Optical Trigger en face de la cam\u00e9ra : d\u00e8s que l\u2019\u00e9clairage int\u00e9gr\u00e9 de la cam\u00e9ra est allum\u00e9, l\u2019Optical Trigger d\u00e9clenche <strong>automatiquement<\/strong> l\u2019allumage de l\u2019\u00e9clairage externe, de mani\u00e8re <strong>synchronis\u00e9e<\/strong>. <\/span> <span class=\"s1\">L\u2019Optical Trigger est tr\u00e8s <strong>r\u00e9actif<\/strong> : il a des temps de mont\u00e9e et de descente tr\u00e8s courts (4 \u00b5s).<\/span><\/p>\n","protected":false},"featured_media":4168,"comment_status":"closed","ping_status":"closed","template":"","meta":{"_seopress_robots_primary_cat":"none","_seopress_titles_title":"","_seopress_titles_desc":"","_seopress_robots_index":"","_monsterinsights_skip_tracking":false,"_monsterinsights_sitenote_active":false,"_monsterinsights_sitenote_note":"","_monsterinsights_sitenote_category":0},"product_cat":[59,430],"product_tag":[],"_links":{"self":[{"href":"https:\/\/www.tpl-vision.com\/fr\/wp-json\/wp\/v2\/product\/4237"}],"collection":[{"href":"https:\/\/www.tpl-vision.com\/fr\/wp-json\/wp\/v2\/product"}],"about":[{"href":"https:\/\/www.tpl-vision.com\/fr\/wp-json\/wp\/v2\/types\/product"}],"replies":[{"embeddable":true,"href":"https:\/\/www.tpl-vision.com\/fr\/wp-json\/wp\/v2\/comments?post=4237"}],"wp:featuredmedia":[{"embeddable":true,"href":"https:\/\/www.tpl-vision.com\/fr\/wp-json\/wp\/v2\/media\/4168"}],"wp:attachment":[{"href":"https:\/\/www.tpl-vision.com\/fr\/wp-json\/wp\/v2\/media?parent=4237"}],"wp:term":[{"taxonomy":"product_cat","embeddable":true,"href":"https:\/\/www.tpl-vision.com\/fr\/wp-json\/wp\/v2\/product_cat?post=4237"},{"taxonomy":"product_tag","embeddable":true,"href":"https:\/\/www.tpl-vision.com\/fr\/wp-json\/wp\/v2\/product_tag?post=4237"}],"curies":[{"name":"wp","href":"https:\/\/api.w.org\/{rel}","templated":true}]}}